{"id":4761,"date":"2025-07-31T17:58:13","date_gmt":"2025-07-31T15:58:13","guid":{"rendered":"https:\/\/joantrave.net\/docencia\/"},"modified":"2025-07-31T18:05:33","modified_gmt":"2025-07-31T16:05:33","slug":"docencia","status":"publish","type":"page","link":"https:\/\/joantrave.net\/es\/docencia\/","title":{"rendered":"Docencia"},"content":{"rendered":"<p>[et_pb_section fb_built=\u00bb1&#8243; _builder_version=\u00bb4.16&#8243; _module_preset=\u00bbdefault\u00bb custom_padding=\u00bb20px||14px|||\u00bb global_colors_info=\u00bb{}\u00bb][et_pb_row _builder_version=\u00bb4.27.2&#8243; _module_preset=\u00bbdefault\u00bb width=\u00bb90%\u00bb max_width=\u00bb1100px\u00bb module_alignment=\u00bbcenter\u00bb global_colors_info=\u00bb{}\u00bb][et_pb_column type=\u00bb4_4&#8243; _builder_version=\u00bb4.16&#8243; _module_preset=\u00bbdefault\u00bb global_colors_info=\u00bb{}\u00bb][et_pb_blurb title=\u00bbActividad pedag\u00f3gica\u00bb content_max_width=\u00bb850px\u00bb _builder_version=\u00bb4.27.4&#8243; _module_preset=\u00bbdefault\u00bb header_level=\u00bbh2&#8243; header_text_align=\u00bbcenter\u00bb header_font_size=\u00bb47px\u00bb text_orientation=\u00bbcenter\u00bb custom_margin=\u00bb||||false|false\u00bb animation_direction=\u00bbright\u00bb animation=\u00bboff\u00bb header_font_size_tablet=\u00bb75px\u00bb header_font_size_phone=\u00bb52px\u00bb header_font_size_last_edited=\u00bbon|phone\u00bb global_colors_info=\u00bb{}\u00bb][\/et_pb_blurb][et_pb_text _builder_version=\u00bb4.27.4&#8243; _module_preset=\u00bbdefault\u00bb global_colors_info=\u00bb{}\u00bb]<\/p>\n<p class=\"p1\">Soy profesor de fortepiano en la Hochschule f\u00fcr Musik und Darstellende Kunst Frankfurt am Main y profesor de piano en el Conservatorio Peter Cornelius de Mainz. Abajo encontrar\u00e1 los enlaces a las p\u00e1ginas web de ambas instituciones y a sus respectivos planes de estudio. Para cualquier consulta sobre los estudios, no dude en contactarme. Tambi\u00e9n ofrezco clases particulares de fortepiano en mi estudio de Frankfurt.<\/p>\n<p>[\/et_pb_text][\/et_pb_column][\/et_pb_row][et_pb_row column_structure=\u00bb1_2,1_2&#8243; _builder_version=\u00bb4.27.2&#8243; _module_preset=\u00bbdefault\u00bb width=\u00bb90%\u00bb max_width=\u00bb1100px\u00bb module_alignment=\u00bbcenter\u00bb global_colors_info=\u00bb{}\u00bb][et_pb_column type=\u00bb1_2&#8243; _builder_version=\u00bb4.27.2&#8243; _module_preset=\u00bbdefault\u00bb global_colors_info=\u00bb{}\u00bb][et_pb_image src=\u00bbhttps:\/\/joantrave.net\/wp-content\/uploads\/2025\/06\/HfMDK-Frankfurt-am-Main-2018-cHighvisionmedia-scaled.jpg\u00bb alt=\u00bbJoan Trav\u00e9, piano &#8211; fortepi\u00e0. Score\u00bb title_text=\u00bbHfMDK Frankfurt am Main 2018 (c)Highvisionmedia\u00bb _builder_version=\u00bb4.27.4&#8243; _module_preset=\u00bbdefault\u00bb min_height=\u00bb339.6px\u00bb custom_padding=\u00bb||0px|||\u00bb global_colors_info=\u00bb{}\u00bb][\/et_pb_image][\/et_pb_column][et_pb_column type=\u00bb1_2&#8243; _builder_version=\u00bb4.27.0&#8243; _module_preset=\u00bbdefault\u00bb global_colors_info=\u00bb{}\u00bb][et_pb_image src=\u00bbhttps:\/\/joantrave.net\/wp-content\/uploads\/2025\/06\/Bildschirmfoto-2025-06-19-um-19.55.05.jpeg\u00bb alt=\u00bbJoan Trav\u00e9, piano &#8211; fortepi\u00e0. Score\u00bb title_text=\u00bbScreenshot\u00bb disabled_on=\u00bbon|off|off\u00bb _builder_version=\u00bb4.27.4&#8243; _module_preset=\u00bbdefault\u00bb global_colors_info=\u00bb{}\u00bb][\/et_pb_image][\/et_pb_column][\/et_pb_row][et_pb_row column_structure=\u00bb1_2,1_2&#8243; _builder_version=\u00bb4.27.4&#8243; _module_preset=\u00bbdefault\u00bb width=\u00bb90%\u00bb max_width=\u00bb1100px\u00bb module_alignment=\u00bbcenter\u00bb global_colors_info=\u00bb{}\u00bb][et_pb_column type=\u00bb1_2&#8243; _builder_version=\u00bb4.27.0&#8243; _module_preset=\u00bbdefault\u00bb global_colors_info=\u00bb{}\u00bb][et_pb_blurb title=\u00bbUniversidad de M\u00fasica y Artes Esc\u00e9nicas de Frankfurt\u00bb url_new_window=\u00bbon\u00bb content_max_width=\u00bb1100px\u00bb _builder_version=\u00bb4.27.4&#8243; _module_preset=\u00bbdefault\u00bb header_level=\u00bbh3&#8243; header_font_size=\u00bb40px\u00bb body_text_color=\u00bb#000000&#8243; body_line_height=\u00bb1.6em\u00bb custom_padding=\u00bb0px||0px|||\u00bb animation_direction=\u00bbright\u00bb animation=\u00bboff\u00bb link_option_url_new_window=\u00bbon\u00bb body_font_size_tablet=\u00bb20px\u00bb body_font_size_phone=\u00bb20px\u00bb body_font_size_last_edited=\u00bbon|phone\u00bb global_colors_info=\u00bb{}\u00bb]<\/p>\n<p><a href=\"https:\/\/www.hfmdk-frankfurt.de\/en\/page\/home\" target=\"_blank\" rel=\"noopener\"><span style=\"text-decoration: underline;\">Hochschule f\u00fcr Musik und Darstellende Kunst Frankfurt am Main &#8211; HfMDK<\/span><\/a><\/p>\n<p><span style=\"text-decoration: underline;\"><a href=\"https:\/\/www.hfmdk-frankfurt.de\/person\/joan-trave-pla\" target=\"_blank\" rel=\"noopener\">Profesor de fortepiano<\/a><\/span><\/p>\n<p>Plazos de inscripci\u00f3n y requisitos de acceso: <span style=\"text-decoration: underline;\"><a href=\"https:\/\/www.hfmdk-frankfurt.de\/en\/thema\/apply\" target=\"_blank\" rel=\"noopener noreferrer\">aqu\u00ed<\/a><\/span><\/p>\n<p>Programas de estudio en fortepiano:<\/p>\n<p>\u2022 Grado en interpretaci\u00f3n (Bachelor), especialidad fortepiano: <span style=\"text-decoration: underline;\"><a href=\"https:\/\/www.hfmdk-frankfurt.de\/en\/studiengang\/artistic-music-studies-kam-bachelor\" target=\"_blank\" rel=\"noopener noreferrer\">informaci\u00f3n aqu\u00ed<\/a><\/span><\/p>\n<p>\u2022 M\u00e1ster en interpretaci\u00f3n hist\u00f3rica, especialidad fortepiano: <span style=\"text-decoration: underline;\"><a href=\"https:\/\/www.hfmdk-frankfurt.de\/en\/studiengang\/historical-interpretation-practice-hip-master\" target=\"_blank\" rel=\"noopener noreferrer\">informaci\u00f3n aqu\u00ed<\/a><\/span><\/p>\n<p>\u2022 M\u00e1ster en interpretaci\u00f3n, especialidad fortepiano: <span style=\"text-decoration: underline;\"><a href=\"https:\/\/www.hfmdk-frankfurt.de\/en\/studiengang\/artistic-music-studies-kam-master\" target=\"_blank\" rel=\"noopener noreferrer\">informaci\u00f3n aqu\u00ed<\/a><\/span><\/p>\n<p>\u2022 Posgrado \u201cKonzertexamen\u201d, especialidad fortepiano: <span style=\"text-decoration: underline;\"><a href=\"https:\/\/www.hfmdk-frankfurt.de\/en\/studiengang\/concert-exam\" target=\"_blank\" rel=\"noopener noreferrer\">informaci\u00f3n aqu\u00ed<\/a><\/span><\/p>\n<p>[\/et_pb_blurb][\/et_pb_column][et_pb_column type=\u00bb1_2&#8243; _builder_version=\u00bb4.27.0&#8243; _module_preset=\u00bbdefault\u00bb global_colors_info=\u00bb{}\u00bb][et_pb_blurb title=\u00bbConservatorio Peter Cornelius de Mainz\u00bb url_new_window=\u00bbon\u00bb content_max_width=\u00bb1100px\u00bb _builder_version=\u00bb4.27.4&#8243; _module_preset=\u00bbdefault\u00bb header_level=\u00bbh3&#8243; header_font_size=\u00bb40px\u00bb body_text_color=\u00bb#000000&#8243; body_line_height=\u00bb1.6em\u00bb custom_padding=\u00bb0px||0px|||\u00bb animation_direction=\u00bbright\u00bb link_option_url_new_window=\u00bbon\u00bb body_font_size_tablet=\u00bb20px\u00bb body_font_size_phone=\u00bb20px\u00bb body_font_size_last_edited=\u00bbon|tablet\u00bb global_colors_info=\u00bb{}\u00bb]<\/p>\n<p><span style=\"text-decoration: underline;\"><a href=\"https:\/\/pck-mainz.de\" target=\"_blank\" rel=\"noopener\">Peter-Cornelius-Konservatorium Mainz<\/a><\/span><\/p>\n<p><a href=\"https:\/\/pck-mainz.de\/dozent-joan-trav\u00e9.html\" target=\"_blank\" rel=\"noopener\"><span style=\"text-decoration: underline;\">Profesor de piano<\/span><\/a><\/p>\n<p>Plazo de inscripci\u00f3n: <span style=\"text-decoration: underline;\"><a href=\"https:\/\/pck-mainz.de\/termine-studium\/\" target=\"_blank\" rel=\"noopener\">aqu\u00ed<\/a><\/span><\/p>\n<p>Requisitos de acceso: <span style=\"text-decoration: underline;\"><a href=\"https:\/\/pck-mainz.de\/bewerbung.html\" target=\"_blank\" rel=\"noopener\">aqu\u00ed<\/a><\/span><\/p>\n<p>Programas de estudio en piano:<\/p>\n<p>\u2022 Estudios superiores de pedagog\u00eda del piano: <span style=\"text-decoration: underline;\"><a href=\"https:\/\/pck-mainz.de\/studieng\u00e4nge\/musikpaedagogik\/\" target=\"_blank\" rel=\"noopener\">informaci\u00f3n aqu\u00ed<\/a><\/span><\/p>\n<p>\u2022 Posgrado en interpretaci\u00f3n, especialidad de piano: <span style=\"text-decoration: underline;\"><a href=\"https:\/\/pck-mainz.de\/studiengang-kuenstlerisches-aufbaustudium.html\" target=\"_blank\" rel=\"noopener\">informaci\u00f3n aqu\u00ed<\/a><\/span><\/p>\n<p>[\/et_pb_blurb][\/et_pb_column][\/et_pb_row][et_pb_row _builder_version=\u00bb4.27.4&#8243; _module_preset=\u00bbdefault\u00bb global_colors_info=\u00bb{}\u00bb][et_pb_column type=\u00bb4_4&#8243; _builder_version=\u00bb4.27.4&#8243; _module_preset=\u00bbdefault\u00bb global_colors_info=\u00bb{}\u00bb][et_pb_image src=\u00bbhttps:\/\/joantrave.net\/wp-content\/uploads\/2025\/06\/Joan-Trave-pianist-and-fortepianist.-Photo-by-Yat-Ho-Tsang-8-1.jpeg\u00bb title_text=\u00bbJoan Trav\u00e9, pianist and fortepianist. Photo by Yat Ho Tsang &#8211; 8&#8243; _builder_version=\u00bb4.27.4&#8243; _module_preset=\u00bbdefault\u00bb global_colors_info=\u00bb{}\u00bb][\/et_pb_image][\/et_pb_column][\/et_pb_row][\/et_pb_section]<\/p>\n","protected":false},"excerpt":{"rendered":"<p>Soy profesor de fortepiano en la Hochschule f\u00fcr Musik und Darstellende Kunst Frankfurt am Main y profesor de piano en el Conservatorio Peter Cornelius de Mainz. Abajo encontrar\u00e1 los enlaces a las p\u00e1ginas web de ambas instituciones y a sus respectivos planes de estudio. Para cualquier consulta sobre los estudios, no dude en contactarme. Tambi\u00e9n [&hellip;]<\/p>\n","protected":false},"author":2,"featured_media":0,"parent":0,"menu_order":0,"comment_status":"closed","ping_status":"closed","template":"","meta":{"_seopress_robots_primary_cat":"","_seopress_titles_title":"Actividad pedag\u00f3gica del pianista y fortepianista Joan Trav\u00e9","_seopress_titles_desc":"Profesor superior de fortepiano en la Universidad de M\u00fasica y Artes Esc\u00e9nicas de Frankfurt am Main y profesor de piano en el Conservatorio Peter Cornelius de Mainz","_seopress_robots_index":"","_et_pb_use_builder":"on","_et_pb_old_content":"","_et_gb_content_width":"","footnotes":""},"class_list":["post-4761","page","type-page","status-publish","hentry"],"_links":{"self":[{"href":"https:\/\/joantrave.net\/es\/wp-json\/wp\/v2\/pages\/4761","targetHints":{"allow":["GET"]}}],"collection":[{"href":"https:\/\/joantrave.net\/es\/wp-json\/wp\/v2\/pages"}],"about":[{"href":"https:\/\/joantrave.net\/es\/wp-json\/wp\/v2\/types\/page"}],"author":[{"embeddable":true,"href":"https:\/\/joantrave.net\/es\/wp-json\/wp\/v2\/users\/2"}],"replies":[{"embeddable":true,"href":"https:\/\/joantrave.net\/es\/wp-json\/wp\/v2\/comments?post=4761"}],"version-history":[{"count":10,"href":"https:\/\/joantrave.net\/es\/wp-json\/wp\/v2\/pages\/4761\/revisions"}],"predecessor-version":[{"id":4771,"href":"https:\/\/joantrave.net\/es\/wp-json\/wp\/v2\/pages\/4761\/revisions\/4771"}],"wp:attachment":[{"href":"https:\/\/joantrave.net\/es\/wp-json\/wp\/v2\/media?parent=4761"}],"curies":[{"name":"wp","href":"https:\/\/api.w.org\/{rel}","templated":true}]}}