{"id":4731,"date":"2025-07-31T16:21:09","date_gmt":"2025-07-31T14:21:09","guid":{"rendered":"https:\/\/joantrave.net\/contacto\/"},"modified":"2025-07-31T16:21:11","modified_gmt":"2025-07-31T14:21:11","slug":"contacto","status":"publish","type":"page","link":"https:\/\/joantrave.net\/es\/contacto\/","title":{"rendered":"Contacto"},"content":{"rendered":"<p>[et_pb_section fb_built=\u00bb1&#8243; _builder_version=\u00bb4.27.0&#8243; _module_preset=\u00bbdefault\u00bb background_enable_color=\u00bboff\u00bb custom_padding=\u00bb12px|||||\u00bb locked=\u00bboff\u00bb global_colors_info=\u00bb{}\u00bb][et_pb_row column_structure=\u00bb1_3,2_3&#8243; custom_padding_last_edited=\u00bbon|phone\u00bb _builder_version=\u00bb4.27.4&#8243; _module_preset=\u00bbdefault\u00bb width=\u00bb90%\u00bb max_width=\u00bb1100px\u00bb module_alignment=\u00bbcenter\u00bb custom_padding_tablet=\u00bb\u00bb custom_padding_phone=\u00bb41px||||false|false\u00bb global_colors_info=\u00bb{}\u00bb][et_pb_column type=\u00bb1_3&#8243; _builder_version=\u00bb4.16&#8243; _module_preset=\u00bbdefault\u00bb global_colors_info=\u00bb{}\u00bb][et_pb_text disabled_on=\u00bbon|off|off\u00bb _builder_version=\u00bb4.27.4&#8243; _module_preset=\u00bbdefault\u00bb custom_padding=\u00bb||25px|||\u00bb global_colors_info=\u00bb{}\u00bb][\/et_pb_text][et_pb_blurb title=\u00bbJoan Trav\u00e9\u00bb content_max_width=\u00bb1100px\u00bb _builder_version=\u00bb4.27.4&#8243; _module_preset=\u00bbdefault\u00bb header_level=\u00bbh2&#8243; header_text_align=\u00bbcenter\u00bb header_font_size=\u00bb40px\u00bb body_text_align=\u00bbcenter\u00bb body_font_size=\u00bb22px\u00bb body_line_height=\u00bb1.6em\u00bb text_orientation=\u00bbcenter\u00bb min_height=\u00bb30px\u00bb custom_padding=\u00bb3px||0px|||\u00bb animation_direction=\u00bbright\u00bb animation=\u00bboff\u00bb locked=\u00bboff\u00bb global_colors_info=\u00bb{}\u00bb]<\/p>\n<p>Pianista y Fortepianista<\/p>\n<p>[\/et_pb_blurb][et_pb_blurb content_max_width=\u00bb1100px\u00bb _builder_version=\u00bb4.27.4&#8243; _module_preset=\u00bbdefault\u00bb header_level=\u00bbh3&#8243; header_font_size=\u00bb40px\u00bb body_text_align=\u00bbcenter\u00bb body_font_size=\u00bb22px\u00bb body_line_height=\u00bb1.6em\u00bb custom_padding=\u00bb0px||0px|||\u00bb animation_direction=\u00bbright\u00bb animation=\u00bboff\u00bb locked=\u00bboff\u00bb global_colors_info=\u00bb{}\u00bb]<\/p>\n<p><span style=\"font-size: medium;\"><strong><a href=\"mailto:joantravepla@gmail.com\">joantravepla@gmail.com<\/a><\/strong><\/span><\/p>\n<p><span style=\"font-size: medium;\"><a href=\"tel:+4917681926489\">+49 176 8192 6489<\/a><\/span><\/p>\n<p><span style=\"font-size: medium;\"><a href=\"tel:+34625720609\">+34 625 720 609<\/a><\/span><\/p>\n<p>[\/et_pb_blurb][et_pb_social_media_follow _builder_version=\u00bb4.27.4&#8243; _module_preset=\u00bbdefault\u00bb text_orientation=\u00bbcenter\u00bb width=\u00bb100%\u00bb global_colors_info=\u00bb{}\u00bb][et_pb_social_media_follow_network social_network=\u00bbfacebook\u00bb url=\u00bbhttps:\/\/www.facebook.com\/joantravepla\u00bb icon_color=\u00bb#551524&#8243; use_icon_font_size=\u00bbon\u00bb icon_font_size=\u00bb25px\u00bb _builder_version=\u00bb4.27.4&#8243; _module_preset=\u00bbdefault\u00bb global_colors_info=\u00bb{}\u00bb follow_button=\u00bboff\u00bb url_new_window=\u00bbon\u00bb]facebook[\/et_pb_social_media_follow_network][et_pb_social_media_follow_network social_network=\u00bbinstagram\u00bb url=\u00bbhttps:\/\/www.instagram.com\/joantrave.music\/\u00bb icon_color=\u00bb#551524&#8243; use_icon_font_size=\u00bbon\u00bb icon_font_size=\u00bb25px\u00bb _builder_version=\u00bb4.27.4&#8243; _module_preset=\u00bbdefault\u00bb global_colors_info=\u00bb{}\u00bb follow_button=\u00bboff\u00bb url_new_window=\u00bbon\u00bb]instagram[\/et_pb_social_media_follow_network][et_pb_social_media_follow_network social_network=\u00bbyoutube\u00bb url=\u00bbhttps:\/\/www.youtube.com\/@JoanTrave\u00bb icon_color=\u00bb#551524&#8243; use_icon_font_size=\u00bbon\u00bb icon_font_size=\u00bb25px\u00bb _builder_version=\u00bb4.27.4&#8243; _module_preset=\u00bbdefault\u00bb global_colors_info=\u00bb{}\u00bb follow_button=\u00bboff\u00bb url_new_window=\u00bbon\u00bb]youtube[\/et_pb_social_media_follow_network][\/et_pb_social_media_follow][\/et_pb_column][et_pb_column type=\u00bb2_3&#8243; _builder_version=\u00bb4.16&#8243; _module_preset=\u00bbdefault\u00bb global_colors_info=\u00bb{}\u00bb][et_pb_image src=\u00bbhttps:\/\/joantrave.net\/wp-content\/uploads\/2025\/06\/Joan-Trave-pianist-and-fortepianist.-Photo-by-Yat-Ho-Tsang-10-1.jpeg\u00bb title_text=\u00bbJoan Trav\u00e9, pianist and fortepianist. Photo by Yat Ho Tsang &#8211; 10&#8243; _builder_version=\u00bb4.27.4&#8243; _module_preset=\u00bbdefault\u00bb global_colors_info=\u00bb{}\u00bb][\/et_pb_image][\/et_pb_column][\/et_pb_row][\/et_pb_section]<\/p>\n","protected":false},"excerpt":{"rendered":"<p>Pianista y Fortepianistajoantravepla@gmail.com +49 176 8192 6489 +34 625 720 609<\/p>\n","protected":false},"author":2,"featured_media":0,"parent":0,"menu_order":0,"comment_status":"closed","ping_status":"closed","template":"","meta":{"_seopress_robots_primary_cat":"","_seopress_titles_title":"Contacto de Joan Trav\u00e9, pianista y fortepianista","_seopress_titles_desc":"Si desea contactar con el pianista y fortepianista Joan Trav\u00e9, aqu\u00ed tiene sus datos de contacto.","_seopress_robots_index":"","_et_pb_use_builder":"on","_et_pb_old_content":"","_et_gb_content_width":"","footnotes":""},"class_list":["post-4731","page","type-page","status-publish","hentry"],"_links":{"self":[{"href":"https:\/\/joantrave.net\/es\/wp-json\/wp\/v2\/pages\/4731","targetHints":{"allow":["GET"]}}],"collection":[{"href":"https:\/\/joantrave.net\/es\/wp-json\/wp\/v2\/pages"}],"about":[{"href":"https:\/\/joantrave.net\/es\/wp-json\/wp\/v2\/types\/page"}],"author":[{"embeddable":true,"href":"https:\/\/joantrave.net\/es\/wp-json\/wp\/v2\/users\/2"}],"replies":[{"embeddable":true,"href":"https:\/\/joantrave.net\/es\/wp-json\/wp\/v2\/comments?post=4731"}],"version-history":[{"count":2,"href":"https:\/\/joantrave.net\/es\/wp-json\/wp\/v2\/pages\/4731\/revisions"}],"predecessor-version":[{"id":4733,"href":"https:\/\/joantrave.net\/es\/wp-json\/wp\/v2\/pages\/4731\/revisions\/4733"}],"wp:attachment":[{"href":"https:\/\/joantrave.net\/es\/wp-json\/wp\/v2\/media?parent=4731"}],"curies":[{"name":"wp","href":"https:\/\/api.w.org\/{rel}","templated":true}]}}