{"id":4707,"date":"2025-07-31T16:03:09","date_gmt":"2025-07-31T14:03:09","guid":{"rendered":"https:\/\/joantrave.net\/inicio\/"},"modified":"2025-07-31T16:03:12","modified_gmt":"2025-07-31T14:03:12","slug":"inicio","status":"publish","type":"page","link":"https:\/\/joantrave.net\/es\/","title":{"rendered":"Inicio"},"content":{"rendered":"<p>[et_pb_section fb_built=\u00bb1&#8243; disabled_on=\u00bboff|on|on\u00bb _builder_version=\u00bb4.27.4&#8243; _module_preset=\u00bbdefault\u00bb background_color=\u00bb#551524&#8243; custom_padding=\u00bb16px||0px|||\u00bb global_colors_info=\u00bb{}\u00bb][et_pb_row _builder_version=\u00bb4.27.4&#8243; _module_preset=\u00bbdefault\u00bb global_colors_info=\u00bb{}\u00bb][et_pb_column type=\u00bb4_4&#8243; _builder_version=\u00bb4.27.4&#8243; _module_preset=\u00bbdefault\u00bb global_colors_info=\u00bb{}\u00bb][et_pb_blurb title=\u00bbJoan Trav\u00e9\u00bb _builder_version=\u00bb4.27.4&#8243; _module_preset=\u00bbdefault\u00bb header_level=\u00bbh1&#8243; header_font_size=\u00bb50px\u00bb body_font_size=\u00bb19px\u00bb text_orientation=\u00bbcenter\u00bb background_layout=\u00bbdark\u00bb custom_margin=\u00bb||16px|||\u00bb global_colors_info=\u00bb{}\u00bb]PIANISTA | FORTEPIANISTA[\/et_pb_blurb][\/et_pb_column][\/et_pb_row][\/et_pb_section][et_pb_section fb_built=\u00bb1&#8243; fullwidth=\u00bbon\u00bb _builder_version=\u00bb4.27.4&#8243; _module_preset=\u00bbdefault\u00bb collapsed=\u00bboff\u00bb global_colors_info=\u00bb{}\u00bb][et_pb_fullwidth_header title=\u00bbJoan Trav\u00e9\u00bb subhead=\u00bbPIANISTA | FORTEPIANISTA\u00bb text_orientation=\u00bbcenter\u00bb disabled_on=\u00bbon|off|off\u00bb _builder_version=\u00bb4.27.4&#8243; _module_preset=\u00bbdefault\u00bb title_font=\u00bb|300|||||||\u00bb title_font_size=\u00bb100px\u00bb content_font_size=\u00bb25px\u00bb subhead_text_color=\u00bb#FFFFFF\u00bb subhead_font_size=\u00bb25px\u00bb subhead_line_height=\u00bb1.1em\u00bb background_enable_color=\u00bboff\u00bb background_image=\u00bbhttps:\/\/joantrave.net\/wp-content\/uploads\/2025\/06\/Joan-Trave-pianist-and-fortepianist.-Photo-by-Yat-Ho-Tsang-2-scaled.jpg\u00bb custom_margin=\u00bb||||false|false\u00bb custom_padding=\u00bb323px||323px|500px|true|false\u00bb custom_padding_tablet=\u00bb200px||200px|500px|true|false\u00bb custom_padding_phone=\u00bb20px||20px|100px|true|false\u00bb custom_padding_last_edited=\u00bbon|phone\u00bb title_font_size_tablet=\u00bb65px\u00bb title_font_size_phone=\u00bb40px\u00bb title_font_size_last_edited=\u00bbon|phone\u00bb title_line_height_tablet=\u00bb\u00bb title_line_height_phone=\u00bb0.8em\u00bb title_line_height_last_edited=\u00bbon|phone\u00bb subhead_font_size_tablet=\u00bb25px\u00bb subhead_font_size_phone=\u00bb16px\u00bb subhead_font_size_last_edited=\u00bbon|phone\u00bb subhead_line_height_tablet=\u00bb1.1em\u00bb subhead_line_height_phone=\u00bb1.1em\u00bb subhead_line_height_last_edited=\u00bbon|phone\u00bb background_last_edited=\u00bboff|desktop\u00bb global_colors_info=\u00bb{}\u00bb][\/et_pb_fullwidth_header][\/et_pb_section][et_pb_section fb_built=\u00bb1&#8243; fullwidth=\u00bbon\u00bb disabled_on=\u00bboff|on|on\u00bb _builder_version=\u00bb4.27.4&#8243; _module_preset=\u00bbdefault\u00bb collapsed=\u00bboff\u00bb global_colors_info=\u00bb{}\u00bb][et_pb_fullwidth_image src=\u00bbhttps:\/\/joantrave.net\/wp-content\/uploads\/2025\/06\/Joan-Trave-pianist-and-fortepianist.-Photo-by-Yat-Ho-Tsang-5-1.jpeg\u00bb alt=\u00bbJoan Trav\u00e9, pianista y fortepianista\u00bb title_text=\u00bbJoan Trav\u00e9, pianist and fortepianist. Photo by Yat Ho Tsang &#8211; 5&#8243; _builder_version=\u00bb4.27.4&#8243; _module_preset=\u00bbdefault\u00bb global_colors_info=\u00bb{}\u00bb][\/et_pb_fullwidth_image][\/et_pb_section][et_pb_section fb_built=\u00bb1&#8243; disabled_on=\u00bbon|off|off\u00bb _builder_version=\u00bb4.27.4&#8243; _module_preset=\u00bbdefault\u00bb background_color=\u00bb#551524&#8243; custom_padding=\u00bb16px||0px|||\u00bb global_colors_info=\u00bb{}\u00bb][et_pb_row _builder_version=\u00bb4.27.4&#8243; _module_preset=\u00bbdefault\u00bb custom_padding=\u00bb39px||52px|||\u00bb global_colors_info=\u00bb{}\u00bb][et_pb_column type=\u00bb4_4&#8243; _builder_version=\u00bb4.27.4&#8243; _module_preset=\u00bbdefault\u00bb global_colors_info=\u00bb{}\u00bb][\/et_pb_column][\/et_pb_row][\/et_pb_section][et_pb_section fb_built=\u00bb1&#8243; _builder_version=\u00bb4.16&#8243; _module_preset=\u00bbdefault\u00bb custom_padding=\u00bb20px||14px|||\u00bb global_colors_info=\u00bb{}\u00bb][et_pb_row _builder_version=\u00bb4.27.2&#8243; _module_preset=\u00bbdefault\u00bb width=\u00bb90%\u00bb module_alignment=\u00bbcenter\u00bb custom_margin=\u00bb|76px||auto||\u00bb global_colors_info=\u00bb{}\u00bb][et_pb_column type=\u00bb4_4&#8243; _builder_version=\u00bb4.16&#8243; _module_preset=\u00bbdefault\u00bb global_colors_info=\u00bb{}\u00bb][et_pb_blurb title=\u00bbBiograf\u00eda\u00bb content_max_width=\u00bb1100px\u00bb _builder_version=\u00bb4.27.4&#8243; _module_preset=\u00bbdefault\u00bb header_level=\u00bbh2&#8243; header_text_align=\u00bbcenter\u00bb header_font_size=\u00bb47px\u00bb custom_margin=\u00bb||||false|false\u00bb animation_direction=\u00bbleft\u00bb animation=\u00bboff\u00bb hover_transition_duration=\u00bb0ms\u00bb header_font_size_tablet=\u00bb75px\u00bb header_font_size_phone=\u00bb70px\u00bb header_font_size_last_edited=\u00bboff|desktop\u00bb global_colors_info=\u00bb{}\u00bb][\/et_pb_blurb][et_pb_text disabled_on=\u00bbon|off|off\u00bb _builder_version=\u00bb4.27.4&#8243; _module_preset=\u00bbdefault\u00bb text_font_size=\u00bb22px\u00bb text_line_height=\u00bb1.3em\u00bb text_orientation=\u00bbcenter\u00bb module_alignment=\u00bbcenter\u00bb custom_margin=\u00bb-19px|||||\u00bb custom_padding=\u00bb9px||0px|||\u00bb animation_direction=\u00bbleft\u00bb locked=\u00bboff\u00bb global_colors_info=\u00bb{}\u00bb]<\/p>\n<p class=\"p1\">Pianista y fortepianista<\/p>\n<p class=\"p1\">Profesor en la Universidad de M\u00fasica y Artes Esc\u00e9nicas de Frankfurt<\/p>\n<p class=\"p1\">Profesor en el Conservatorio Peter Cornelius de Mainz<\/p>\n<p>[\/et_pb_text][et_pb_text disabled_on=\u00bboff|on|on\u00bb _builder_version=\u00bb4.27.4&#8243; _module_preset=\u00bbdefault\u00bb text_font_size=\u00bb19px\u00bb text_line_height=\u00bb1.3em\u00bb text_orientation=\u00bbcenter\u00bb module_alignment=\u00bbcenter\u00bb custom_margin=\u00bb-19px|||||\u00bb custom_padding=\u00bb||0px|||\u00bb animation_direction=\u00bbleft\u00bb locked=\u00bboff\u00bb global_colors_info=\u00bb{}\u00bb]<\/p>\n<p class=\"p1\">Pianista y fortepianista<\/p>\n<p class=\"p1\">Profesor en la Universidad de M\u00fasica y Artes Esc\u00e9nicas de Frankfurt<\/p>\n<p class=\"p1\">Profesor en el Conservatorio Peter Cornelius de Mainz<\/p>\n<p>[\/et_pb_text][\/et_pb_column][\/et_pb_row][et_pb_row column_structure=\u00bb1_2,1_2&#8243; _builder_version=\u00bb4.27.2&#8243; _module_preset=\u00bbdefault\u00bb width=\u00bb90%\u00bb global_colors_info=\u00bb{}\u00bb][et_pb_column type=\u00bb1_2&#8243; _builder_version=\u00bb4.27.0&#8243; _module_preset=\u00bbdefault\u00bb global_colors_info=\u00bb{}\u00bb][et_pb_text _builder_version=\u00bb4.27.4&#8243; _module_preset=\u00bbdefault\u00bb animation_direction=\u00bbright\u00bb global_colors_info=\u00bb{}\u00bb]<\/p>\n<p><span style=\"font-weight: 400;\">Joan Trav\u00e9 es pianista, fortepianista y profesor. Como m\u00fasico vers\u00e1til, se mueve con naturalidad entre instrumentos de tecla hist\u00f3ricos y el piano moderno. Su repertorio abarca desde el Renacimiento ingl\u00e9s hasta la m\u00fasica contempor\u00e1nea, con un enfoque especial en la interpretaci\u00f3n hist\u00f3ricamente informada.<\/span><\/p>\n<p><span style=\"font-weight: 400;\">Nacido en 1991 en Palma de Mallorca, Joan Trav\u00e9 debut\u00f3 como solista a los 16 a\u00f1os interpretando el Primer Concierto para piano de Beethoven. Desde entonces ha ofrecido conciertos en numerosos pa\u00edses europeos, en escenarios como la \u00d3pera de Frankfurt, el Festival Chopin de Valldemossa, el Teatro Estatal de Wiesbaden, el FEL!X urban Festival de Colonia o el Holzhausenschl\u00f6sschen de Frankfurt. Act\u00faa regularmente tanto como solista como en formaciones de m\u00fasica de c\u00e1mara.<\/span><\/p>\n<p><span style=\"font-weight: 400;\">En encuentros con m\u00fasicos como Lorenzo Coppola, Eva Maria Pollerus y Carmen Leoni, descubri\u00f3 su pasi\u00f3n por la interpretaci\u00f3n hist\u00f3rica y los instrumentos antiguos. Su formaci\u00f3n con Jesper Christensen en fortepiano e instrumentos hist\u00f3ricos del Romanticismo fue especialmente decisiva.<\/span><\/p>\n<p>[\/et_pb_text][et_pb_image src=\u00bbhttps:\/\/joantrave.net\/wp-content\/uploads\/2025\/06\/Joan-Trave-pianist-and-fortepianist.-Photo-by-Yat-Ho-Tsang-2-scaled.jpg\u00bb alt=\u00bbJoan Trav\u00e9, pianista y fortepianista\u00bb title_text=\u00bbJoan Trav\u00e9, pianist and fortepianist. Photo by Yat Ho Tsang &#8211; 2&#8243; disabled_on=\u00bboff|on|on\u00bb _builder_version=\u00bb4.27.4&#8243; _module_preset=\u00bbdefault\u00bb global_colors_info=\u00bb{}\u00bb][\/et_pb_image][\/et_pb_column][et_pb_column type=\u00bb1_2&#8243; _builder_version=\u00bb4.27.0&#8243; _module_preset=\u00bbdefault\u00bb global_colors_info=\u00bb{}\u00bb][et_pb_text _builder_version=\u00bb4.27.4&#8243; _module_preset=\u00bbdefault\u00bb animation_direction=\u00bbright\u00bb locked=\u00bboff\u00bb global_colors_info=\u00bb{}\u00bb]<\/p>\n<p><span style=\"font-weight: 400;\">Tiene un inter\u00e9s particular en la conexi\u00f3n entre interpretaci\u00f3n e investigaci\u00f3n: ya en 2011 present\u00f3 un estudio sobre el manuscrito del <\/span><i><span style=\"font-weight: 400;\">Nocturno en do sostenido menor op. post.<\/span><\/i><span style=\"font-weight: 400;\"> de Chopin en el Museo Chopin de Valldemossa. En 2022 llev\u00f3 a cabo un proyecto de investigaci\u00f3n art\u00edstica sobre la Pianoforte-Schule de Carl Czerny, financiado por el Institut d\u2019Estudis Bale\u00e0rics.<\/span><\/p>\n<p><span style=\"font-weight: 400;\">Se form\u00f3 inicialmente con Luc\u00eda Luque, Mar\u00eda Jes\u00fas Salv\u00e0 e Ireneusz Jagla. Posteriormente estudi\u00f3 piano con Miquel Estelrich y Manuel Carra en el Conservatorio Superior de las Islas Baleares. En la Hochschule f\u00fcr Musik und Darstellende Kunst de Frankfurt complet\u00f3 m\u00e1steres en piano (Prof. Catherine Vickers) y fortepiano (Prof. Jesper Christensen). Tambi\u00e9n estudi\u00f3 fisiolog\u00eda pian\u00edstica con Laurent Boullet, e improvisaci\u00f3n hist\u00f3rica y composici\u00f3n estil\u00edstica con Michael Koch.<\/span><\/p>\n<p><span style=\"font-weight: 400;\">Actualmente, Joan Trav\u00e9 es profesor de fortepiano en la Hochschule f\u00fcr Musik und Darstellende Kunst de Frankfurt y de piano en el Conservatorio Peter Cornelius de Maguncia, donde trabaja tanto con estudiantes superiores como con alumnos del programa de preparaci\u00f3n a los estudios superiores.<\/span><\/p>\n<p>[\/et_pb_text][et_pb_image src=\u00bbhttps:\/\/joantrave.net\/wp-content\/uploads\/2025\/06\/Joan-Trave-pianist-and-fortepianist.-Photo-by-Yat-Ho-Tsang-8-1.jpeg\u00bb alt=\u00bbJoan Trav\u00e9, pianista y fortepianista\u00bb title_text=\u00bbJoan Trav\u00e9, pianist and fortepianist. Photo by Yat Ho Tsang &#8211; 8&#8243; disabled_on=\u00bboff|on|on\u00bb _builder_version=\u00bb4.27.4&#8243; _module_preset=\u00bbdefault\u00bb global_colors_info=\u00bb{}\u00bb][\/et_pb_image][\/et_pb_column][\/et_pb_row][et_pb_row column_structure=\u00bb1_3,1_3,1_3&#8243; disabled_on=\u00bbon|off|off\u00bb _builder_version=\u00bb4.27.4&#8243; _module_preset=\u00bbdefault\u00bb global_colors_info=\u00bb{}\u00bb][et_pb_column type=\u00bb1_3&#8243; _builder_version=\u00bb4.27.4&#8243; _module_preset=\u00bbdefault\u00bb global_colors_info=\u00bb{}\u00bb][et_pb_image src=\u00bbhttps:\/\/joantrave.net\/wp-content\/uploads\/2025\/06\/Joan-Trave-pianist-and-fortepianist.-Photo-by-Yat-Ho-Tsang-1-1.jpeg\u00bb title_text=\u00bbJoan Trav\u00e9, pianist and fortepianist. Photo by Yat Ho Tsang &#8211; 1&#8243; disabled_on=\u00bbon|off|off\u00bb _builder_version=\u00bb4.27.4&#8243; _module_preset=\u00bbdefault\u00bb global_colors_info=\u00bb{}\u00bb][\/et_pb_image][\/et_pb_column][et_pb_column type=\u00bb1_3&#8243; _builder_version=\u00bb4.27.4&#8243; _module_preset=\u00bbdefault\u00bb global_colors_info=\u00bb{}\u00bb][et_pb_image src=\u00bbhttps:\/\/joantrave.net\/wp-content\/uploads\/2025\/06\/Joan-Trave-pianist-and-fortepianist.-Photo-by-Yat-Ho-Tsang-5-1.jpeg\u00bb title_text=\u00bbJoan Trav\u00e9, pianist and fortepianist. Photo by Yat Ho Tsang &#8211; 5&#8243; disabled_on=\u00bbon|off|off\u00bb _builder_version=\u00bb4.27.4&#8243; _module_preset=\u00bbdefault\u00bb global_colors_info=\u00bb{}\u00bb][\/et_pb_image][\/et_pb_column][et_pb_column type=\u00bb1_3&#8243; _builder_version=\u00bb4.27.4&#8243; _module_preset=\u00bbdefault\u00bb global_colors_info=\u00bb{}\u00bb][et_pb_image src=\u00bbhttps:\/\/joantrave.net\/wp-content\/uploads\/2025\/06\/Joan-Trave-pianist-and-fortepianist.-Photo-by-Yat-Ho-Tsang-9-1.jpeg\u00bb title_text=\u00bbJoan Trav\u00e9, pianist and fortepianist. Photo by Yat Ho Tsang &#8211; 9&#8243; disabled_on=\u00bbon|off|off\u00bb _builder_version=\u00bb4.27.4&#8243; _module_preset=\u00bbdefault\u00bb global_colors_info=\u00bb{}\u00bb][\/et_pb_image][\/et_pb_column][\/et_pb_row][et_pb_row _builder_version=\u00bb4.27.2&#8243; _module_preset=\u00bbdefault\u00bb width=\u00bb90%\u00bb module_alignment=\u00bbcenter\u00bb global_colors_info=\u00bb{}\u00bb][et_pb_column type=\u00bb4_4&#8243; _builder_version=\u00bb4.16&#8243; _module_preset=\u00bbdefault\u00bb global_colors_info=\u00bb{}\u00bb][et_pb_blurb title=\u00bbInterpretaci\u00f3n con fortepiano\u00bb content_max_width=\u00bb850px\u00bb _builder_version=\u00bb4.27.4&#8243; _module_preset=\u00bbdefault\u00bb header_level=\u00bbh2&#8243; header_text_align=\u00bbcenter\u00bb header_font_size=\u00bb47px\u00bb text_orientation=\u00bbcenter\u00bb custom_margin=\u00bb||||false|false\u00bb animation_direction=\u00bbright\u00bb animation=\u00bboff\u00bb header_font_size_tablet=\u00bb75px\u00bb header_font_size_phone=\u00bb52px\u00bb header_font_size_last_edited=\u00bbon|phone\u00bb global_colors_info=\u00bb{}\u00bb][\/et_pb_blurb][et_pb_text disabled_on=\u00bboff|off|off\u00bb _builder_version=\u00bb4.27.4&#8243; _module_preset=\u00bbdefault\u00bb text_font_size=\u00bb22px\u00bb text_line_height=\u00bb1.3em\u00bb text_orientation=\u00bbcenter\u00bb module_alignment=\u00bbcenter\u00bb custom_margin=\u00bb-21px|||||\u00bb animation_direction=\u00bbleft\u00bb global_colors_info=\u00bb{}\u00bb]<\/p>\n<p class=\"p1\">Joan Trav\u00e9 es un m\u00fasico especializado en la interpretaci\u00f3n con fortepiano, un instrumento que ofrece un acceso directo al mundo sonoro de los siglos XVIII y XIX.<\/p>\n<p>[\/et_pb_text][et_pb_image src=\u00bbhttps:\/\/joantrave.net\/wp-content\/uploads\/2025\/06\/Joan-Trave-pianist-and-fortepianist.-Photo-by-Yat-Ho-Tsang-6-1.jpeg\u00bb alt=\u00bbJoan Trave\u0301, piano &#8211; fortepiano. Walter 037&#8243; title_text=\u00bbJoan Trav\u00e9, pianist and fortepianist. Photo by Yat Ho Tsang &#8211; 6&#8243; align=\u00bbcenter\u00bb _builder_version=\u00bb4.27.4&#8243; _module_preset=\u00bbdefault\u00bb global_colors_info=\u00bb{}\u00bb][\/et_pb_image][\/et_pb_column][\/et_pb_row][et_pb_row _builder_version=\u00bb4.27.2&#8243; _module_preset=\u00bbdefault\u00bb width=\u00bb90%\u00bb module_alignment=\u00bbcenter\u00bb global_colors_info=\u00bb{}\u00bb][et_pb_column type=\u00bb4_4&#8243; _builder_version=\u00bb4.16&#8243; _module_preset=\u00bbdefault\u00bb global_colors_info=\u00bb{}\u00bb][et_pb_blurb title=\u00bbActividad pedag\u00f3gica\u00bb content_max_width=\u00bb850px\u00bb _builder_version=\u00bb4.27.4&#8243; _module_preset=\u00bbdefault\u00bb header_level=\u00bbh2&#8243; header_text_align=\u00bbcenter\u00bb header_font_size=\u00bb47px\u00bb text_orientation=\u00bbcenter\u00bb custom_margin=\u00bb||||false|false\u00bb animation_direction=\u00bbright\u00bb animation=\u00bboff\u00bb header_font_size_tablet=\u00bb75px\u00bb header_font_size_phone=\u00bb52px\u00bb header_font_size_last_edited=\u00bbon|phone\u00bb global_colors_info=\u00bb{}\u00bb][\/et_pb_blurb][et_pb_text disabled_on=\u00bboff|off|off\u00bb _builder_version=\u00bb4.27.4&#8243; _module_preset=\u00bbdefault\u00bb text_font_size=\u00bb22px\u00bb text_line_height=\u00bb1.3em\u00bb text_orientation=\u00bbcenter\u00bb module_alignment=\u00bbcenter\u00bb custom_margin=\u00bb-17px|||||\u00bb custom_padding=\u00bb||0px|||\u00bb animation_direction=\u00bbleft\u00bb global_colors_info=\u00bb{}\u00bb]<\/p>\n<p class=\"p1\">Joan Trav\u00e9 es profesor de fortepiano en la Universidad de M\u00fasica y Artes Esc\u00e9nicas de Frankfurt am Main y profesor de piano en el Conservatorio Peter Cornelius de Mainz.<\/p>\n<p>[\/et_pb_text][et_pb_button button_url=\u00bbhttps:\/\/joantrave.net\/docencia\/\u00bb button_text=\u00bbM\u00e1s informaci\u00f3n\u00bb button_alignment=\u00bbcenter\u00bb _builder_version=\u00bb4.27.4&#8243; _module_preset=\u00bbdefault\u00bb custom_button=\u00bbon\u00bb button_border_width=\u00bb2px\u00bb button_border_radius=\u00bb100px\u00bb global_colors_info=\u00bb{}\u00bb][\/et_pb_button][et_pb_image src=\u00bbhttps:\/\/joantrave.net\/wp-content\/uploads\/2025\/06\/Joan-Trave-pianist-and-fortepianist.-Photo-by-Yat-Ho-Tsang-4-1.jpeg\u00bb alt=\u00bbJoan Trave\u0301, piano &#8211; fortepiano. Walter 037&#8243; title_text=\u00bbJoan Trav\u00e9, pianist and fortepianist. Photo by Yat Ho Tsang &#8211; 4&#8243; align=\u00bbcenter\u00bb _builder_version=\u00bb4.27.4&#8243; _module_preset=\u00bbdefault\u00bb global_colors_info=\u00bb{}\u00bb][\/et_pb_image][\/et_pb_column][\/et_pb_row][\/et_pb_section]<\/p>\n","protected":false},"excerpt":{"rendered":"<p>PIANISTA | FORTEPIANISTAPianista y fortepianista Profesor en la Universidad de M\u00fasica y Artes Esc\u00e9nicas de Frankfurt Profesor en el Conservatorio Peter Cornelius de MainzPianista y fortepianista Profesor en la Universidad de M\u00fasica y Artes Esc\u00e9nicas de Frankfurt Profesor en el Conservatorio Peter Cornelius de MainzJoan Trav\u00e9 es pianista, fortepianista y profesor. Como m\u00fasico vers\u00e1til, se [&hellip;]<\/p>\n","protected":false},"author":2,"featured_media":0,"parent":0,"menu_order":0,"comment_status":"closed","ping_status":"closed","template":"","meta":{"_seopress_robots_primary_cat":"","_seopress_titles_title":"Joan Trav\u00e9 | Pianista y Fortepianista","_seopress_titles_desc":"Joan Trav\u00e9 es pianista, fortepianista y profesor en la Universidad de M\u00fasica y Artes Esc\u00e9nicas de Frankfurt.","_seopress_robots_index":"","_et_pb_use_builder":"on","_et_pb_old_content":"","_et_gb_content_width":"","footnotes":""},"class_list":["post-4707","page","type-page","status-publish","hentry"],"_links":{"self":[{"href":"https:\/\/joantrave.net\/es\/wp-json\/wp\/v2\/pages\/4707","targetHints":{"allow":["GET"]}}],"collection":[{"href":"https:\/\/joantrave.net\/es\/wp-json\/wp\/v2\/pages"}],"about":[{"href":"https:\/\/joantrave.net\/es\/wp-json\/wp\/v2\/types\/page"}],"author":[{"embeddable":true,"href":"https:\/\/joantrave.net\/es\/wp-json\/wp\/v2\/users\/2"}],"replies":[{"embeddable":true,"href":"https:\/\/joantrave.net\/es\/wp-json\/wp\/v2\/comments?post=4707"}],"version-history":[{"count":2,"href":"https:\/\/joantrave.net\/es\/wp-json\/wp\/v2\/pages\/4707\/revisions"}],"predecessor-version":[{"id":4709,"href":"https:\/\/joantrave.net\/es\/wp-json\/wp\/v2\/pages\/4707\/revisions\/4709"}],"wp:attachment":[{"href":"https:\/\/joantrave.net\/es\/wp-json\/wp\/v2\/media?parent=4707"}],"curies":[{"name":"wp","href":"https:\/\/api.w.org\/{rel}","templated":true}]}}