{"id":4663,"date":"2025-07-15T14:27:32","date_gmt":"2025-07-15T12:27:32","guid":{"rendered":"https:\/\/joantrave.net\/biografia\/"},"modified":"2025-07-15T14:28:20","modified_gmt":"2025-07-15T12:28:20","slug":"biografia","status":"publish","type":"page","link":"https:\/\/joantrave.net\/es\/biografia\/","title":{"rendered":"Biograf\u00eda"},"content":{"rendered":"<p>[et_pb_section fb_built=\u00bb1&#8243; _builder_version=\u00bb4.16&#8243; _module_preset=\u00bbdefault\u00bb custom_padding=\u00bb20px||14px|||\u00bb global_colors_info=\u00bb{}\u00bb][et_pb_row _builder_version=\u00bb4.27.2&#8243; _module_preset=\u00bbdefault\u00bb width=\u00bb90%\u00bb max_width=\u00bb1100px\u00bb module_alignment=\u00bbcenter\u00bb global_colors_info=\u00bb{}\u00bb][et_pb_column type=\u00bb4_4&#8243; _builder_version=\u00bb4.16&#8243; _module_preset=\u00bbdefault\u00bb global_colors_info=\u00bb{}\u00bb][et_pb_blurb title=\u00bbBiograf\u00eda\u00bb content_max_width=\u00bb1100px\u00bb _builder_version=\u00bb4.27.4&#8243; _module_preset=\u00bbdefault\u00bb header_level=\u00bbh1&#8243; header_text_align=\u00bbcenter\u00bb header_font_size=\u00bb47px\u00bb custom_margin=\u00bb||||false|false\u00bb animation_direction=\u00bbleft\u00bb animation=\u00bboff\u00bb global_colors_info=\u00bb{}\u00bb][\/et_pb_blurb][et_pb_text disabled_on=\u00bbon|off|off\u00bb _builder_version=\u00bb4.27.4&#8243; _module_preset=\u00bbdefault\u00bb text_font_size=\u00bb22px\u00bb text_line_height=\u00bb1.3em\u00bb text_orientation=\u00bbcenter\u00bb module_alignment=\u00bbcenter\u00bb custom_padding=\u00bb||0px|||\u00bb animation_direction=\u00bbright\u00bb global_colors_info=\u00bb{}\u00bb]<\/p>\n<p class=\"p1\">Pianista y fortepianista<\/p>\n<p class=\"p1\">Profesor en la Universidad de M\u00fasica y Artes Esc\u00e9nicas de Frankfurt<\/p>\n<p class=\"p1\">Profesor en el Conservatorio Peter Cornelius de Mainz<\/p>\n<p>[\/et_pb_text][et_pb_text disabled_on=\u00bboff|on|on\u00bb _builder_version=\u00bb4.27.4&#8243; _module_preset=\u00bbdefault\u00bb text_font_size=\u00bb22px\u00bb text_line_height=\u00bb1.3em\u00bb text_orientation=\u00bbcenter\u00bb module_alignment=\u00bbcenter\u00bb custom_padding=\u00bb||0px|||\u00bb animation_direction=\u00bbright\u00bb global_colors_info=\u00bb{}\u00bb]<\/p>\n<p class=\"p1\">Pianista y fortepianista<\/p>\n<p class=\"p1\">Profesor en la Universidad de M\u00fasica y Artes Esc\u00e9nicas de Frankfurt<\/p>\n<p class=\"p1\">Profesor en el Conservatorio Peter Cornelius de Mainz<\/p>\n<p>[\/et_pb_text][\/et_pb_column][\/et_pb_row][et_pb_row column_structure=\u00bb1_2,1_2&#8243; _builder_version=\u00bb4.27.2&#8243; _module_preset=\u00bbdefault\u00bb width=\u00bb90%\u00bb max_width=\u00bb1100px\u00bb module_alignment=\u00bbcenter\u00bb global_colors_info=\u00bb{}\u00bb][et_pb_column type=\u00bb1_2&#8243; _builder_version=\u00bb4.27.0&#8243; _module_preset=\u00bbdefault\u00bb global_colors_info=\u00bb{}\u00bb][et_pb_text _builder_version=\u00bb4.27.4&#8243; _module_preset=\u00bbdefault\u00bb animation_direction=\u00bbright\u00bb global_colors_info=\u00bb{}\u00bb]<\/p>\n<p><span style=\"font-weight: 400;\">Joan Trav\u00e9 es pianista, fortepianista y profesor. Como m\u00fasico vers\u00e1til, se mueve con naturalidad entre instrumentos de tecla hist\u00f3ricos y el piano moderno. Su repertorio abarca desde el Renacimiento ingl\u00e9s hasta la m\u00fasica contempor\u00e1nea, con un enfoque especial en la interpretaci\u00f3n hist\u00f3ricamente informada.<\/span><\/p>\n<p><span style=\"font-weight: 400;\">Nacido en 1991 en Palma de Mallorca, Joan Trav\u00e9 debut\u00f3 como solista a los 16 a\u00f1os interpretando el Primer Concierto para piano de Beethoven. Desde entonces ha ofrecido conciertos en numerosos pa\u00edses europeos, en escenarios como la \u00d3pera de Frankfurt, el Festival Chopin de Valldemossa, el Teatro Estatal de Wiesbaden, el FEL!X urban Festival de Colonia o el Holzhausenschl\u00f6sschen de Frankfurt. Act\u00faa regularmente tanto como solista como en formaciones de m\u00fasica de c\u00e1mara.<\/span><\/p>\n<p><span style=\"font-weight: 400;\">En encuentros con m\u00fasicos como Lorenzo Coppola, Eva Maria Pollerus y Carmen Leoni, descubri\u00f3 su pasi\u00f3n por la interpretaci\u00f3n hist\u00f3rica y los instrumentos antiguos. Su formaci\u00f3n con Jesper Christensen en fortepiano e instrumentos hist\u00f3ricos del Romanticismo fue especialmente decisiva.<\/span><\/p>\n<p><span style=\"font-weight: 400;\"><\/span><\/p>\n<p>[\/et_pb_text][et_pb_image src=\u00bbhttps:\/\/joantrave.net\/wp-content\/uploads\/2025\/06\/Joan-Trave-pianist-and-fortepianist.-Photo-by-Yat-Ho-Tsang-9-1.jpeg\u00bb title_text=\u00bbJoan Trav\u00e9, pianist and fortepianist. Photo by Yat Ho Tsang &#8211; 9&#8243; _builder_version=\u00bb4.27.4&#8243; _module_preset=\u00bbdefault\u00bb global_colors_info=\u00bb{}\u00bb][\/et_pb_image][\/et_pb_column][et_pb_column type=\u00bb1_2&#8243; _builder_version=\u00bb4.27.0&#8243; _module_preset=\u00bbdefault\u00bb global_colors_info=\u00bb{}\u00bb][et_pb_image src=\u00bbhttps:\/\/joantrave.net\/wp-content\/uploads\/2025\/06\/Joan-Trave-pianist-and-fortepianist.-Photo-by-Yat-Ho-Tsang-5-1.jpeg\u00bb title_text=\u00bbJoan Trav\u00e9, pianist and fortepianist. Photo by Yat Ho Tsang &#8211; 5&#8243; disabled_on=\u00bbon|off|off\u00bb _builder_version=\u00bb4.27.4&#8243; _module_preset=\u00bbdefault\u00bb global_colors_info=\u00bb{}\u00bb][\/et_pb_image][et_pb_text _builder_version=\u00bb4.27.4&#8243; _module_preset=\u00bbdefault\u00bb animation_direction=\u00bbright\u00bb global_colors_info=\u00bb{}\u00bb]<\/p>\n<p><span style=\"font-weight: 400;\">Tiene un inter\u00e9s particular en la conexi\u00f3n entre interpretaci\u00f3n e investigaci\u00f3n: ya en 2011 present\u00f3 un estudio sobre el manuscrito del <\/span><i><span style=\"font-weight: 400;\">Nocturno en do sostenido menor op. post.<\/span><\/i><span style=\"font-weight: 400;\"> de Chopin en el Museo Chopin de Valldemossa. En 2022 llev\u00f3 a cabo un proyecto de investigaci\u00f3n art\u00edstica sobre la Pianoforte-Schule de Carl Czerny, financiado por el Institut d\u2019Estudis Bale\u00e0rics.<\/span><\/p>\n<p><span style=\"font-weight: 400;\">Se form\u00f3 inicialmente con Luc\u00eda Luque, Mar\u00eda Jes\u00fas Salv\u00e0 e Ireneusz Jagla. Posteriormente estudi\u00f3 piano con Miquel Estelrich y Manuel Carra en el Conservatorio Superior de las Islas Baleares. En la Hochschule f\u00fcr Musik und Darstellende Kunst de Frankfurt complet\u00f3 m\u00e1steres en piano (Prof. Catherine Vickers) y fortepiano (Prof. Jesper Christensen). Tambi\u00e9n estudi\u00f3 fisiolog\u00eda pian\u00edstica con Laurent Boullet, e improvisaci\u00f3n hist\u00f3rica y composici\u00f3n estil\u00edstica con Michael Koch.<\/span><\/p>\n<p><span style=\"font-weight: 400;\">Actualmente, Joan Trav\u00e9 imparte clases de fortepiano en la Hochschule f\u00fcr Musik und Darstellende Kunst de Frankfurt y de piano en el Conservatorio Peter Cornelius de Maguncia, donde trabaja tanto con estudiantes superiores como con alumnos del programa de preparaci\u00f3n a los estudios superiores.<\/span><\/p>\n<p>[\/et_pb_text][et_pb_image src=\u00bbhttps:\/\/joantrave.net\/wp-content\/uploads\/2025\/06\/Joan-Trave-pianist-and-fortepianist.-Photo-by-Yat-Ho-Tsang-5-1.jpeg\u00bb title_text=\u00bbJoan Trav\u00e9, pianist and fortepianist. Photo by Yat Ho Tsang &#8211; 5&#8243; disabled_on=\u00bboff|on|on\u00bb _builder_version=\u00bb4.27.4&#8243; _module_preset=\u00bbdefault\u00bb global_colors_info=\u00bb{}\u00bb][\/et_pb_image][\/et_pb_column][\/et_pb_row][et_pb_row _builder_version=\u00bb4.27.0&#8243; _module_preset=\u00bbdefault\u00bb global_colors_info=\u00bb{}\u00bb][et_pb_column type=\u00bb4_4&#8243; _builder_version=\u00bb4.27.0&#8243; _module_preset=\u00bbdefault\u00bb global_colors_info=\u00bb{}\u00bb][et_pb_button button_url=\u00bbhttps:\/\/drive.google.com\/drive\/folders\/1EHAE5nGNckyeGdCPaxzhcBrsqjU64OPT?usp=sharing\u00bb url_new_window=\u00bbon\u00bb button_text=\u00bbCurr\u00edculum y fotos en alta resoluci\u00f3n disponibles aqu\u00ed\u00bb button_alignment=\u00bbcenter\u00bb button_alignment_phone=\u00bbcenter\u00bb button_alignment_last_edited=\u00bboff|desktop\u00bb _builder_version=\u00bb4.27.4&#8243; _module_preset=\u00bbdefault\u00bb custom_button=\u00bbon\u00bb button_border_radius=\u00bb100px\u00bb locked=\u00bboff\u00bb global_colors_info=\u00bb{}\u00bb][\/et_pb_button][\/et_pb_column][\/et_pb_row][\/et_pb_section]<\/p>\n","protected":false},"excerpt":{"rendered":"<p>Pianista y fortepianista Profesor en la Universidad de M\u00fasica y Artes Esc\u00e9nicas de Frankfurt Profesor en el Conservatorio Peter Cornelius de MainzPianista y fortepianista Profesor en la Universidad de M\u00fasica y Artes Esc\u00e9nicas de Frankfurt Profesor en el Conservatorio Peter Cornelius de MainzJoan Trav\u00e9 es pianista, fortepianista y profesor. Como m\u00fasico vers\u00e1til, se mueve con [&hellip;]<\/p>\n","protected":false},"author":2,"featured_media":0,"parent":0,"menu_order":0,"comment_status":"closed","ping_status":"closed","template":"","meta":{"_seopress_robots_primary_cat":"","_seopress_titles_title":"Biograf\u00eda del pianista y fortepianista Joan Trav\u00e9","_seopress_titles_desc":"Joan Trav\u00e9 es un destacado pianista y fortepianista, adem\u00e1s de profesor superior de estos instrumentos.","_seopress_robots_index":"","_et_pb_use_builder":"on","_et_pb_old_content":"","_et_gb_content_width":"","footnotes":""},"class_list":["post-4663","page","type-page","status-publish","hentry"],"_links":{"self":[{"href":"https:\/\/joantrave.net\/es\/wp-json\/wp\/v2\/pages\/4663","targetHints":{"allow":["GET"]}}],"collection":[{"href":"https:\/\/joantrave.net\/es\/wp-json\/wp\/v2\/pages"}],"about":[{"href":"https:\/\/joantrave.net\/es\/wp-json\/wp\/v2\/types\/page"}],"author":[{"embeddable":true,"href":"https:\/\/joantrave.net\/es\/wp-json\/wp\/v2\/users\/2"}],"replies":[{"embeddable":true,"href":"https:\/\/joantrave.net\/es\/wp-json\/wp\/v2\/comments?post=4663"}],"version-history":[{"count":3,"href":"https:\/\/joantrave.net\/es\/wp-json\/wp\/v2\/pages\/4663\/revisions"}],"predecessor-version":[{"id":4666,"href":"https:\/\/joantrave.net\/es\/wp-json\/wp\/v2\/pages\/4663\/revisions\/4666"}],"wp:attachment":[{"href":"https:\/\/joantrave.net\/es\/wp-json\/wp\/v2\/media?parent=4663"}],"curies":[{"name":"wp","href":"https:\/\/api.w.org\/{rel}","templated":true}]}}