{"id":4651,"date":"2025-07-15T14:03:58","date_gmt":"2025-07-15T12:03:58","guid":{"rendered":"https:\/\/joantrave.net\/pictures\/"},"modified":"2025-07-31T16:23:04","modified_gmt":"2025-07-31T14:23:04","slug":"galeria","status":"publish","type":"page","link":"https:\/\/joantrave.net\/es\/galeria\/","title":{"rendered":"Galer\u00eda"},"content":{"rendered":"<p>[et_pb_section fb_built=\u00bb1&#8243; _builder_version=\u00bb4.27.4&#8243; _module_preset=\u00bbdefault\u00bb custom_padding=\u00bb17px|||||\u00bb global_colors_info=\u00bb{}\u00bb][et_pb_row _builder_version=\u00bb4.27.4&#8243; _module_preset=\u00bbdefault\u00bb global_colors_info=\u00bb{}\u00bb][et_pb_column type=\u00bb4_4&#8243; _builder_version=\u00bb4.27.4&#8243; _module_preset=\u00bbdefault\u00bb global_colors_info=\u00bb{}\u00bb][et_pb_blurb title=\u00bbGaler\u00eda\u00bb content_max_width=\u00bb1100px\u00bb _builder_version=\u00bb4.27.4&#8243; _module_preset=\u00bbdefault\u00bb header_level=\u00bbh1&#8243; header_text_align=\u00bbcenter\u00bb header_font_size=\u00bb47px\u00bb custom_margin=\u00bb||||false|false\u00bb animation_direction=\u00bbleft\u00bb animation=\u00bboff\u00bb global_colors_info=\u00bb{}\u00bb][\/et_pb_blurb][et_pb_gallery gallery_ids=\u00bb4295,4291,4287,4283,4279,4275,4271,4267,4263,4259&#8243; gallery_orderby=\u00bbrand\u00bb posts_number=\u00bb10&#8243; orientation=\u00bbportrait\u00bb show_title_and_caption=\u00bboff\u00bb show_pagination=\u00bboff\u00bb _builder_version=\u00bb4.27.4&#8243; _module_preset=\u00bbdefault\u00bb custom_css_free_form=\u00bb.et_pb_gallery .et_pb_gallery_items {||  justify-content: center !important;||  display: flex !important;||  flex-wrap: wrap !important;||}\u00bb global_colors_info=\u00bb{}\u00bb][\/et_pb_gallery][et_pb_text _builder_version=\u00bb4.27.4&#8243; _module_preset=\u00bbdefault\u00bb hover_enabled=\u00bb0&#8243; global_colors_info=\u00bb{}\u00bb sticky_enabled=\u00bb0&#8243;]<\/p>\n<p style=\"text-align: center;\">Autor de les fotos: Yat Ho Tsang<\/p>\n<p>[\/et_pb_text][et_pb_button button_url=\u00bbhttps:\/\/drive.google.com\/drive\/folders\/1EHAE5nGNckyeGdCPaxzhcBrsqjU64OPT?usp=sharing\u00bb url_new_window=\u00bbon\u00bb button_text=\u00bbCurr\u00edculum y fotos en alta resoluci\u00f3n disponibles aqu\u00ed\u00bb button_alignment=\u00bbcenter\u00bb button_alignment_phone=\u00bbcenter\u00bb button_alignment_last_edited=\u00bboff|desktop\u00bb _builder_version=\u00bb4.27.4&#8243; _module_preset=\u00bbdefault\u00bb custom_button=\u00bbon\u00bb button_border_radius=\u00bb100px\u00bb locked=\u00bboff\u00bb global_colors_info=\u00bb{}\u00bb][\/et_pb_button][\/et_pb_column][\/et_pb_row][\/et_pb_section]<\/p>\n","protected":false},"excerpt":{"rendered":"<p>Autor de les fotos: Yat Ho Tsang<\/p>\n","protected":false},"author":2,"featured_media":0,"parent":0,"menu_order":0,"comment_status":"closed","ping_status":"closed","template":"","meta":{"_seopress_robots_primary_cat":"","_seopress_titles_title":"Galer\u00eda fotogr\u00e1fica del pianista y fortepianista Joan Trav\u00e9","_seopress_titles_desc":"Joan Trav\u00e9, pianista y fortepianista, cuenta con una amplia trayectoria concert\u00edstica y pedag\u00f3gica. Descubra su galer\u00eda fotogr\u00e1fica.","_seopress_robots_index":"","_et_pb_use_builder":"on","_et_pb_old_content":"","_et_gb_content_width":"","footnotes":""},"class_list":["post-4651","page","type-page","status-publish","hentry"],"_links":{"self":[{"href":"https:\/\/joantrave.net\/es\/wp-json\/wp\/v2\/pages\/4651","targetHints":{"allow":["GET"]}}],"collection":[{"href":"https:\/\/joantrave.net\/es\/wp-json\/wp\/v2\/pages"}],"about":[{"href":"https:\/\/joantrave.net\/es\/wp-json\/wp\/v2\/types\/page"}],"author":[{"embeddable":true,"href":"https:\/\/joantrave.net\/es\/wp-json\/wp\/v2\/users\/2"}],"replies":[{"embeddable":true,"href":"https:\/\/joantrave.net\/es\/wp-json\/wp\/v2\/comments?post=4651"}],"version-history":[{"count":18,"href":"https:\/\/joantrave.net\/es\/wp-json\/wp\/v2\/pages\/4651\/revisions"}],"predecessor-version":[{"id":4744,"href":"https:\/\/joantrave.net\/es\/wp-json\/wp\/v2\/pages\/4651\/revisions\/4744"}],"wp:attachment":[{"href":"https:\/\/joantrave.net\/es\/wp-json\/wp\/v2\/media?parent=4651"}],"curies":[{"name":"wp","href":"https:\/\/api.w.org\/{rel}","templated":true}]}}