{"id":2964,"date":"2022-09-12T21:08:04","date_gmt":"2022-09-12T19:08:04","guid":{"rendered":"https:\/\/joantrave.net\/iamusica\/"},"modified":"2022-10-08T17:39:07","modified_gmt":"2022-10-08T15:39:07","slug":"iamusica","status":"publish","type":"page","link":"https:\/\/joantrave.net\/es\/iamusica\/","title":{"rendered":"IAM\u00fasica"},"content":{"rendered":"<p>[et_pb_section fb_built=\u00bb1&#8243; _builder_version=\u00bb4.7.7&#8243; _module_preset=\u00bbdefault\u00bb][et_pb_row _builder_version=\u00bb4.7.7&#8243; _module_preset=\u00bbdefault\u00bb width=\u00bb91%\u00bb][et_pb_column type=\u00bb4_4&#8243; _builder_version=\u00bb4.7.7&#8243; _module_preset=\u00bbdefault\u00bb][et_pb_image src=\u00bbhttps:\/\/joantrave.net\/wp-content\/uploads\/2022\/09\/logotipo_IA_musica_final.png\u00bb title_text=\u00bblogotipo_IA_musica_final\u00bb align=\u00bbcenter\u00bb _builder_version=\u00bb4.7.7&#8243; _module_preset=\u00bbdefault\u00bb height=\u00bb147px\u00bb][\/et_pb_image][\/et_pb_column][\/et_pb_row][\/et_pb_section][et_pb_section fb_built=\u00bb1&#8243; _builder_version=\u00bb4.7.7&#8243; _module_preset=\u00bbdefault\u00bb custom_padding=\u00bb0px||1px|||\u00bb][et_pb_row _builder_version=\u00bb4.7.7&#8243; _module_preset=\u00bbdefault\u00bb][et_pb_column type=\u00bb4_4&#8243; _builder_version=\u00bb4.7.7&#8243; _module_preset=\u00bbdefault\u00bb][et_pb_text _builder_version=\u00bb4.7.7&#8243; _module_preset=\u00bbdefault\u00bb text_font_size=\u00bb21px\u00bb text_letter_spacing=\u00bb1px\u00bb text_line_height=\u00bb1.8em\u00bb]<\/p>\n<p><b>Proyecto<\/b><\/p>\n<p><span style=\"font-weight: 400;\">En nuestro proyecto utilizamos la Inteligencia Artificial aplicada al an\u00e1lisis de audio en tiempo real para crear nuevas herramientas de soporte para la pr\u00e1ctica musical y aportar un nuevo enfoque cuantitativo para la investigaci\u00f3n art\u00edstica.<\/span><\/p>\n<p>&nbsp;<\/p>\n<p>[\/et_pb_text][et_pb_image src=\u00bbhttps:\/\/joantrave.net\/wp-content\/uploads\/2022\/09\/Selection_058.png\u00bb title_text=\u00bbSelection_058&#8243; disabled_on=\u00bbon|on|off\u00bb _builder_version=\u00bb4.7.7&#8243; _module_preset=\u00bbdefault\u00bb][\/et_pb_image][et_pb_gallery gallery_ids=\u00bb2860,2865,2855,2880&#8243; show_title_and_caption=\u00bboff\u00bb show_pagination=\u00bboff\u00bb _builder_version=\u00bb4.7.7&#8243; _module_preset=\u00bbdefault\u00bb][\/et_pb_gallery][\/et_pb_column][\/et_pb_row][\/et_pb_section][et_pb_section fb_built=\u00bb1&#8243; _builder_version=\u00bb4.7.7&#8243; _module_preset=\u00bbdefault\u00bb custom_padding=\u00bb6px||8px|||\u00bb][et_pb_row column_structure=\u00bb1_3,2_3&#8243; _builder_version=\u00bb4.7.7&#8243; _module_preset=\u00bbdefault\u00bb][et_pb_column type=\u00bb1_3&#8243; _builder_version=\u00bb4.7.7&#8243; _module_preset=\u00bbdefault\u00bb][et_pb_image src=\u00bbhttps:\/\/joantrave.net\/wp-content\/uploads\/2022\/09\/Carl_Czerny_by_Mose\u0300_Rigotti_before_1857_-_Archivio_Storico_Ricordi_ICON010903-2.jpg\u00bb title_text=\u00bbCarl_Czerny_by_Mose\u0300_Rigotti_(before_1857)_-_Archivio_Storico_Ricordi_ICON010903-2&#8243; disabled_on=\u00bbon|on|off\u00bb _builder_version=\u00bb4.7.7&#8243; _module_preset=\u00bbdefault\u00bb][\/et_pb_image][\/et_pb_column][et_pb_column type=\u00bb2_3&#8243; _builder_version=\u00bb4.7.7&#8243; _module_preset=\u00bbdefault\u00bb][et_pb_text _builder_version=\u00bb4.7.7&#8243; _module_preset=\u00bbdefault\u00bb text_font_size=\u00bb21px\u00bb text_letter_spacing=\u00bb1px\u00bb text_line_height=\u00bb1.8em\u00bb custom_margin=\u00bb||-2px|||\u00bb custom_padding=\u00bb||1px|||\u00bb]<\/p>\n<p><b>Carl Czerny\u00a0\u00a0\u00a0\u00a0 &#8211;\u00a0\u00a0\u00a0\u00a0\u00a0\u00a0<\/b>En los \u00faltimos meses hemos realizado experimentos con los ejemplos musicales que Carl Czerny propone en su tratado de interpretaci\u00f3n (op. 500). Esta obra es una pieza primordial para el estudio de la interpretaci\u00f3n musical en el Clasicismo y en el Romanticismo. Czerny fue una figura destacad\u00edsima y, como alumno de Beethoven y profesor de Liszt, transmite en su visi\u00f3n interpretativa las caracter\u00edsticas de la transici\u00f3n entre dos \u00e9pocas. Los experimentos los llevamos a cabo con un fortepiano de la \u00e9poca.<\/p>\n<p>&nbsp;<\/p>\n<p>[\/et_pb_text][et_pb_image src=\u00bbhttps:\/\/joantrave.net\/wp-content\/uploads\/2022\/09\/Carl_Czerny_by_Mose\u0300_Rigotti_before_1857_-_Archivio_Storico_Ricordi_ICON010903-2.jpg\u00bb title_text=\u00bbCarl_Czerny_by_Mose\u0300_Rigotti_(before_1857)_-_Archivio_Storico_Ricordi_ICON010903-2&#8243; disabled_on=\u00bboff|on|on\u00bb _builder_version=\u00bb4.7.7&#8243; _module_preset=\u00bbdefault\u00bb][\/et_pb_image][\/et_pb_column][\/et_pb_row][\/et_pb_section][et_pb_section fb_built=\u00bb1&#8243; _builder_version=\u00bb4.7.7&#8243; _module_preset=\u00bbdefault\u00bb custom_padding=\u00bb3px|||||\u00bb][et_pb_row _builder_version=\u00bb4.7.7&#8243; _module_preset=\u00bbdefault\u00bb][et_pb_column type=\u00bb4_4&#8243; _builder_version=\u00bb4.7.7&#8243; _module_preset=\u00bbdefault\u00bb][et_pb_text _builder_version=\u00bb4.7.7&#8243; _module_preset=\u00bbdefault\u00bb text_font_size=\u00bb21px\u00bb text_letter_spacing=\u00bb1px\u00bb text_line_height=\u00bb1.8em\u00bb]<\/p>\n<p>&nbsp;<\/p>\n<p style=\"text-align: center;\">______<\/p>\n<p><b>Equipo<\/b><span style=\"font-weight: 400;\"> <br \/><\/span><\/p>\n<p><b>Eul\u00e0lia Febrer<\/b><span style=\"font-weight: 400;\"> es doctora en Popular Music por la Cardiff University, M\u00e1ster en M\u00fasica como arte interdisciplinar por la UB y Titulada Superior en Musicolog\u00eda por la ESMUC. Combina su trabajo docente e investigadora en el CSIB, la Universidad Internacional de La Rioja y el Centro de la Imagen y la Tecnolog\u00eda Multimedia (UPC). Eul\u00e0lia es actualmente la coordinadora del Grupo de Investigaci\u00f3n Musicol\u00f3gica de Menorca (Institut Menorqu\u00ed d&#8217;Estudis). <a href=\"https:\/\/www.researchgate.net\/profile\/Eulalia-Febrer-Coll\">https:\/\/www.researchgate.net\/profile\/Eulalia-Febrer-Coll<\/a><\/span><\/p>\n<p>&nbsp;<\/p>\n<p><b>Andr\u00e9s Fern\u00e1ndez<\/b><span style=\"font-weight: 400;\"> es m\u00fasico y doctorante de Machine Learning en el Instituto Max Planck de Sistemas Inteligentes (Universidad de T\u00fcbingen). Anteriormente trabaj\u00f3 en el proyecto \u00abAI for Sound\u00bb (Universidad de Surrey). Tiene una licenciatura en inform\u00e1tica (Universidad Goethe) y es diplomado en composici\u00f3n (HfMDK Frankfurt). <a href=\"https:\/\/aferro.dynu.net\">https:\/\/aferro.dynu.net<\/a><\/span><\/p>\n<p>&nbsp;<\/p>\n<p><b>Joan Trav\u00e9<\/b><span style=\"font-weight: 400;\"> es pianista, fortepianista e investigador. Es graduado con premio especial de fin de carrera por el CSIB (profesores Miquel Estelrich y Manuel Carra). Tiene dos m\u00e1steres (interpretaci\u00f3n y pedagog\u00eda pian\u00edstica bajo la tutela de Catherine Vickers) por la HfMDK Frankfurt. Ha cursado estudios de fortepiano con Jesper Christensen y fisiolog\u00eda de la t\u00e9cnica pian\u00edstica con Laurent Boullet. <a href=\"https:\/\/joantrave.net\/es\/\">https:\/\/joantrave.net\/es<\/a><\/span><\/p>\n<p>&nbsp;<\/p>\n<p>[\/et_pb_text][et_pb_image src=\u00bbhttps:\/\/joantrave.net\/wp-content\/uploads\/2022\/09\/1024px-Fortepiano_MET_DP225542-3.jpg\u00bb title_text=\u00bb1024px-Fortepiano_MET_DP225542-3&#8243; align=\u00bbcenter\u00bb _builder_version=\u00bb4.7.7&#8243; _module_preset=\u00bbdefault\u00bb module_alignment=\u00bbcenter\u00bb custom_margin=\u00bb-23px|||||\u00bb][\/et_pb_image][et_pb_text _builder_version=\u00bb4.7.7&#8243; _module_preset=\u00bbdefault\u00bb text_font_size=\u00bb21px\u00bb text_letter_spacing=\u00bb1px\u00bb text_line_height=\u00bb1.8em\u00bb border_color_all=\u00bb#ffffff\u00bb locked=\u00bboff\u00bb]<\/p>\n<p>&nbsp;<\/p>\n<p><b>Contacto<\/b><\/p>\n<p><span style=\"font-weight: 400;\">Joan Trav\u00e9<\/span><\/p>\n<p><span style=\"font-weight: 400;\"><a href=\"mailto:joan@joantrave.net\">joan@joantrave.net<\/a><\/span><\/p>\n<p><span style=\"font-weight: 400;\">Tel. +34625720609<\/span><\/p>\n<p>[\/et_pb_text][\/et_pb_column][\/et_pb_row][et_pb_row _builder_version=\u00bb4.7.7&#8243; _module_preset=\u00bbdefault\u00bb][et_pb_column type=\u00bb4_4&#8243; _builder_version=\u00bb4.7.7&#8243; _module_preset=\u00bbdefault\u00bb][et_pb_image src=\u00bbhttps:\/\/joantrave.net\/wp-content\/uploads\/2022\/09\/Captura-de-Pantalla-2022-09-12-a-les-12.19.49-2.png\u00bb title_text=\u00bbCaptura de Pantalla 2022-09-12 a les 12.19.49&#8243; disabled_on=\u00bboff|off|on\u00bb _builder_version=\u00bb4.7.7&#8243; _module_preset=\u00bbdefault\u00bb][\/et_pb_image][\/et_pb_column][\/et_pb_row][et_pb_row _builder_version=\u00bb4.7.7&#8243; _module_preset=\u00bbdefault\u00bb][et_pb_column type=\u00bb4_4&#8243; _builder_version=\u00bb4.7.7&#8243; _module_preset=\u00bbdefault\u00bb][et_pb_image src=\u00bbhttps:\/\/joantrave.net\/wp-content\/uploads\/2022\/09\/Captura-de-Pantalla-2022-09-12-a-les-12.19.49-co\u0300pia.png\u00bb title_text=\u00bbCaptura de Pantalla 2022-09-12 a les 12.19.49 co\u0300pia\u00bb disabled_on=\u00bboff|off|on\u00bb _builder_version=\u00bb4.7.7&#8243; _module_preset=\u00bbdefault\u00bb][\/et_pb_image][et_pb_image src=\u00bbhttps:\/\/joantrave.net\/wp-content\/uploads\/2022\/09\/Captura-de-Pantalla-2022-09-12-a-les-12.19.49.png\u00bb title_text=\u00bbCaptura de Pantalla 2022-09-12 a les 12.19.49&#8243; disabled_on=\u00bbon|on|off\u00bb _builder_version=\u00bb4.7.7&#8243; _module_preset=\u00bbdefault\u00bb][\/et_pb_image][\/et_pb_column][\/et_pb_row][\/et_pb_section]<\/p>\n","protected":false},"excerpt":{"rendered":"<p>Proyecto En nuestro proyecto utilizamos la Inteligencia Artificial aplicada al an\u00e1lisis de audio en tiempo real para crear nuevas herramientas de soporte para la pr\u00e1ctica musical y aportar un nuevo enfoque cuantitativo para la investigaci\u00f3n art\u00edstica. &nbsp;Carl Czerny\u00a0\u00a0\u00a0\u00a0 &#8211;\u00a0\u00a0\u00a0\u00a0\u00a0\u00a0En los \u00faltimos meses hemos realizado experimentos con los ejemplos musicales que Carl Czerny propone en su [&hellip;]<\/p>\n","protected":false},"author":2,"featured_media":0,"parent":0,"menu_order":0,"comment_status":"closed","ping_status":"closed","template":"","meta":{"_seopress_robots_primary_cat":"","_seopress_titles_title":"","_seopress_titles_desc":"","_seopress_robots_index":"","_et_pb_use_builder":"on","_et_pb_old_content":"","_et_gb_content_width":"","footnotes":""},"class_list":["post-2964","page","type-page","status-publish","hentry"],"_links":{"self":[{"href":"https:\/\/joantrave.net\/es\/wp-json\/wp\/v2\/pages\/2964","targetHints":{"allow":["GET"]}}],"collection":[{"href":"https:\/\/joantrave.net\/es\/wp-json\/wp\/v2\/pages"}],"about":[{"href":"https:\/\/joantrave.net\/es\/wp-json\/wp\/v2\/types\/page"}],"author":[{"embeddable":true,"href":"https:\/\/joantrave.net\/es\/wp-json\/wp\/v2\/users\/2"}],"replies":[{"embeddable":true,"href":"https:\/\/joantrave.net\/es\/wp-json\/wp\/v2\/comments?post=2964"}],"version-history":[{"count":10,"href":"https:\/\/joantrave.net\/es\/wp-json\/wp\/v2\/pages\/2964\/revisions"}],"predecessor-version":[{"id":3003,"href":"https:\/\/joantrave.net\/es\/wp-json\/wp\/v2\/pages\/2964\/revisions\/3003"}],"wp:attachment":[{"href":"https:\/\/joantrave.net\/es\/wp-json\/wp\/v2\/media?parent=2964"}],"curies":[{"name":"wp","href":"https:\/\/api.w.org\/{rel}","templated":true}]}}