{"id":4671,"date":"2025-07-23T17:53:55","date_gmt":"2025-07-23T15:53:55","guid":{"rendered":"https:\/\/joantrave.net\/home\/"},"modified":"2025-07-23T17:53:56","modified_gmt":"2025-07-23T15:53:56","slug":"home","status":"publish","type":"page","link":"https:\/\/joantrave.net\/en\/","title":{"rendered":"Home"},"content":{"rendered":"<p>[et_pb_section fb_built=&#8221;1&#8243; disabled_on=&#8221;off|on|on&#8221; _builder_version=&#8221;4.27.4&#8243; _module_preset=&#8221;default&#8221; background_color=&#8221;#551524&#8243; custom_padding=&#8221;16px||0px|||&#8221; global_colors_info=&#8221;{}&#8221;][et_pb_row _builder_version=&#8221;4.27.4&#8243; _module_preset=&#8221;default&#8221; global_colors_info=&#8221;{}&#8221;][et_pb_column type=&#8221;4_4&#8243; _builder_version=&#8221;4.27.4&#8243; _module_preset=&#8221;default&#8221; global_colors_info=&#8221;{}&#8221;][et_pb_blurb title=&#8221;Joan Trav\u00e9&#8221; _builder_version=&#8221;4.27.4&#8243; _module_preset=&#8221;default&#8221; header_level=&#8221;h1&#8243; header_font_size=&#8221;50px&#8221; body_font_size=&#8221;19px&#8221; text_orientation=&#8221;center&#8221; background_layout=&#8221;dark&#8221; custom_margin=&#8221;||16px|||&#8221; global_colors_info=&#8221;{}&#8221;]PIANIST | FORTEPIANIST[\/et_pb_blurb][\/et_pb_column][\/et_pb_row][\/et_pb_section][et_pb_section fb_built=&#8221;1&#8243; fullwidth=&#8221;on&#8221; _builder_version=&#8221;4.27.4&#8243; _module_preset=&#8221;default&#8221; collapsed=&#8221;off&#8221; global_colors_info=&#8221;{}&#8221;][et_pb_fullwidth_header title=&#8221;Joan Trav\u00e9&#8221; subhead=&#8221;PIANIST | FORTEPIANIST&#8221; text_orientation=&#8221;center&#8221; disabled_on=&#8221;on|off|off&#8221; _builder_version=&#8221;4.27.4&#8243; _module_preset=&#8221;default&#8221; title_font=&#8221;|300|||||||&#8221; title_font_size=&#8221;100px&#8221; content_font_size=&#8221;25px&#8221; subhead_text_color=&#8221;#FFFFFF&#8221; subhead_font_size=&#8221;25px&#8221; subhead_line_height=&#8221;1.1em&#8221; background_enable_color=&#8221;off&#8221; background_image=&#8221;https:\/\/joantrave.net\/wp-content\/uploads\/2025\/06\/Joan-Trave-pianist-and-fortepianist.-Photo-by-Yat-Ho-Tsang-2-scaled.jpg&#8221; custom_margin=&#8221;||||false|false&#8221; custom_padding=&#8221;323px||323px|500px|true|false&#8221; custom_padding_tablet=&#8221;200px||200px|500px|true|false&#8221; custom_padding_phone=&#8221;20px||20px|100px|true|false&#8221; custom_padding_last_edited=&#8221;on|phone&#8221; title_font_size_tablet=&#8221;65px&#8221; title_font_size_phone=&#8221;40px&#8221; title_font_size_last_edited=&#8221;on|phone&#8221; title_line_height_tablet=&#8221;&#8221; title_line_height_phone=&#8221;0.8em&#8221; title_line_height_last_edited=&#8221;on|phone&#8221; subhead_font_size_tablet=&#8221;25px&#8221; subhead_font_size_phone=&#8221;16px&#8221; subhead_font_size_last_edited=&#8221;on|phone&#8221; subhead_line_height_tablet=&#8221;1.1em&#8221; subhead_line_height_phone=&#8221;1.1em&#8221; subhead_line_height_last_edited=&#8221;on|phone&#8221; background_last_edited=&#8221;off|desktop&#8221; global_colors_info=&#8221;{}&#8221;][\/et_pb_fullwidth_header][\/et_pb_section][et_pb_section fb_built=&#8221;1&#8243; fullwidth=&#8221;on&#8221; disabled_on=&#8221;off|on|on&#8221; _builder_version=&#8221;4.27.4&#8243; _module_preset=&#8221;default&#8221; collapsed=&#8221;off&#8221; global_colors_info=&#8221;{}&#8221;][et_pb_fullwidth_image src=&#8221;https:\/\/joantrave.net\/wp-content\/uploads\/2025\/06\/Joan-Trave-pianist-and-fortepianist.-Photo-by-Yat-Ho-Tsang-5-1.jpeg&#8221; alt=&#8221;Joan Trav\u00e9, pianist and fortepianist&#8221; title_text=&#8221;Joan Trav\u00e9, pianist and fortepianist. Photo by Yat Ho Tsang &#8211; 5&#8243; _builder_version=&#8221;4.27.4&#8243; _module_preset=&#8221;default&#8221; global_colors_info=&#8221;{}&#8221;][\/et_pb_fullwidth_image][\/et_pb_section][et_pb_section fb_built=&#8221;1&#8243; disabled_on=&#8221;on|off|off&#8221; _builder_version=&#8221;4.27.4&#8243; _module_preset=&#8221;default&#8221; background_color=&#8221;#551524&#8243; custom_padding=&#8221;16px||0px|||&#8221; global_colors_info=&#8221;{}&#8221;][et_pb_row _builder_version=&#8221;4.27.4&#8243; _module_preset=&#8221;default&#8221; custom_padding=&#8221;39px||52px|||&#8221; global_colors_info=&#8221;{}&#8221;][et_pb_column type=&#8221;4_4&#8243; _builder_version=&#8221;4.27.4&#8243; _module_preset=&#8221;default&#8221; global_colors_info=&#8221;{}&#8221;][\/et_pb_column][\/et_pb_row][\/et_pb_section][et_pb_section fb_built=&#8221;1&#8243; _builder_version=&#8221;4.16&#8243; _module_preset=&#8221;default&#8221; custom_padding=&#8221;20px||14px|||&#8221; global_colors_info=&#8221;{}&#8221;][et_pb_row _builder_version=&#8221;4.27.2&#8243; _module_preset=&#8221;default&#8221; width=&#8221;90%&#8221; module_alignment=&#8221;center&#8221; custom_margin=&#8221;|76px||auto||&#8221; global_colors_info=&#8221;{}&#8221;][et_pb_column type=&#8221;4_4&#8243; _builder_version=&#8221;4.16&#8243; _module_preset=&#8221;default&#8221; global_colors_info=&#8221;{}&#8221;][et_pb_blurb title=&#8221;About&#8221; content_max_width=&#8221;1100px&#8221; _builder_version=&#8221;4.27.4&#8243; _module_preset=&#8221;default&#8221; header_level=&#8221;h2&#8243; header_text_align=&#8221;center&#8221; header_font_size=&#8221;47px&#8221; custom_margin=&#8221;||||false|false&#8221; animation_direction=&#8221;left&#8221; animation=&#8221;off&#8221; hover_transition_duration=&#8221;0ms&#8221; header_font_size_tablet=&#8221;75px&#8221; header_font_size_phone=&#8221;70px&#8221; header_font_size_last_edited=&#8221;off|desktop&#8221; global_colors_info=&#8221;{}&#8221;][\/et_pb_blurb][et_pb_text disabled_on=&#8221;on|off|off&#8221; _builder_version=&#8221;4.27.4&#8243; _module_preset=&#8221;default&#8221; text_font_size=&#8221;22px&#8221; text_line_height=&#8221;1.3em&#8221; text_orientation=&#8221;center&#8221; module_alignment=&#8221;center&#8221; custom_margin=&#8221;-19px|||||&#8221; custom_padding=&#8221;9px||0px|||&#8221; animation_direction=&#8221;left&#8221; locked=&#8221;off&#8221; global_colors_info=&#8221;{}&#8221;]<\/p>\n<p class=\"p1\">Pianist and Fortepianist<\/p>\n<p class=\"p1\">Lecturer at the University of Music and Performing Arts in Frankfurt<\/p>\n<p class=\"p1\">Lecturer at the Peter Cornelius Conservatory in Mainz<\/p>\n<p>[\/et_pb_text][et_pb_text disabled_on=&#8221;off|on|on&#8221; _builder_version=&#8221;4.27.4&#8243; _module_preset=&#8221;default&#8221; text_font_size=&#8221;19px&#8221; text_line_height=&#8221;1.3em&#8221; text_orientation=&#8221;center&#8221; module_alignment=&#8221;center&#8221; custom_margin=&#8221;-19px|||||&#8221; custom_padding=&#8221;||0px|||&#8221; animation_direction=&#8221;left&#8221; locked=&#8221;off&#8221; global_colors_info=&#8221;{}&#8221;]<\/p>\n<p class=\"p1\">Pianist and Fortepianist<\/p>\n<p class=\"p1\">Lecturer at the University of Music and Performing Arts in Frankfurt<\/p>\n<p class=\"p1\">Lecturer at the Peter Cornelius Conservatory in Mainz<\/p>\n<p>[\/et_pb_text][\/et_pb_column][\/et_pb_row][et_pb_row column_structure=&#8221;1_2,1_2&#8243; _builder_version=&#8221;4.27.2&#8243; _module_preset=&#8221;default&#8221; width=&#8221;90%&#8221; global_colors_info=&#8221;{}&#8221;][et_pb_column type=&#8221;1_2&#8243; _builder_version=&#8221;4.27.0&#8243; _module_preset=&#8221;default&#8221; global_colors_info=&#8221;{}&#8221;][et_pb_text _builder_version=&#8221;4.27.4&#8243; _module_preset=&#8221;default&#8221; animation_direction=&#8221;right&#8221; global_colors_info=&#8221;{}&#8221;]<\/p>\n<p><span style=\"font-weight: 400;\">Joan Trav\u00e9 is a pianist, fortepianist and lecturer. A versatile musician, he moves effortlessly between historical keyboard instruments and the modern piano. His repertoire spans from the English Renaissance to contemporary music, with a particular focus on historical performance practice.<\/span><\/p>\n<p><span style=\"font-weight: 400;\">Born in 1991 in Palma de Mallorca, Joan Trav\u00e9 made his debut as a soloist at the age of 16, performing Beethoven\u2019s First Piano Concerto. Since then, he has given concerts in many European countries, including appearances at the Frankfurt Opera, the Chopin Festival in Valldemossa, the Wiesbaden State Theatre, the FEL!X urban Festival in Cologne, and Frankfurt\u2019s Holzhausenschl\u00f6sschen. He performs regularly both as a soloist and as a chamber musician.<\/span><\/p>\n<p><span style=\"font-weight: 400;\">His encounters with musicians such as Lorenzo Coppola, Eva Maria Pollerus, and Carmen Leoni sparked his passion for historical performance and period instruments. He was particularly influenced by his studies with Jesper Christensen in fortepiano and historical Romantic keyboard instruments.<\/span><\/p>\n<p>[\/et_pb_text][et_pb_image src=&#8221;https:\/\/joantrave.net\/wp-content\/uploads\/2025\/06\/Joan-Trave-pianist-and-fortepianist.-Photo-by-Yat-Ho-Tsang-2-scaled.jpg&#8221; alt=&#8221;Joan Trav\u00e9, pianist and fortepianist&#8221; title_text=&#8221;Joan Trav\u00e9, pianist and fortepianist. Photo by Yat Ho Tsang &#8211; 2&#8243; disabled_on=&#8221;off|on|on&#8221; _builder_version=&#8221;4.27.4&#8243; _module_preset=&#8221;default&#8221; global_colors_info=&#8221;{}&#8221;][\/et_pb_image][\/et_pb_column][et_pb_column type=&#8221;1_2&#8243; _builder_version=&#8221;4.27.0&#8243; _module_preset=&#8221;default&#8221; global_colors_info=&#8221;{}&#8221;][et_pb_text _builder_version=&#8221;4.27.4&#8243; _module_preset=&#8221;default&#8221; animation_direction=&#8221;right&#8221; locked=&#8221;off&#8221; global_colors_info=&#8221;{}&#8221;]<\/p>\n<p><span style=\"font-weight: 400;\">His special interest lies in the connection between performance and research: in 2011, he presented a study on Chopin\u2019s <\/span><i><span style=\"font-weight: 400;\">Nocturne in C-sharp minor, Op. posth.<\/span><\/i><span style=\"font-weight: 400;\"> at the Chopin Museum in Valldemossa. In 2022, he carried out an artistic research project on Carl Czerny\u2019s Pianoforte-Schule, funded by the Institut d\u2019Estudis Bale\u00e0rics.<\/span><\/p>\n<p><span style=\"font-weight: 400;\">He received his initial training from Luc\u00eda Luque, Mar\u00eda Jes\u00fas Salv\u00e0 and Ireneusz Jagla. He then studied piano with Miquel Estelrich and Manuel Carra at the Conservatory of the Balearic Islands. At the Frankfurt University of Music and Performing Arts, he completed master\u2019s degrees in piano (Prof. Catherine Vickers) and fortepiano (Prof. Jesper Christensen). He also studied piano physiology with Laurent Boullet and historical improvisation and stylistic composition with Michael Koch.<\/span><\/p>\n<p><span style=\"font-weight: 400;\">Joan Trav\u00e9 is a fortepiano lecturer at the Frankfurt University of Music and Performing Arts and a piano lecturer at the Peter Cornelius Conservatory in Mainz, where he works with both university and pre-college students.<\/span><\/p>\n<p>[\/et_pb_text][et_pb_image src=&#8221;https:\/\/joantrave.net\/wp-content\/uploads\/2025\/06\/Joan-Trave-pianist-and-fortepianist.-Photo-by-Yat-Ho-Tsang-8-1.jpeg&#8221; alt=&#8221;Joan Trav\u00e9, pianist and fortepianist&#8221; title_text=&#8221;Joan Trav\u00e9, pianist and fortepianist. Photo by Yat Ho Tsang &#8211; 8&#8243; disabled_on=&#8221;off|on|on&#8221; _builder_version=&#8221;4.27.4&#8243; _module_preset=&#8221;default&#8221; global_colors_info=&#8221;{}&#8221;][\/et_pb_image][\/et_pb_column][\/et_pb_row][et_pb_row column_structure=&#8221;1_3,1_3,1_3&#8243; disabled_on=&#8221;on|off|off&#8221; _builder_version=&#8221;4.27.4&#8243; _module_preset=&#8221;default&#8221; global_colors_info=&#8221;{}&#8221;][et_pb_column type=&#8221;1_3&#8243; _builder_version=&#8221;4.27.4&#8243; _module_preset=&#8221;default&#8221; global_colors_info=&#8221;{}&#8221;][et_pb_image src=&#8221;https:\/\/joantrave.net\/wp-content\/uploads\/2025\/06\/Joan-Trave-pianist-and-fortepianist.-Photo-by-Yat-Ho-Tsang-1-1.jpeg&#8221; title_text=&#8221;Joan Trav\u00e9, pianist and fortepianist. Photo by Yat Ho Tsang &#8211; 1&#8243; disabled_on=&#8221;on|off|off&#8221; _builder_version=&#8221;4.27.4&#8243; _module_preset=&#8221;default&#8221; global_colors_info=&#8221;{}&#8221;][\/et_pb_image][\/et_pb_column][et_pb_column type=&#8221;1_3&#8243; _builder_version=&#8221;4.27.4&#8243; _module_preset=&#8221;default&#8221; global_colors_info=&#8221;{}&#8221;][et_pb_image src=&#8221;https:\/\/joantrave.net\/wp-content\/uploads\/2025\/06\/Joan-Trave-pianist-and-fortepianist.-Photo-by-Yat-Ho-Tsang-5-1.jpeg&#8221; title_text=&#8221;Joan Trav\u00e9, pianist and fortepianist. Photo by Yat Ho Tsang &#8211; 5&#8243; disabled_on=&#8221;on|off|off&#8221; _builder_version=&#8221;4.27.4&#8243; _module_preset=&#8221;default&#8221; global_colors_info=&#8221;{}&#8221;][\/et_pb_image][\/et_pb_column][et_pb_column type=&#8221;1_3&#8243; _builder_version=&#8221;4.27.4&#8243; _module_preset=&#8221;default&#8221; global_colors_info=&#8221;{}&#8221;][et_pb_image src=&#8221;https:\/\/joantrave.net\/wp-content\/uploads\/2025\/06\/Joan-Trave-pianist-and-fortepianist.-Photo-by-Yat-Ho-Tsang-9-1.jpeg&#8221; title_text=&#8221;Joan Trav\u00e9, pianist and fortepianist. Photo by Yat Ho Tsang &#8211; 9&#8243; disabled_on=&#8221;on|off|off&#8221; _builder_version=&#8221;4.27.4&#8243; _module_preset=&#8221;default&#8221; global_colors_info=&#8221;{}&#8221;][\/et_pb_image][\/et_pb_column][\/et_pb_row][et_pb_row _builder_version=&#8221;4.27.2&#8243; _module_preset=&#8221;default&#8221; width=&#8221;90%&#8221; module_alignment=&#8221;center&#8221; global_colors_info=&#8221;{}&#8221;][et_pb_column type=&#8221;4_4&#8243; _builder_version=&#8221;4.16&#8243; _module_preset=&#8221;default&#8221; global_colors_info=&#8221;{}&#8221;][et_pb_blurb title=&#8221;Fortepiano | Historical pianos&#8221; content_max_width=&#8221;850px&#8221; _builder_version=&#8221;4.27.4&#8243; _module_preset=&#8221;default&#8221; header_level=&#8221;h2&#8243; header_text_align=&#8221;center&#8221; header_font_size=&#8221;47px&#8221; text_orientation=&#8221;center&#8221; custom_margin=&#8221;||||false|false&#8221; animation_direction=&#8221;right&#8221; animation=&#8221;off&#8221; header_font_size_tablet=&#8221;75px&#8221; header_font_size_phone=&#8221;52px&#8221; header_font_size_last_edited=&#8221;on|phone&#8221; global_colors_info=&#8221;{}&#8221;][\/et_pb_blurb][et_pb_text disabled_on=&#8221;off|off|off&#8221; _builder_version=&#8221;4.27.4&#8243; _module_preset=&#8221;default&#8221; text_font_size=&#8221;22px&#8221; text_line_height=&#8221;1.3em&#8221; text_orientation=&#8221;center&#8221; module_alignment=&#8221;center&#8221; custom_margin=&#8221;-21px|||||&#8221; animation_direction=&#8221;left&#8221; global_colors_info=&#8221;{}&#8221;]<\/p>\n<p class=\"p1\">Joan Trav\u00e9 is a musician specialized in fortepiano performance, an instrument that offers direct access to the sound world of the 18th and 19th centuries.<\/p>\n<p>[\/et_pb_text][et_pb_image src=&#8221;https:\/\/joantrave.net\/wp-content\/uploads\/2025\/06\/Joan-Trave-pianist-and-fortepianist.-Photo-by-Yat-Ho-Tsang-6-1.jpeg&#8221; alt=&#8221;Joan Trave\u0301, piano &#8211; fortepiano. Walter 037&#8243; title_text=&#8221;Joan Trav\u00e9, pianist and fortepianist. Photo by Yat Ho Tsang &#8211; 6&#8243; align=&#8221;center&#8221; _builder_version=&#8221;4.27.4&#8243; _module_preset=&#8221;default&#8221; global_colors_info=&#8221;{}&#8221;][\/et_pb_image][\/et_pb_column][\/et_pb_row][et_pb_row _builder_version=&#8221;4.27.2&#8243; _module_preset=&#8221;default&#8221; width=&#8221;90%&#8221; module_alignment=&#8221;center&#8221; global_colors_info=&#8221;{}&#8221;][et_pb_column type=&#8221;4_4&#8243; _builder_version=&#8221;4.16&#8243; _module_preset=&#8221;default&#8221; global_colors_info=&#8221;{}&#8221;][et_pb_blurb title=&#8221;Teaching&#8221; content_max_width=&#8221;850px&#8221; _builder_version=&#8221;4.27.4&#8243; _module_preset=&#8221;default&#8221; header_level=&#8221;h2&#8243; header_text_align=&#8221;center&#8221; header_font_size=&#8221;47px&#8221; text_orientation=&#8221;center&#8221; custom_margin=&#8221;||||false|false&#8221; animation_direction=&#8221;right&#8221; animation=&#8221;off&#8221; header_font_size_tablet=&#8221;75px&#8221; header_font_size_phone=&#8221;52px&#8221; header_font_size_last_edited=&#8221;on|phone&#8221; global_colors_info=&#8221;{}&#8221;][\/et_pb_blurb][et_pb_text disabled_on=&#8221;off|off|off&#8221; _builder_version=&#8221;4.27.4&#8243; _module_preset=&#8221;default&#8221; text_font_size=&#8221;22px&#8221; text_line_height=&#8221;1.3em&#8221; text_orientation=&#8221;center&#8221; module_alignment=&#8221;center&#8221; custom_margin=&#8221;-17px|||||&#8221; custom_padding=&#8221;||0px|||&#8221; animation_direction=&#8221;left&#8221; global_colors_info=&#8221;{}&#8221;]<\/p>\n<p>Joan Trav\u00e9 is a fortepiano lecturer at the University of Music and Performing Arts in Frankfurt am Main and a piano lecturer at the Peter Cornelius Conservatory in Mainz.<\/p>\n<p>[\/et_pb_text][et_pb_button button_url=&#8221;https:\/\/joantrave.net\/docencia\/&#8221; button_text=&#8221;More&#8221; button_alignment=&#8221;center&#8221; _builder_version=&#8221;4.27.4&#8243; _module_preset=&#8221;default&#8221; custom_button=&#8221;on&#8221; button_border_width=&#8221;2px&#8221; button_border_radius=&#8221;100px&#8221; global_colors_info=&#8221;{}&#8221;][\/et_pb_button][et_pb_image src=&#8221;https:\/\/joantrave.net\/wp-content\/uploads\/2025\/06\/Joan-Trave-pianist-and-fortepianist.-Photo-by-Yat-Ho-Tsang-4-1.jpeg&#8221; alt=&#8221;Joan Trave\u0301, piano &#8211; fortepiano. Walter 037&#8243; title_text=&#8221;Joan Trav\u00e9, pianist and fortepianist. Photo by Yat Ho Tsang &#8211; 4&#8243; align=&#8221;center&#8221; _builder_version=&#8221;4.27.4&#8243; _module_preset=&#8221;default&#8221; global_colors_info=&#8221;{}&#8221;][\/et_pb_image][\/et_pb_column][\/et_pb_row][\/et_pb_section]<\/p>\n","protected":false},"excerpt":{"rendered":"<p>PIANIST | FORTEPIANISTPianist and Fortepianist Lecturer at the University of Music and Performing Arts in Frankfurt Lecturer at the Peter Cornelius Conservatory in MainzPianist and Fortepianist Lecturer at the University of Music and Performing Arts in Frankfurt Lecturer at the Peter Cornelius Conservatory in MainzJoan Trav\u00e9 is a pianist, fortepianist and lecturer. A versatile musician, [&hellip;]<\/p>\n","protected":false},"author":2,"featured_media":0,"parent":0,"menu_order":0,"comment_status":"closed","ping_status":"closed","template":"","meta":{"_seopress_robots_primary_cat":"","_seopress_titles_title":"Joan Trav\u00e9 | Pianist and fortepianist","_seopress_titles_desc":"Joan Trav\u00e9 is a pianist, fortepianist, and lecturer at the University of Music and Performing Arts in Frankfurt.","_seopress_robots_index":"","_et_pb_use_builder":"on","_et_pb_old_content":"","_et_gb_content_width":"","footnotes":""},"class_list":["post-4671","page","type-page","status-publish","hentry"],"_links":{"self":[{"href":"https:\/\/joantrave.net\/en\/wp-json\/wp\/v2\/pages\/4671","targetHints":{"allow":["GET"]}}],"collection":[{"href":"https:\/\/joantrave.net\/en\/wp-json\/wp\/v2\/pages"}],"about":[{"href":"https:\/\/joantrave.net\/en\/wp-json\/wp\/v2\/types\/page"}],"author":[{"embeddable":true,"href":"https:\/\/joantrave.net\/en\/wp-json\/wp\/v2\/users\/2"}],"replies":[{"embeddable":true,"href":"https:\/\/joantrave.net\/en\/wp-json\/wp\/v2\/comments?post=4671"}],"version-history":[{"count":2,"href":"https:\/\/joantrave.net\/en\/wp-json\/wp\/v2\/pages\/4671\/revisions"}],"predecessor-version":[{"id":4673,"href":"https:\/\/joantrave.net\/en\/wp-json\/wp\/v2\/pages\/4671\/revisions\/4673"}],"wp:attachment":[{"href":"https:\/\/joantrave.net\/en\/wp-json\/wp\/v2\/media?parent=4671"}],"curies":[{"name":"wp","href":"https:\/\/api.w.org\/{rel}","templated":true}]}}