{"id":4667,"date":"2025-07-16T12:24:49","date_gmt":"2025-07-16T10:24:49","guid":{"rendered":"https:\/\/joantrave.net\/biografia\/"},"modified":"2025-07-23T18:02:32","modified_gmt":"2025-07-23T16:02:32","slug":"about","status":"publish","type":"page","link":"https:\/\/joantrave.net\/en\/about\/","title":{"rendered":"About"},"content":{"rendered":"<p>[et_pb_section fb_built=&#8221;1&#8243; _builder_version=&#8221;4.16&#8243; _module_preset=&#8221;default&#8221; custom_padding=&#8221;20px||14px|||&#8221; global_colors_info=&#8221;{}&#8221;][et_pb_row _builder_version=&#8221;4.27.2&#8243; _module_preset=&#8221;default&#8221; width=&#8221;90%&#8221; max_width=&#8221;1100px&#8221; module_alignment=&#8221;center&#8221; global_colors_info=&#8221;{}&#8221;][et_pb_column type=&#8221;4_4&#8243; _builder_version=&#8221;4.16&#8243; _module_preset=&#8221;default&#8221; global_colors_info=&#8221;{}&#8221;][et_pb_blurb title=&#8221;About&#8221; content_max_width=&#8221;1100px&#8221; _builder_version=&#8221;4.27.4&#8243; _module_preset=&#8221;default&#8221; header_level=&#8221;h1&#8243; header_text_align=&#8221;center&#8221; header_font_size=&#8221;47px&#8221; custom_margin=&#8221;||||false|false&#8221; animation_direction=&#8221;left&#8221; animation=&#8221;off&#8221; global_colors_info=&#8221;{}&#8221;][\/et_pb_blurb][et_pb_text disabled_on=&#8221;on|off|off&#8221; _builder_version=&#8221;4.27.4&#8243; _module_preset=&#8221;default&#8221; text_font_size=&#8221;22px&#8221; text_line_height=&#8221;1.3em&#8221; text_orientation=&#8221;center&#8221; module_alignment=&#8221;center&#8221; custom_padding=&#8221;||0px|||&#8221; animation_direction=&#8221;right&#8221; global_colors_info=&#8221;{}&#8221;]<\/p>\n<p>Pianist and Fortepianist<\/p>\n<p>Lecturer at the University of Music and Performing Arts in Frankfurt<\/p>\n<p>Lecturer at the Peter Cornelius Conservatory in Mainz<\/p>\n<p>[\/et_pb_text][et_pb_text disabled_on=&#8221;off|on|on&#8221; _builder_version=&#8221;4.27.4&#8243; _module_preset=&#8221;default&#8221; text_font_size=&#8221;22px&#8221; text_line_height=&#8221;1.3em&#8221; text_orientation=&#8221;center&#8221; module_alignment=&#8221;center&#8221; custom_padding=&#8221;||0px|||&#8221; animation_direction=&#8221;right&#8221; global_colors_info=&#8221;{}&#8221;]<\/p>\n<p>Pianist and Fortepianist<\/p>\n<p>Lecturer at the University of Music and Performing Arts in Frankfurt<\/p>\n<p>Lecturer at the Peter Cornelius Conservatory in Mainz<\/p>\n<p>[\/et_pb_text][\/et_pb_column][\/et_pb_row][et_pb_row column_structure=&#8221;1_2,1_2&#8243; _builder_version=&#8221;4.27.2&#8243; _module_preset=&#8221;default&#8221; width=&#8221;90%&#8221; max_width=&#8221;1100px&#8221; module_alignment=&#8221;center&#8221; global_colors_info=&#8221;{}&#8221;][et_pb_column type=&#8221;1_2&#8243; _builder_version=&#8221;4.27.0&#8243; _module_preset=&#8221;default&#8221; global_colors_info=&#8221;{}&#8221;][et_pb_text _builder_version=&#8221;4.27.4&#8243; _module_preset=&#8221;default&#8221; animation_direction=&#8221;right&#8221; global_colors_info=&#8221;{}&#8221;]<\/p>\n<p><span style=\"font-weight: 400;\">Joan Trav\u00e9 is a pianist, fortepianist and lecturer. A versatile musician, he moves effortlessly between historical keyboard instruments and the modern piano. His repertoire spans from the English Renaissance to contemporary music, with a particular focus on historical performance practice.<\/span><\/p>\n<p><span style=\"font-weight: 400;\">Born in 1991 in Palma de Mallorca, Joan Trav\u00e9 made his debut as a soloist at the age of 16, performing Beethoven\u2019s First Piano Concerto. Since then, he has given concerts in many European countries, including appearances at the Frankfurt Opera, the Chopin Festival in Valldemossa, the Wiesbaden State Theatre, the FEL!X urban Festival in Cologne, and Frankfurt\u2019s Holzhausenschl\u00f6sschen. He performs regularly both as a soloist and as a chamber musician.<\/span><\/p>\n<p><span style=\"font-weight: 400;\">His encounters with musicians such as Lorenzo Coppola, Eva Maria Pollerus, and Carmen Leoni sparked his passion for historical performance and period instruments. He was particularly influenced by his studies with Jesper Christensen in fortepiano and historical Romantic keyboard instruments.<\/span><\/p>\n<p>[\/et_pb_text][et_pb_image src=&#8221;https:\/\/joantrave.net\/wp-content\/uploads\/2025\/06\/Joan-Trave-pianist-and-fortepianist.-Photo-by-Yat-Ho-Tsang-9-1.jpeg&#8221; title_text=&#8221;Joan Trav\u00e9, pianist and fortepianist. Photo by Yat Ho Tsang &#8211; 9&#8243; _builder_version=&#8221;4.27.4&#8243; _module_preset=&#8221;default&#8221; global_colors_info=&#8221;{}&#8221;][\/et_pb_image][\/et_pb_column][et_pb_column type=&#8221;1_2&#8243; _builder_version=&#8221;4.27.0&#8243; _module_preset=&#8221;default&#8221; global_colors_info=&#8221;{}&#8221;][et_pb_image src=&#8221;https:\/\/joantrave.net\/wp-content\/uploads\/2025\/06\/Joan-Trave-pianist-and-fortepianist.-Photo-by-Yat-Ho-Tsang-5-1.jpeg&#8221; title_text=&#8221;Joan Trav\u00e9, pianist and fortepianist. Photo by Yat Ho Tsang &#8211; 5&#8243; disabled_on=&#8221;on|off|off&#8221; _builder_version=&#8221;4.27.4&#8243; _module_preset=&#8221;default&#8221; global_colors_info=&#8221;{}&#8221;][\/et_pb_image][et_pb_text _builder_version=&#8221;4.27.4&#8243; _module_preset=&#8221;default&#8221; animation_direction=&#8221;right&#8221; global_colors_info=&#8221;{}&#8221;]<\/p>\n<p><span style=\"font-weight: 400;\">His special interest lies in the connection between performance and research: in 2011, he presented a study on Chopin\u2019s <\/span><i><span style=\"font-weight: 400;\">Nocturne in C-sharp minor, Op. posth.<\/span><\/i><span style=\"font-weight: 400;\"> at the Chopin Museum in Valldemossa. In 2022, he carried out an artistic research project on Carl Czerny\u2019s Pianoforte-Schule, funded by the Institut d\u2019Estudis Bale\u00e0rics.<\/span><\/p>\n<p><span style=\"font-weight: 400;\">He received his initial training from Luc\u00eda Luque, Mar\u00eda Jes\u00fas Salv\u00e0 and Ireneusz Jagla. He then studied piano with Miquel Estelrich and Manuel Carra at the Conservatory of the Balearic Islands. At the Frankfurt University of Music and Performing Arts, he completed master\u2019s degrees in piano (Prof. Catherine Vickers) and fortepiano (Prof. Jesper Christensen). He also studied piano physiology with Laurent Boullet and historical improvisation and stylistic composition with Michael Koch.<\/span><\/p>\n<p><span style=\"font-weight: 400;\">Joan Trav\u00e9 is a fortepiano lecturer at the Frankfurt University of Music and Performing Arts and a piano lecturer at the Peter Cornelius Conservatory in Mainz, where he works with both university and pre-college students.<\/span><\/p>\n<p>[\/et_pb_text][et_pb_image src=&#8221;https:\/\/joantrave.net\/wp-content\/uploads\/2025\/06\/Joan-Trave-pianist-and-fortepianist.-Photo-by-Yat-Ho-Tsang-5-1.jpeg&#8221; title_text=&#8221;Joan Trav\u00e9, pianist and fortepianist. Photo by Yat Ho Tsang &#8211; 5&#8243; disabled_on=&#8221;off|on|on&#8221; _builder_version=&#8221;4.27.4&#8243; _module_preset=&#8221;default&#8221; global_colors_info=&#8221;{}&#8221;][\/et_pb_image][\/et_pb_column][\/et_pb_row][et_pb_row _builder_version=&#8221;4.27.0&#8243; _module_preset=&#8221;default&#8221; global_colors_info=&#8221;{}&#8221;][et_pb_column type=&#8221;4_4&#8243; _builder_version=&#8221;4.27.0&#8243; _module_preset=&#8221;default&#8221; global_colors_info=&#8221;{}&#8221;][et_pb_button button_url=&#8221;https:\/\/drive.google.com\/drive\/folders\/1EHAE5nGNckyeGdCPaxzhcBrsqjU64OPT?usp=sharing&#8221; url_new_window=&#8221;on&#8221; button_text=&#8221;CV and high-resolution photos available here&#8221; button_alignment=&#8221;center&#8221; button_alignment_phone=&#8221;center&#8221; button_alignment_last_edited=&#8221;off|desktop&#8221; _builder_version=&#8221;4.27.4&#8243; _module_preset=&#8221;default&#8221; custom_button=&#8221;on&#8221; button_border_radius=&#8221;100px&#8221; locked=&#8221;off&#8221; global_colors_info=&#8221;{}&#8221;][\/et_pb_button][\/et_pb_column][\/et_pb_row][\/et_pb_section]<\/p>\n","protected":false},"excerpt":{"rendered":"<p>Pianist and Fortepianist Lecturer at the University of Music and Performing Arts in Frankfurt Lecturer at the Peter Cornelius Conservatory in MainzPianist and Fortepianist Lecturer at the University of Music and Performing Arts in Frankfurt Lecturer at the Peter Cornelius Conservatory in MainzJoan Trav\u00e9 is a pianist, fortepianist and lecturer. A versatile musician, he moves [&hellip;]<\/p>\n","protected":false},"author":2,"featured_media":0,"parent":0,"menu_order":0,"comment_status":"closed","ping_status":"closed","template":"","meta":{"_seopress_robots_primary_cat":"","_seopress_titles_title":"Biography of pianist and fortepianist Joan Trav\u00e9","_seopress_titles_desc":"Joan Trav\u00e9 is an accomplished pianist and fortepianist, and also a lecturer in both instruments.","_seopress_robots_index":"","_et_pb_use_builder":"on","_et_pb_old_content":"","_et_gb_content_width":"","footnotes":""},"class_list":["post-4667","page","type-page","status-publish","hentry"],"_links":{"self":[{"href":"https:\/\/joantrave.net\/en\/wp-json\/wp\/v2\/pages\/4667","targetHints":{"allow":["GET"]}}],"collection":[{"href":"https:\/\/joantrave.net\/en\/wp-json\/wp\/v2\/pages"}],"about":[{"href":"https:\/\/joantrave.net\/en\/wp-json\/wp\/v2\/types\/page"}],"author":[{"embeddable":true,"href":"https:\/\/joantrave.net\/en\/wp-json\/wp\/v2\/users\/2"}],"replies":[{"embeddable":true,"href":"https:\/\/joantrave.net\/en\/wp-json\/wp\/v2\/comments?post=4667"}],"version-history":[{"count":5,"href":"https:\/\/joantrave.net\/en\/wp-json\/wp\/v2\/pages\/4667\/revisions"}],"predecessor-version":[{"id":4676,"href":"https:\/\/joantrave.net\/en\/wp-json\/wp\/v2\/pages\/4667\/revisions\/4676"}],"wp:attachment":[{"href":"https:\/\/joantrave.net\/en\/wp-json\/wp\/v2\/media?parent=4667"}],"curies":[{"name":"wp","href":"https:\/\/api.w.org\/{rel}","templated":true}]}}