{"id":4753,"date":"2025-07-31T16:42:39","date_gmt":"2025-07-31T14:42:39","guid":{"rendered":"https:\/\/joantrave.net\/lehrtaetigkeit\/"},"modified":"2025-07-31T17:48:46","modified_gmt":"2025-07-31T15:48:46","slug":"lehrtaetigkeit","status":"publish","type":"page","link":"https:\/\/joantrave.net\/de\/lehrtaetigkeit\/","title":{"rendered":"Lehrt\u00e4tigkeit"},"content":{"rendered":"<p>[et_pb_section fb_built=&#8220;1&#8243; _builder_version=&#8220;4.16&#8243; _module_preset=&#8220;default&#8220; custom_padding=&#8220;20px||14px|||&#8220; global_colors_info=&#8220;{}&#8220;][et_pb_row _builder_version=&#8220;4.27.2&#8243; _module_preset=&#8220;default&#8220; width=&#8220;90%&#8220; max_width=&#8220;1100px&#8220; module_alignment=&#8220;center&#8220; global_colors_info=&#8220;{}&#8220;][et_pb_column type=&#8220;4_4&#8243; _builder_version=&#8220;4.16&#8243; _module_preset=&#8220;default&#8220; global_colors_info=&#8220;{}&#8220;][et_pb_blurb title=&#8220;Lehrt\u00e4tigkeit&#8220; content_max_width=&#8220;850px&#8220; _builder_version=&#8220;4.27.4&#8243; _module_preset=&#8220;default&#8220; header_level=&#8220;h2&#8243; header_text_align=&#8220;center&#8220; header_font_size=&#8220;47px&#8220; text_orientation=&#8220;center&#8220; custom_margin=&#8220;||||false|false&#8220; animation_direction=&#8220;right&#8220; animation=&#8220;off&#8220; header_font_size_tablet=&#8220;75px&#8220; header_font_size_phone=&#8220;52px&#8220; header_font_size_last_edited=&#8220;on|phone&#8220; global_colors_info=&#8220;{}&#8220;][\/et_pb_blurb][et_pb_text _builder_version=&#8220;4.27.4&#8243; _module_preset=&#8220;default&#8220; global_colors_info=&#8220;{}&#8220;]<\/p>\n<p>Ich bin Dozent f\u00fcr Fortepiano an der Hochschule f\u00fcr Musik und Darstellende Kunst Frankfurt am Main und Klavierdozent am Peter-Cornelius-Konservatorium in Mainz. Unten finden Sie die Links zu den Webseiten beider Institutionen sowie zu den jeweiligen Studienprogrammen. Bei Fragen zum Studium k\u00f6nnen Sie mich gern kontaktieren. Au\u00dferdem biete ich Einzelunterricht im Fortepiano in meinem Studio in Frankfurt an.<\/p>\n<p>[\/et_pb_text][\/et_pb_column][\/et_pb_row][et_pb_row column_structure=&#8220;1_2,1_2&#8243; _builder_version=&#8220;4.27.2&#8243; _module_preset=&#8220;default&#8220; width=&#8220;90%&#8220; max_width=&#8220;1100px&#8220; module_alignment=&#8220;center&#8220; global_colors_info=&#8220;{}&#8220;][et_pb_column type=&#8220;1_2&#8243; _builder_version=&#8220;4.27.2&#8243; _module_preset=&#8220;default&#8220; global_colors_info=&#8220;{}&#8220;][et_pb_image src=&#8220;https:\/\/joantrave.net\/wp-content\/uploads\/2025\/06\/HfMDK-Frankfurt-am-Main-2018-cHighvisionmedia-scaled.jpg&#8220; alt=&#8220;Joan Trav\u00e9, piano &#8211; fortepi\u00e0. Score&#8220; title_text=&#8220;HfMDK Frankfurt am Main 2018 (c)Highvisionmedia&#8220; _builder_version=&#8220;4.27.4&#8243; _module_preset=&#8220;default&#8220; min_height=&#8220;339.6px&#8220; custom_padding=&#8220;||0px|||&#8220; global_colors_info=&#8220;{}&#8220;][\/et_pb_image][\/et_pb_column][et_pb_column type=&#8220;1_2&#8243; _builder_version=&#8220;4.27.0&#8243; _module_preset=&#8220;default&#8220; global_colors_info=&#8220;{}&#8220;][et_pb_image src=&#8220;https:\/\/joantrave.net\/wp-content\/uploads\/2025\/06\/Bildschirmfoto-2025-06-19-um-19.55.05.jpeg&#8220; alt=&#8220;Joan Trav\u00e9, piano &#8211; fortepi\u00e0. Score&#8220; title_text=&#8220;Screenshot&#8220; disabled_on=&#8220;on|off|off&#8220; _builder_version=&#8220;4.27.4&#8243; _module_preset=&#8220;default&#8220; global_colors_info=&#8220;{}&#8220;][\/et_pb_image][\/et_pb_column][\/et_pb_row][et_pb_row column_structure=&#8220;1_2,1_2&#8243; _builder_version=&#8220;4.27.4&#8243; _module_preset=&#8220;default&#8220; width=&#8220;90%&#8220; max_width=&#8220;1100px&#8220; module_alignment=&#8220;center&#8220; global_colors_info=&#8220;{}&#8220;][et_pb_column type=&#8220;1_2&#8243; _builder_version=&#8220;4.27.0&#8243; _module_preset=&#8220;default&#8220; global_colors_info=&#8220;{}&#8220;][et_pb_blurb title=&#8220;Hochschule f\u00fcr Musik und Darstellende Kunst Frankfurt&#8220; url_new_window=&#8220;on&#8220; content_max_width=&#8220;1100px&#8220; _builder_version=&#8220;4.27.4&#8243; _module_preset=&#8220;default&#8220; header_level=&#8220;h3&#8243; header_font_size=&#8220;40px&#8220; body_text_color=&#8220;#000000&#8243; body_line_height=&#8220;1.6em&#8220; custom_padding=&#8220;0px||0px|||&#8220; animation_direction=&#8220;right&#8220; animation=&#8220;off&#8220; link_option_url_new_window=&#8220;on&#8220; hover_enabled=&#8220;0&#8243; body_font_size_tablet=&#8220;20px&#8220; body_font_size_phone=&#8220;20px&#8220; body_font_size_last_edited=&#8220;on|phone&#8220; global_colors_info=&#8220;{}&#8220; sticky_enabled=&#8220;0&#8243;]<\/p>\n<p><a href=\"https:\/\/www.hfmdk-frankfurt.de\" target=\"_blank\" rel=\"noopener\"><span style=\"text-decoration: underline;\">Hochschule f\u00fcr Musik und Darstellende Kunst Frankfurt am Main &#8211; HfMDK<\/span><\/a><\/p>\n<p><span style=\"text-decoration: underline;\"><a href=\"https:\/\/www.hfmdk-frankfurt.de\/person\/joan-trave-pla\" target=\"_blank\" rel=\"noopener\">Dozent f\u00fcr Hammerklavier<\/a><\/span><\/p>\n<p>Anmeldefristen und Zugangsvoraussetzungen: <span style=\"text-decoration: underline;\"><a href=\"https:\/\/www.hfmdk-frankfurt.de\/thema\/bewerben\" target=\"_blank\" rel=\"noopener noreferrer\">hier<\/a><\/span><\/p>\n<p>Studieng\u00e4nge im Fach Hammerklavier \/ Fortepiano:<\/p>\n<p>\u2022 Bachelor: K\u00fcnst\u00adlerische Aus\u00adbildung Musik KAM, Hauptfach Hammerklavier \/ Fortepiano: <span style=\"text-decoration: underline;\"><a href=\"https:\/\/www.hfmdk-frankfurt.de\/studiengang\/kuenstlerische-ausbildung-musik-kam-bachelor\" target=\"_blank\" rel=\"noopener noreferrer\">Information hier<\/a><\/span><\/p>\n<p>\u2022 Master Historische Interpretations\u00adpraxis (HIP), Hauptfach Hammerklavier \/ Fortepiano: <span style=\"text-decoration: underline;\"><a href=\"https:\/\/www.hfmdk-frankfurt.de\/studiengang\/historische-interpretationspraxis-hip-master\" target=\"_blank\" rel=\"noopener noreferrer\">Information hier<\/a><\/span><\/p>\n<p>\u2022 Master K\u00fcnst\u00adlerische Aus\u00adbildung Musik KAM, Hauptach Hammerklavier \/ Fortepiano: <span style=\"text-decoration: underline;\"><a href=\"https:\/\/www.hfmdk-frankfurt.de\/studiengang\/kuenstlerische-ausbildung-musik-kam-master\" target=\"_blank\" rel=\"noopener noreferrer\">Information hier<\/a><\/span><\/p>\n<p>\u2022 Konzertexamen, Hauptfach Hammerklavier \/ Fortepiano: <span style=\"text-decoration: underline;\"><a href=\"https:\/\/www.hfmdk-frankfurt.de\/en\/studiengang\/concert-exam\" target=\"_blank\" rel=\"noopener noreferrer\">Information hier<\/a><\/span><\/p>\n<p>[\/et_pb_blurb][\/et_pb_column][et_pb_column type=&#8220;1_2&#8243; _builder_version=&#8220;4.27.0&#8243; _module_preset=&#8220;default&#8220; global_colors_info=&#8220;{}&#8220;][et_pb_blurb title=&#8220;Peter Cornelius Konservatorium Mainz&#8220; url_new_window=&#8220;on&#8220; content_max_width=&#8220;1100px&#8220; _builder_version=&#8220;4.27.4&#8243; _module_preset=&#8220;default&#8220; header_level=&#8220;h3&#8243; header_font_size=&#8220;40px&#8220; body_text_color=&#8220;#000000&#8243; body_line_height=&#8220;1.6em&#8220; custom_padding=&#8220;0px||0px|||&#8220; animation_direction=&#8220;right&#8220; link_option_url_new_window=&#8220;on&#8220; hover_enabled=&#8220;0&#8243; body_font_size_tablet=&#8220;20px&#8220; body_font_size_phone=&#8220;20px&#8220; body_font_size_last_edited=&#8220;on|tablet&#8220; global_colors_info=&#8220;{}&#8220; sticky_enabled=&#8220;0&#8243;]<\/p>\n<p><span style=\"text-decoration: underline;\"><a href=\"https:\/\/pck-mainz.de\" target=\"_blank\" rel=\"noopener\">Peter-Cornelius-Konservatorium Mainz<\/a><\/span><\/p>\n<p><a href=\"https:\/\/pck-mainz.de\/dozent-joan-trav\u00e9.html\" target=\"_blank\" rel=\"noopener\"><span style=\"text-decoration: underline;\">Dozent f\u00fcr Klavier<\/span><\/a><\/p>\n<p>Anmeldefristen: <span style=\"text-decoration: underline;\"><a href=\"https:\/\/pck-mainz.de\/termine-studium\/\" target=\"_blank\" rel=\"noopener\">hier<\/a><\/span><\/p>\n<p>Zugangsvoraussetzungen: <span style=\"text-decoration: underline;\"><a href=\"https:\/\/pck-mainz.de\/bewerbung.html\" target=\"_blank\" rel=\"noopener\">hier<\/a><\/span><\/p>\n<p>Studieng\u00e4nge im Fach Klavier:<\/p>\n<p>\u2022 Studiengang Musikp\u00e4dagogik, Hauptfach Klavier: <span style=\"text-decoration: underline;\"><a href=\"https:\/\/pck-mainz.de\/studieng\u00e4nge\/musikpaedagogik\/\" target=\"_blank\" rel=\"noopener\">Information hier<\/a><\/span><\/p>\n<p>\u2022 Studiengang K\u00fcnstlerisches Aufbaustudium: <span style=\"text-decoration: underline;\"><a href=\"https:\/\/pck-mainz.de\/studiengang-kuenstlerisches-aufbaustudium.html\" target=\"_blank\" rel=\"noopener\">Information hier<\/a><\/span><\/p>\n<p>[\/et_pb_blurb][\/et_pb_column][\/et_pb_row][et_pb_row _builder_version=&#8220;4.27.4&#8243; _module_preset=&#8220;default&#8220; global_colors_info=&#8220;{}&#8220;][et_pb_column type=&#8220;4_4&#8243; _builder_version=&#8220;4.27.4&#8243; _module_preset=&#8220;default&#8220; global_colors_info=&#8220;{}&#8220;][et_pb_image src=&#8220;https:\/\/joantrave.net\/wp-content\/uploads\/2025\/06\/Joan-Trave-pianist-and-fortepianist.-Photo-by-Yat-Ho-Tsang-8-1.jpeg&#8220; title_text=&#8220;Joan Trav\u00e9, pianist and fortepianist. Photo by Yat Ho Tsang &#8211; 8&#8243; _builder_version=&#8220;4.27.4&#8243; _module_preset=&#8220;default&#8220; global_colors_info=&#8220;{}&#8220;][\/et_pb_image][\/et_pb_column][\/et_pb_row][\/et_pb_section]<\/p>\n","protected":false},"excerpt":{"rendered":"<p>Ich bin Dozent f\u00fcr Fortepiano an der Hochschule f\u00fcr Musik und Darstellende Kunst Frankfurt am Main und Klavierdozent am Peter-Cornelius-Konservatorium in Mainz. Unten finden Sie die Links zu den Webseiten beider Institutionen sowie zu den jeweiligen Studienprogrammen. Bei Fragen zum Studium k\u00f6nnen Sie mich gern kontaktieren. Au\u00dferdem biete ich Einzelunterricht im Fortepiano in meinem Studio [&hellip;]<\/p>\n","protected":false},"author":2,"featured_media":0,"parent":0,"menu_order":0,"comment_status":"closed","ping_status":"closed","template":"","meta":{"_seopress_robots_primary_cat":"","_seopress_titles_title":"P\u00e4dagogische T\u00e4tigkeit des Pianisten und Fortepianisten Joan Trav\u00e9","_seopress_titles_desc":"Hochschuldozent f\u00fcr Fortepiano an der Hochschule f\u00fcr Musik und Darstellende Kunst Frankfurt am Main und Klavierdozent am Peter-Cornelius-Konservatorium in Mainz","_seopress_robots_index":"","_et_pb_use_builder":"on","_et_pb_old_content":"","_et_gb_content_width":"","footnotes":""},"class_list":["post-4753","page","type-page","status-publish","hentry"],"_links":{"self":[{"href":"https:\/\/joantrave.net\/de\/wp-json\/wp\/v2\/pages\/4753","targetHints":{"allow":["GET"]}}],"collection":[{"href":"https:\/\/joantrave.net\/de\/wp-json\/wp\/v2\/pages"}],"about":[{"href":"https:\/\/joantrave.net\/de\/wp-json\/wp\/v2\/types\/page"}],"author":[{"embeddable":true,"href":"https:\/\/joantrave.net\/de\/wp-json\/wp\/v2\/users\/2"}],"replies":[{"embeddable":true,"href":"https:\/\/joantrave.net\/de\/wp-json\/wp\/v2\/comments?post=4753"}],"version-history":[{"count":5,"href":"https:\/\/joantrave.net\/de\/wp-json\/wp\/v2\/pages\/4753\/revisions"}],"predecessor-version":[{"id":4758,"href":"https:\/\/joantrave.net\/de\/wp-json\/wp\/v2\/pages\/4753\/revisions\/4758"}],"wp:attachment":[{"href":"https:\/\/joantrave.net\/de\/wp-json\/wp\/v2\/media?parent=4753"}],"curies":[{"name":"wp","href":"https:\/\/api.w.org\/{rel}","templated":true}]}}