{"id":4745,"date":"2025-07-31T16:24:55","date_gmt":"2025-07-31T14:24:55","guid":{"rendered":"https:\/\/joantrave.net\/bilder\/"},"modified":"2025-07-31T16:25:28","modified_gmt":"2025-07-31T14:25:28","slug":"bilder","status":"publish","type":"page","link":"https:\/\/joantrave.net\/de\/bilder\/","title":{"rendered":"Bilder"},"content":{"rendered":"<p>[et_pb_section fb_built=&#8220;1&#8243; _builder_version=&#8220;4.27.4&#8243; _module_preset=&#8220;default&#8220; custom_padding=&#8220;17px|||||&#8220; global_colors_info=&#8220;{}&#8220;][et_pb_row _builder_version=&#8220;4.27.4&#8243; _module_preset=&#8220;default&#8220; global_colors_info=&#8220;{}&#8220;][et_pb_column type=&#8220;4_4&#8243; _builder_version=&#8220;4.27.4&#8243; _module_preset=&#8220;default&#8220; global_colors_info=&#8220;{}&#8220;][et_pb_blurb title=&#8220;Bilder&#8220; content_max_width=&#8220;1100px&#8220; _builder_version=&#8220;4.27.4&#8243; _module_preset=&#8220;default&#8220; header_level=&#8220;h1&#8243; header_text_align=&#8220;center&#8220; header_font_size=&#8220;47px&#8220; custom_margin=&#8220;||||false|false&#8220; animation_direction=&#8220;left&#8220; animation=&#8220;off&#8220; global_colors_info=&#8220;{}&#8220;][\/et_pb_blurb][et_pb_gallery gallery_ids=&#8220;4294,4290,4286,4282,4278,4274,4270,4266,4262,4258&#8243; gallery_orderby=&#8220;rand&#8220; posts_number=&#8220;10&#8243; orientation=&#8220;portrait&#8220; show_title_and_caption=&#8220;off&#8220; show_pagination=&#8220;off&#8220; _builder_version=&#8220;4.27.4&#8243; _module_preset=&#8220;default&#8220; custom_css_free_form=&#8220;.et_pb_gallery .et_pb_gallery_items {||  justify-content: center !important;||  display: flex !important;||  flex-wrap: wrap !important;||}&#8220; global_colors_info=&#8220;{}&#8220;][\/et_pb_gallery][et_pb_text _builder_version=&#8220;4.27.4&#8243; _module_preset=&#8220;default&#8220; hover_enabled=&#8220;0&#8243; global_colors_info=&#8220;{}&#8220; sticky_enabled=&#8220;0&#8243;]<\/p>\n<p style=\"text-align: center;\">Fotograf: Yat Ho Tsang<\/p>\n<p>[\/et_pb_text][et_pb_button button_url=&#8220;https:\/\/drive.google.com\/drive\/folders\/1EHAE5nGNckyeGdCPaxzhcBrsqjU64OPT?usp=sharing&#8220; url_new_window=&#8220;on&#8220; button_text=&#8220;Lebenslauf und hochaufl\u00f6sende Fotos verf\u00fcgbar hier&#8220; button_alignment=&#8220;center&#8220; button_alignment_phone=&#8220;center&#8220; button_alignment_last_edited=&#8220;off|desktop&#8220; _builder_version=&#8220;4.27.4&#8243; _module_preset=&#8220;default&#8220; custom_button=&#8220;on&#8220; button_border_radius=&#8220;100px&#8220; locked=&#8220;off&#8220; global_colors_info=&#8220;{}&#8220;][\/et_pb_button][\/et_pb_column][\/et_pb_row][\/et_pb_section]<\/p>\n","protected":false},"excerpt":{"rendered":"<p>Fotograf: Yat Ho Tsang<\/p>\n","protected":false},"author":2,"featured_media":0,"parent":0,"menu_order":0,"comment_status":"closed","ping_status":"closed","template":"","meta":{"_seopress_robots_primary_cat":"","_seopress_titles_title":"Fotogalerie des Pianisten und Fortepianisten Joan Trav\u00e9","_seopress_titles_desc":"Joan Trav\u00e9, Pianist und Fortepianist, verf\u00fcgt \u00fcber eine umfangreiche Konzert- und Lehrt\u00e4tigkeit. Entdecken Sie seine Fotogalerie.","_seopress_robots_index":"","_et_pb_use_builder":"on","_et_pb_old_content":"","_et_gb_content_width":"","footnotes":""},"class_list":["post-4745","page","type-page","status-publish","hentry"],"_links":{"self":[{"href":"https:\/\/joantrave.net\/de\/wp-json\/wp\/v2\/pages\/4745","targetHints":{"allow":["GET"]}}],"collection":[{"href":"https:\/\/joantrave.net\/de\/wp-json\/wp\/v2\/pages"}],"about":[{"href":"https:\/\/joantrave.net\/de\/wp-json\/wp\/v2\/types\/page"}],"author":[{"embeddable":true,"href":"https:\/\/joantrave.net\/de\/wp-json\/wp\/v2\/users\/2"}],"replies":[{"embeddable":true,"href":"https:\/\/joantrave.net\/de\/wp-json\/wp\/v2\/comments?post=4745"}],"version-history":[{"count":7,"href":"https:\/\/joantrave.net\/de\/wp-json\/wp\/v2\/pages\/4745\/revisions"}],"predecessor-version":[{"id":4752,"href":"https:\/\/joantrave.net\/de\/wp-json\/wp\/v2\/pages\/4745\/revisions\/4752"}],"wp:attachment":[{"href":"https:\/\/joantrave.net\/de\/wp-json\/wp\/v2\/media?parent=4745"}],"curies":[{"name":"wp","href":"https:\/\/api.w.org\/{rel}","templated":true}]}}