{"id":4716,"date":"2025-07-31T16:12:34","date_gmt":"2025-07-31T14:12:34","guid":{"rendered":"https:\/\/joantrave.net\/biografie\/"},"modified":"2025-07-31T16:17:08","modified_gmt":"2025-07-31T14:17:08","slug":"biografie","status":"publish","type":"page","link":"https:\/\/joantrave.net\/de\/biografie\/","title":{"rendered":"Biografie"},"content":{"rendered":"<p>[et_pb_section fb_built=&#8220;1&#8243; _builder_version=&#8220;4.16&#8243; _module_preset=&#8220;default&#8220; custom_padding=&#8220;20px||14px|||&#8220; global_colors_info=&#8220;{}&#8220;][et_pb_row _builder_version=&#8220;4.27.2&#8243; _module_preset=&#8220;default&#8220; width=&#8220;90%&#8220; max_width=&#8220;1100px&#8220; module_alignment=&#8220;center&#8220; global_colors_info=&#8220;{}&#8220;][et_pb_column type=&#8220;4_4&#8243; _builder_version=&#8220;4.16&#8243; _module_preset=&#8220;default&#8220; global_colors_info=&#8220;{}&#8220;][et_pb_blurb title=&#8220;Biografie&#8220; content_max_width=&#8220;1100px&#8220; _builder_version=&#8220;4.27.4&#8243; _module_preset=&#8220;default&#8220; header_level=&#8220;h1&#8243; header_text_align=&#8220;center&#8220; header_font_size=&#8220;47px&#8220; custom_margin=&#8220;||||false|false&#8220; animation_direction=&#8220;left&#8220; animation=&#8220;off&#8220; global_colors_info=&#8220;{}&#8220;][\/et_pb_blurb][et_pb_text disabled_on=&#8220;on|off|off&#8220; _builder_version=&#8220;4.27.4&#8243; _module_preset=&#8220;default&#8220; text_font_size=&#8220;22px&#8220; text_line_height=&#8220;1.3em&#8220; text_orientation=&#8220;center&#8220; module_alignment=&#8220;center&#8220; custom_padding=&#8220;||0px|||&#8220; animation_direction=&#8220;right&#8220; global_colors_info=&#8220;{}&#8220;]<\/p>\n<p>Pianist und Fortepianist<\/p>\n<p>Dozent an der Hochschule f\u00fcr Musik und Darstellende Kunst Frankfurt<\/p>\n<p>Dozent am Peter-Cornelius-Konservatorium in Mainz<\/p>\n<p>[\/et_pb_text][et_pb_text disabled_on=&#8220;off|on|on&#8220; _builder_version=&#8220;4.27.4&#8243; _module_preset=&#8220;default&#8220; text_font_size=&#8220;22px&#8220; text_line_height=&#8220;1.3em&#8220; text_orientation=&#8220;center&#8220; module_alignment=&#8220;center&#8220; custom_padding=&#8220;||0px|||&#8220; animation_direction=&#8220;right&#8220; global_colors_info=&#8220;{}&#8220;]<\/p>\n<p>Pianist und Fortepianist<\/p>\n<p>Dozent an der Hochschule f\u00fcr Musik und Darstellende Kunst Frankfurt<\/p>\n<p>Dozent am Peter-Cornelius-Konservatorium in Mainz<\/p>\n<p>[\/et_pb_text][\/et_pb_column][\/et_pb_row][et_pb_row column_structure=&#8220;1_2,1_2&#8243; _builder_version=&#8220;4.27.2&#8243; _module_preset=&#8220;default&#8220; width=&#8220;90%&#8220; max_width=&#8220;1100px&#8220; module_alignment=&#8220;center&#8220; global_colors_info=&#8220;{}&#8220;][et_pb_column type=&#8220;1_2&#8243; _builder_version=&#8220;4.27.0&#8243; _module_preset=&#8220;default&#8220; global_colors_info=&#8220;{}&#8220;][et_pb_text _builder_version=&#8220;4.27.4&#8243; _module_preset=&#8220;default&#8220; animation_direction=&#8220;right&#8220; global_colors_info=&#8220;{}&#8220;]<\/p>\n<p><span style=\"font-weight: 400;\">Joan Trav\u00e9 ist Pianist, Fortepianist und Dozent. Als vielseitiger Musiker bewegt er sich mit Selbstverst\u00e4ndlichkeit zwischen historischen Tasteninstrumenten und dem modernen Konzertfl\u00fcgel. Sein Repertoire reicht von der englischen Renaissance bis zur Musik der Gegenwart, mit einem besonderen Schwerpunkt auf der historischen Auff\u00fchrungspraxis.<\/span><\/p>\n<p><span style=\"font-weight: 400;\">Geboren 1991 in Palma de Mallorca, trat Joan Trav\u00e9 bereits im Alter von 16 Jahren als Solist mit Beethovens erstem Klavierkonzert auf. Seither konzertierte er in zahlreichen L\u00e4ndern Europas, u.\u202fa. in der Oper Frankfurt, beim Festival Chopin in Valldemossa, dem Staatstheater Wiesbaden, dem FEL!X urban Festival in K\u00f6ln oder im Frankfurter Holzhausenschl\u00f6sschen. Er tritt regelm\u00e4\u00dfig sowohl solistisch als auch in kammermusikalischer Besetzung auf.<\/span><\/p>\n<p><span style=\"font-weight: 400;\">Bei musikalischen Begegnungen mit den Musiker*innen Lorenzo Coppola, Eva Maria Pollerus und Carmen Leoni lebt er seine Leidenschaft f\u00fcr historische Interpretationspraxis und alte Musikinstrumente aus. Gepr\u00e4gt wurde er insbesondere durch sein Studium bei Jesper Christensen im Fach Fortepiano und historische Klaviere der Romantik.<\/span><\/p>\n<p>[\/et_pb_text][et_pb_image src=&#8220;https:\/\/joantrave.net\/wp-content\/uploads\/2025\/06\/Joan-Trave-pianist-and-fortepianist.-Photo-by-Yat-Ho-Tsang-9-1.jpeg&#8220; title_text=&#8220;Joan Trav\u00e9, pianist and fortepianist. Photo by Yat Ho Tsang &#8211; 9&#8243; _builder_version=&#8220;4.27.4&#8243; _module_preset=&#8220;default&#8220; global_colors_info=&#8220;{}&#8220;][\/et_pb_image][\/et_pb_column][et_pb_column type=&#8220;1_2&#8243; _builder_version=&#8220;4.27.0&#8243; _module_preset=&#8220;default&#8220; global_colors_info=&#8220;{}&#8220;][et_pb_image src=&#8220;https:\/\/joantrave.net\/wp-content\/uploads\/2025\/06\/Joan-Trave-pianist-and-fortepianist.-Photo-by-Yat-Ho-Tsang-5-1.jpeg&#8220; title_text=&#8220;Joan Trav\u00e9, pianist and fortepianist. Photo by Yat Ho Tsang &#8211; 5&#8243; disabled_on=&#8220;on|off|off&#8220; _builder_version=&#8220;4.27.4&#8243; _module_preset=&#8220;default&#8220; global_colors_info=&#8220;{}&#8220;][\/et_pb_image][et_pb_text _builder_version=&#8220;4.27.4&#8243; _module_preset=&#8220;default&#8220; animation_direction=&#8220;right&#8220; global_colors_info=&#8220;{}&#8220;]<\/p>\n<p><span style=\"font-weight: 400;\">Sein besonderes Interesse gilt der Verbindung von Spielpraxis und Forschung: Bereits 2011 pr\u00e4sentierte er im Chopin-Museum Valldemossa eine Studie \u00fcber das Manuskript von Chopins <\/span><i><span style=\"font-weight: 400;\">Nocturne cis-Moll op. posth.<\/span><\/i><span style=\"font-weight: 400;\">. 2022 f\u00fchrte er ein vom Institut d\u2019Estudis Bale\u00e0rics gef\u00f6rdertes k\u00fcnstlerisches Forschungsprojekt \u00fcber die \u201ePianoforte-Schule\u201c von Carl Czerny durch.<\/span><\/p>\n<p><span style=\"font-weight: 400;\">Seine musikalische Ausbildung begann er bei Luc\u00eda Luque, Mar\u00eda Jes\u00fas Salv\u00e0 und Ireneusz Jagla. Anschlie\u00dfend studierte er Klavier bei Miquel Estelrich und Manuel Carra an der Hochschule f\u00fcr Musik der Balearischen Inseln. An der Hochschule f\u00fcr Musik und Darstellende Kunst Frankfurt am Main absolvierte er Masterstudieng\u00e4nge in Klavier (Prof. Catherine Vickers) und Hammerklavier (Prof. Jesper Christensen). Klavierphysiologie studierte er bei Laurent Boullet, historische Improvisation und Stilkomposition bei Michael Koch.<\/span><\/p>\n<p><span style=\"font-weight: 400;\">Heute unterrichtet Joan Trav\u00e9 Hammerklavier an der Hochschule f\u00fcr Musik und Darstellende Kunst Frankfurt sowie Klavier am Peter-Cornelius-Konservatorium in Mainz, wo er sowohl mit Studierenden als auch mit Pre-College-Sch\u00fcler*innen arbeitet.<\/span><\/p>\n<p>[\/et_pb_text][et_pb_image src=&#8220;https:\/\/joantrave.net\/wp-content\/uploads\/2025\/06\/Joan-Trave-pianist-and-fortepianist.-Photo-by-Yat-Ho-Tsang-5-1.jpeg&#8220; title_text=&#8220;Joan Trav\u00e9, pianist and fortepianist. Photo by Yat Ho Tsang &#8211; 5&#8243; disabled_on=&#8220;off|on|on&#8220; _builder_version=&#8220;4.27.4&#8243; _module_preset=&#8220;default&#8220; global_colors_info=&#8220;{}&#8220;][\/et_pb_image][\/et_pb_column][\/et_pb_row][et_pb_row _builder_version=&#8220;4.27.0&#8243; _module_preset=&#8220;default&#8220; global_colors_info=&#8220;{}&#8220;][et_pb_column type=&#8220;4_4&#8243; _builder_version=&#8220;4.27.0&#8243; _module_preset=&#8220;default&#8220; global_colors_info=&#8220;{}&#8220;][et_pb_button button_url=&#8220;https:\/\/drive.google.com\/drive\/folders\/1EHAE5nGNckyeGdCPaxzhcBrsqjU64OPT?usp=sharing&#8220; url_new_window=&#8220;on&#8220; button_text=&#8220;Lebenslauf und hochaufl\u00f6sende Fotos verf\u00fcgbar hier&#8220; button_alignment=&#8220;center&#8220; button_alignment_phone=&#8220;center&#8220; button_alignment_last_edited=&#8220;off|desktop&#8220; _builder_version=&#8220;4.27.4&#8243; _module_preset=&#8220;default&#8220; custom_button=&#8220;on&#8220; button_border_radius=&#8220;100px&#8220; locked=&#8220;off&#8220; global_colors_info=&#8220;{}&#8220;][\/et_pb_button][\/et_pb_column][\/et_pb_row][\/et_pb_section]<\/p>\n","protected":false},"excerpt":{"rendered":"<p>Pianist und FortepianistDozent an der Hochschule f\u00fcr Musik und Darstellende Kunst FrankfurtDozent am Peter-Cornelius-Konservatorium in MainzPianist und FortepianistDozent an der Hochschule f\u00fcr Musik und Darstellende Kunst FrankfurtDozent am Peter-Cornelius-Konservatorium in MainzJoan Trav\u00e9 ist Pianist, Fortepianist und Dozent. Als vielseitiger Musiker bewegt er sich mit Selbstverst\u00e4ndlichkeit zwischen historischen Tasteninstrumenten und dem modernen Konzertfl\u00fcgel. Sein Repertoire reicht [&hellip;]<\/p>\n","protected":false},"author":2,"featured_media":0,"parent":0,"menu_order":0,"comment_status":"closed","ping_status":"closed","template":"","meta":{"_seopress_robots_primary_cat":"","_seopress_titles_title":"Biografie des Pianisten und Fortepianisten Joan Trav\u00e9","_seopress_titles_desc":"Joan Trav\u00e9 ist ein herausragender Pianist und Fortepianist und zudem Dozent f\u00fcr beide Instrumente.","_seopress_robots_index":"","_et_pb_use_builder":"on","_et_pb_old_content":"","_et_gb_content_width":"","footnotes":""},"class_list":["post-4716","page","type-page","status-publish","hentry"],"_links":{"self":[{"href":"https:\/\/joantrave.net\/de\/wp-json\/wp\/v2\/pages\/4716","targetHints":{"allow":["GET"]}}],"collection":[{"href":"https:\/\/joantrave.net\/de\/wp-json\/wp\/v2\/pages"}],"about":[{"href":"https:\/\/joantrave.net\/de\/wp-json\/wp\/v2\/types\/page"}],"author":[{"embeddable":true,"href":"https:\/\/joantrave.net\/de\/wp-json\/wp\/v2\/users\/2"}],"replies":[{"embeddable":true,"href":"https:\/\/joantrave.net\/de\/wp-json\/wp\/v2\/comments?post=4716"}],"version-history":[{"count":8,"href":"https:\/\/joantrave.net\/de\/wp-json\/wp\/v2\/pages\/4716\/revisions"}],"predecessor-version":[{"id":4724,"href":"https:\/\/joantrave.net\/de\/wp-json\/wp\/v2\/pages\/4716\/revisions\/4724"}],"wp:attachment":[{"href":"https:\/\/joantrave.net\/de\/wp-json\/wp\/v2\/media?parent=4716"}],"curies":[{"name":"wp","href":"https:\/\/api.w.org\/{rel}","templated":true}]}}