{"id":4710,"date":"2025-07-31T16:06:36","date_gmt":"2025-07-31T14:06:36","guid":{"rendered":"https:\/\/joantrave.net\/start\/"},"modified":"2025-07-31T16:07:32","modified_gmt":"2025-07-31T14:07:32","slug":"start","status":"publish","type":"page","link":"https:\/\/joantrave.net\/de\/","title":{"rendered":"Start"},"content":{"rendered":"<p>[et_pb_section fb_built=&#8220;1&#8243; disabled_on=&#8220;off|on|on&#8220; _builder_version=&#8220;4.27.4&#8243; _module_preset=&#8220;default&#8220; background_color=&#8220;#551524&#8243; custom_padding=&#8220;16px||0px|||&#8220; global_colors_info=&#8220;{}&#8220;][et_pb_row _builder_version=&#8220;4.27.4&#8243; _module_preset=&#8220;default&#8220; global_colors_info=&#8220;{}&#8220;][et_pb_column type=&#8220;4_4&#8243; _builder_version=&#8220;4.27.4&#8243; _module_preset=&#8220;default&#8220; global_colors_info=&#8220;{}&#8220;][et_pb_blurb title=&#8220;Joan Trav\u00e9&#8220; _builder_version=&#8220;4.27.4&#8243; _module_preset=&#8220;default&#8220; header_level=&#8220;h1&#8243; header_font_size=&#8220;50px&#8220; body_font_size=&#8220;19px&#8220; text_orientation=&#8220;center&#8220; background_layout=&#8220;dark&#8220; custom_margin=&#8220;||16px|||&#8220; global_colors_info=&#8220;{}&#8220;]PIANIST | FORTEPIANIST[\/et_pb_blurb][\/et_pb_column][\/et_pb_row][\/et_pb_section][et_pb_section fb_built=&#8220;1&#8243; fullwidth=&#8220;on&#8220; _builder_version=&#8220;4.27.4&#8243; _module_preset=&#8220;default&#8220; collapsed=&#8220;off&#8220; global_colors_info=&#8220;{}&#8220;][et_pb_fullwidth_header title=&#8220;Joan Trav\u00e9&#8220; subhead=&#8220;PIANIST | FORTEPIANIST&#8220; text_orientation=&#8220;center&#8220; disabled_on=&#8220;on|off|off&#8220; _builder_version=&#8220;4.27.4&#8243; _module_preset=&#8220;default&#8220; title_font=&#8220;|300|||||||&#8220; title_font_size=&#8220;100px&#8220; content_font_size=&#8220;25px&#8220; subhead_text_color=&#8220;#FFFFFF&#8220; subhead_font_size=&#8220;25px&#8220; subhead_line_height=&#8220;1.1em&#8220; background_enable_color=&#8220;off&#8220; background_image=&#8220;https:\/\/joantrave.net\/wp-content\/uploads\/2025\/06\/Joan-Trave-pianist-and-fortepianist.-Photo-by-Yat-Ho-Tsang-2-scaled.jpg&#8220; custom_margin=&#8220;||||false|false&#8220; custom_padding=&#8220;323px||323px|500px|true|false&#8220; custom_padding_tablet=&#8220;200px||200px|500px|true|false&#8220; custom_padding_phone=&#8220;20px||20px|100px|true|false&#8220; custom_padding_last_edited=&#8220;on|phone&#8220; title_font_size_tablet=&#8220;65px&#8220; title_font_size_phone=&#8220;40px&#8220; title_font_size_last_edited=&#8220;on|phone&#8220; title_line_height_tablet=&#8220;&#8220; title_line_height_phone=&#8220;0.8em&#8220; title_line_height_last_edited=&#8220;on|phone&#8220; subhead_font_size_tablet=&#8220;25px&#8220; subhead_font_size_phone=&#8220;16px&#8220; subhead_font_size_last_edited=&#8220;on|phone&#8220; subhead_line_height_tablet=&#8220;1.1em&#8220; subhead_line_height_phone=&#8220;1.1em&#8220; subhead_line_height_last_edited=&#8220;on|phone&#8220; background_last_edited=&#8220;off|desktop&#8220; global_colors_info=&#8220;{}&#8220;][\/et_pb_fullwidth_header][\/et_pb_section][et_pb_section fb_built=&#8220;1&#8243; fullwidth=&#8220;on&#8220; disabled_on=&#8220;off|on|on&#8220; _builder_version=&#8220;4.27.4&#8243; _module_preset=&#8220;default&#8220; collapsed=&#8220;off&#8220; global_colors_info=&#8220;{}&#8220;][et_pb_fullwidth_image src=&#8220;https:\/\/joantrave.net\/wp-content\/uploads\/2025\/06\/Joan-Trave-pianist-and-fortepianist.-Photo-by-Yat-Ho-Tsang-5-1.jpeg&#8220; alt=&#8220;Joan Trav\u00e9, Pianist und Fortepianist&#8220; title_text=&#8220;Joan Trav\u00e9, pianist and fortepianist. Photo by Yat Ho Tsang &#8211; 5&#8243; _builder_version=&#8220;4.27.4&#8243; _module_preset=&#8220;default&#8220; global_colors_info=&#8220;{}&#8220;][\/et_pb_fullwidth_image][\/et_pb_section][et_pb_section fb_built=&#8220;1&#8243; disabled_on=&#8220;on|off|off&#8220; _builder_version=&#8220;4.27.4&#8243; _module_preset=&#8220;default&#8220; background_color=&#8220;#551524&#8243; custom_padding=&#8220;16px||0px|||&#8220; global_colors_info=&#8220;{}&#8220;][et_pb_row _builder_version=&#8220;4.27.4&#8243; _module_preset=&#8220;default&#8220; custom_padding=&#8220;39px||52px|||&#8220; global_colors_info=&#8220;{}&#8220;][et_pb_column type=&#8220;4_4&#8243; _builder_version=&#8220;4.27.4&#8243; _module_preset=&#8220;default&#8220; global_colors_info=&#8220;{}&#8220;][\/et_pb_column][\/et_pb_row][\/et_pb_section][et_pb_section fb_built=&#8220;1&#8243; _builder_version=&#8220;4.16&#8243; _module_preset=&#8220;default&#8220; custom_padding=&#8220;20px||14px|||&#8220; global_colors_info=&#8220;{}&#8220;][et_pb_row _builder_version=&#8220;4.27.2&#8243; _module_preset=&#8220;default&#8220; width=&#8220;90%&#8220; module_alignment=&#8220;center&#8220; custom_margin=&#8220;|76px||auto||&#8220; global_colors_info=&#8220;{}&#8220;][et_pb_column type=&#8220;4_4&#8243; _builder_version=&#8220;4.16&#8243; _module_preset=&#8220;default&#8220; global_colors_info=&#8220;{}&#8220;][et_pb_blurb title=&#8220;\u00dcber&#8220; content_max_width=&#8220;1100px&#8220; _builder_version=&#8220;4.27.4&#8243; _module_preset=&#8220;default&#8220; header_level=&#8220;h2&#8243; header_text_align=&#8220;center&#8220; header_font_size=&#8220;47px&#8220; custom_margin=&#8220;||||false|false&#8220; animation_direction=&#8220;left&#8220; animation=&#8220;off&#8220; hover_transition_duration=&#8220;0ms&#8220; header_font_size_tablet=&#8220;75px&#8220; header_font_size_phone=&#8220;70px&#8220; header_font_size_last_edited=&#8220;off|desktop&#8220; global_colors_info=&#8220;{}&#8220;][\/et_pb_blurb][et_pb_text disabled_on=&#8220;on|off|off&#8220; _builder_version=&#8220;4.27.4&#8243; _module_preset=&#8220;default&#8220; text_font_size=&#8220;22px&#8220; text_line_height=&#8220;1.3em&#8220; text_orientation=&#8220;center&#8220; module_alignment=&#8220;center&#8220; custom_margin=&#8220;-19px|||||&#8220; custom_padding=&#8220;9px||0px|||&#8220; animation_direction=&#8220;left&#8220; locked=&#8220;off&#8220; global_colors_info=&#8220;{}&#8220;]<\/p>\n<p>Pianist und Fortepianist<\/p>\n<p>Dozent an der Hochschule f\u00fcr Musik und Darstellende Kunst Frankfurt<\/p>\n<p>Dozent am Peter-Cornelius-Konservatorium in Mainz<\/p>\n<p>[\/et_pb_text][et_pb_text disabled_on=&#8220;off|on|on&#8220; _builder_version=&#8220;4.27.4&#8243; _module_preset=&#8220;default&#8220; text_font_size=&#8220;19px&#8220; text_line_height=&#8220;1.3em&#8220; text_orientation=&#8220;center&#8220; module_alignment=&#8220;center&#8220; custom_margin=&#8220;-19px|||||&#8220; custom_padding=&#8220;||0px|||&#8220; animation_direction=&#8220;left&#8220; locked=&#8220;off&#8220; global_colors_info=&#8220;{}&#8220;]<\/p>\n<p>Pianist und Fortepianist<\/p>\n<p>Dozent an der Hochschule f\u00fcr Musik und Darstellende Kunst Frankfurt<\/p>\n<p>Dozent am Peter-Cornelius-Konservatorium in Mainz<\/p>\n<p>[\/et_pb_text][\/et_pb_column][\/et_pb_row][et_pb_row column_structure=&#8220;1_2,1_2&#8243; _builder_version=&#8220;4.27.2&#8243; _module_preset=&#8220;default&#8220; width=&#8220;90%&#8220; global_colors_info=&#8220;{}&#8220;][et_pb_column type=&#8220;1_2&#8243; _builder_version=&#8220;4.27.0&#8243; _module_preset=&#8220;default&#8220; global_colors_info=&#8220;{}&#8220;][et_pb_text _builder_version=&#8220;4.27.4&#8243; _module_preset=&#8220;default&#8220; animation_direction=&#8220;right&#8220; global_colors_info=&#8220;{}&#8220;]<\/p>\n<p><span style=\"font-weight: 400;\">Joan Trav\u00e9 ist Pianist, Fortepianist und Dozent. Als vielseitiger Musiker bewegt er sich mit Selbstverst\u00e4ndlichkeit zwischen historischen Tasteninstrumenten und dem modernen Konzertfl\u00fcgel. Sein Repertoire reicht von der englischen Renaissance bis zur Musik der Gegenwart, mit einem besonderen Schwerpunkt auf der historischen Auff\u00fchrungspraxis.<\/span><\/p>\n<p><span style=\"font-weight: 400;\">Geboren 1991 in Palma de Mallorca, trat Joan Trav\u00e9 bereits im Alter von 16 Jahren als Solist mit Beethovens erstem Klavierkonzert auf. Seither konzertierte er in zahlreichen L\u00e4ndern Europas, u.\u202fa. in der Oper Frankfurt, beim Festival Chopin in Valldemossa, dem Staatstheater Wiesbaden, dem FEL!X urban Festival in K\u00f6ln oder im Frankfurter Holzhausenschl\u00f6sschen. Er tritt regelm\u00e4\u00dfig sowohl solistisch als auch in kammermusikalischer Besetzung auf.<\/span><\/p>\n<p><span style=\"font-weight: 400;\">Bei musikalischen Begegnungen mit den Musiker*innen Lorenzo Coppola, Eva Maria Pollerus und Carmen Leoni lebt er seine Leidenschaft f\u00fcr historische Interpretationspraxis und alte Musikinstrumente aus. Gepr\u00e4gt wurde er insbesondere durch sein Studium bei Jesper Christensen im Fach Fortepiano und historische Klaviere der Romantik.<\/span><\/p>\n<p>[\/et_pb_text][et_pb_image src=&#8220;https:\/\/joantrave.net\/wp-content\/uploads\/2025\/06\/Joan-Trave-pianist-and-fortepianist.-Photo-by-Yat-Ho-Tsang-2-scaled.jpg&#8220; alt=&#8220;Joan Trav\u00e9, Pianist und Fortepianist&#8220; title_text=&#8220;Joan Trav\u00e9, pianist and fortepianist. Photo by Yat Ho Tsang &#8211; 2&#8243; disabled_on=&#8220;off|on|on&#8220; _builder_version=&#8220;4.27.4&#8243; _module_preset=&#8220;default&#8220; global_colors_info=&#8220;{}&#8220;][\/et_pb_image][\/et_pb_column][et_pb_column type=&#8220;1_2&#8243; _builder_version=&#8220;4.27.0&#8243; _module_preset=&#8220;default&#8220; global_colors_info=&#8220;{}&#8220;][et_pb_text _builder_version=&#8220;4.27.4&#8243; _module_preset=&#8220;default&#8220; animation_direction=&#8220;right&#8220; locked=&#8220;off&#8220; global_colors_info=&#8220;{}&#8220;]<\/p>\n<p>Sein besonderes Interesse gilt der Verbindung von Spielpraxis und Forschung: Bereits 2011 pr\u00e4sentierte er im Chopin-Museum Valldemossa eine Studie \u00fcber das Manuskript von Chopins Nocturne cis-Moll op. posth.. 2022 f\u00fchrte er ein vom Institut d\u2019Estudis Bale\u00e0rics gef\u00f6rdertes k\u00fcnstlerisches Forschungsprojekt \u00fcber die \u201ePianoforte-Schule\u201c von Carl Czerny durch.<\/p>\n<p>Seine musikalische Ausbildung begann er bei Luc\u00eda Luque, Mar\u00eda Jes\u00fas Salv\u00e0 und Ireneusz Jagla. Anschlie\u00dfend studierte er Klavier bei Miquel Estelrich und Manuel Carra an der Hochschule f\u00fcr Musik der Balearischen Inseln. An der Hochschule f\u00fcr Musik und Darstellende Kunst Frankfurt am Main absolvierte er Masterstudieng\u00e4nge in Klavier (Prof. Catherine Vickers) und Hammerklavier (Prof. Jesper Christensen). Klavierphysiologie studierte er bei Laurent Boullet, historische Improvisation und Stilkomposition bei Michael Koch.<\/p>\n<p>Heute unterrichtet Joan Trav\u00e9 Hammerklavier an der Hochschule f\u00fcr Musik und Darstellende Kunst Frankfurt sowie Klavier am Peter-Cornelius-Konservatorium in Mainz, wo er sowohl mit Studierenden als auch mit Pre-College-Sch\u00fcler*innen arbeitet.<\/p>\n<p>[\/et_pb_text][et_pb_image src=&#8220;https:\/\/joantrave.net\/wp-content\/uploads\/2025\/06\/Joan-Trave-pianist-and-fortepianist.-Photo-by-Yat-Ho-Tsang-8-1.jpeg&#8220; alt=&#8220;Joan Trav\u00e9, Pianist und Fortepianist&#8220; title_text=&#8220;Joan Trav\u00e9, pianist and fortepianist. Photo by Yat Ho Tsang &#8211; 8&#8243; disabled_on=&#8220;off|on|on&#8220; _builder_version=&#8220;4.27.4&#8243; _module_preset=&#8220;default&#8220; global_colors_info=&#8220;{}&#8220;][\/et_pb_image][\/et_pb_column][\/et_pb_row][et_pb_row column_structure=&#8220;1_3,1_3,1_3&#8243; disabled_on=&#8220;on|off|off&#8220; _builder_version=&#8220;4.27.4&#8243; _module_preset=&#8220;default&#8220; global_colors_info=&#8220;{}&#8220;][et_pb_column type=&#8220;1_3&#8243; _builder_version=&#8220;4.27.4&#8243; _module_preset=&#8220;default&#8220; global_colors_info=&#8220;{}&#8220;][et_pb_image src=&#8220;https:\/\/joantrave.net\/wp-content\/uploads\/2025\/06\/Joan-Trave-pianist-and-fortepianist.-Photo-by-Yat-Ho-Tsang-1-1.jpeg&#8220; title_text=&#8220;Joan Trav\u00e9, pianist and fortepianist. Photo by Yat Ho Tsang &#8211; 1&#8243; disabled_on=&#8220;on|off|off&#8220; _builder_version=&#8220;4.27.4&#8243; _module_preset=&#8220;default&#8220; global_colors_info=&#8220;{}&#8220;][\/et_pb_image][\/et_pb_column][et_pb_column type=&#8220;1_3&#8243; _builder_version=&#8220;4.27.4&#8243; _module_preset=&#8220;default&#8220; global_colors_info=&#8220;{}&#8220;][et_pb_image src=&#8220;https:\/\/joantrave.net\/wp-content\/uploads\/2025\/06\/Joan-Trave-pianist-and-fortepianist.-Photo-by-Yat-Ho-Tsang-5-1.jpeg&#8220; title_text=&#8220;Joan Trav\u00e9, pianist and fortepianist. Photo by Yat Ho Tsang &#8211; 5&#8243; disabled_on=&#8220;on|off|off&#8220; _builder_version=&#8220;4.27.4&#8243; _module_preset=&#8220;default&#8220; global_colors_info=&#8220;{}&#8220;][\/et_pb_image][\/et_pb_column][et_pb_column type=&#8220;1_3&#8243; _builder_version=&#8220;4.27.4&#8243; _module_preset=&#8220;default&#8220; global_colors_info=&#8220;{}&#8220;][et_pb_image src=&#8220;https:\/\/joantrave.net\/wp-content\/uploads\/2025\/06\/Joan-Trave-pianist-and-fortepianist.-Photo-by-Yat-Ho-Tsang-9-1.jpeg&#8220; title_text=&#8220;Joan Trav\u00e9, pianist and fortepianist. Photo by Yat Ho Tsang &#8211; 9&#8243; disabled_on=&#8220;on|off|off&#8220; _builder_version=&#8220;4.27.4&#8243; _module_preset=&#8220;default&#8220; global_colors_info=&#8220;{}&#8220;][\/et_pb_image][\/et_pb_column][\/et_pb_row][et_pb_row _builder_version=&#8220;4.27.2&#8243; _module_preset=&#8220;default&#8220; width=&#8220;90%&#8220; module_alignment=&#8220;center&#8220; global_colors_info=&#8220;{}&#8220;][et_pb_column type=&#8220;4_4&#8243; _builder_version=&#8220;4.16&#8243; _module_preset=&#8220;default&#8220; global_colors_info=&#8220;{}&#8220;][et_pb_blurb title=&#8220;Fortepiano | Hammerklavier&#8220; content_max_width=&#8220;850px&#8220; _builder_version=&#8220;4.27.4&#8243; _module_preset=&#8220;default&#8220; header_level=&#8220;h2&#8243; header_text_align=&#8220;center&#8220; header_font_size=&#8220;47px&#8220; text_orientation=&#8220;center&#8220; custom_margin=&#8220;||||false|false&#8220; animation_direction=&#8220;right&#8220; animation=&#8220;off&#8220; header_font_size_tablet=&#8220;75px&#8220; header_font_size_phone=&#8220;52px&#8220; header_font_size_last_edited=&#8220;on|phone&#8220; global_colors_info=&#8220;{}&#8220;][\/et_pb_blurb][et_pb_text disabled_on=&#8220;off|off|off&#8220; _builder_version=&#8220;4.27.4&#8243; _module_preset=&#8220;default&#8220; text_font_size=&#8220;22px&#8220; text_line_height=&#8220;1.3em&#8220; text_orientation=&#8220;center&#8220; module_alignment=&#8220;center&#8220; custom_margin=&#8220;-21px|||||&#8220; animation_direction=&#8220;left&#8220; global_colors_info=&#8220;{}&#8220;]<\/p>\n<p>Joan Trav\u00e9 ist Musiker mit Schwerpunkt auf dem Hammerklavier \u2013 einem Instrument, das einen unmittelbaren Zugang zur Klangwelt des 18. und 19. Jahrhunderts er\u00f6ffnet.<\/p>\n<p>[\/et_pb_text][et_pb_image src=&#8220;https:\/\/joantrave.net\/wp-content\/uploads\/2025\/06\/Joan-Trave-pianist-and-fortepianist.-Photo-by-Yat-Ho-Tsang-6-1.jpeg&#8220; alt=&#8220;Joan Trave\u0301, piano &#8211; fortepiano. Walter 037&#8243; title_text=&#8220;Joan Trav\u00e9, pianist and fortepianist. Photo by Yat Ho Tsang &#8211; 6&#8243; align=&#8220;center&#8220; _builder_version=&#8220;4.27.4&#8243; _module_preset=&#8220;default&#8220; global_colors_info=&#8220;{}&#8220;][\/et_pb_image][\/et_pb_column][\/et_pb_row][et_pb_row _builder_version=&#8220;4.27.2&#8243; _module_preset=&#8220;default&#8220; width=&#8220;90%&#8220; module_alignment=&#8220;center&#8220; global_colors_info=&#8220;{}&#8220;][et_pb_column type=&#8220;4_4&#8243; _builder_version=&#8220;4.16&#8243; _module_preset=&#8220;default&#8220; global_colors_info=&#8220;{}&#8220;][et_pb_blurb title=&#8220;Lehrt\u00e4tigkeit&#8220; content_max_width=&#8220;850px&#8220; _builder_version=&#8220;4.27.4&#8243; _module_preset=&#8220;default&#8220; header_level=&#8220;h2&#8243; header_text_align=&#8220;center&#8220; header_font_size=&#8220;47px&#8220; text_orientation=&#8220;center&#8220; custom_margin=&#8220;||||false|false&#8220; animation_direction=&#8220;right&#8220; animation=&#8220;off&#8220; header_font_size_tablet=&#8220;75px&#8220; header_font_size_phone=&#8220;52px&#8220; header_font_size_last_edited=&#8220;on|phone&#8220; global_colors_info=&#8220;{}&#8220;][\/et_pb_blurb][et_pb_text disabled_on=&#8220;off|off|off&#8220; _builder_version=&#8220;4.27.4&#8243; _module_preset=&#8220;default&#8220; text_font_size=&#8220;22px&#8220; text_line_height=&#8220;1.3em&#8220; text_orientation=&#8220;center&#8220; module_alignment=&#8220;center&#8220; custom_margin=&#8220;-17px|||||&#8220; custom_padding=&#8220;||0px|||&#8220; animation_direction=&#8220;left&#8220; global_colors_info=&#8220;{}&#8220;]<\/p>\n<p>Joan Trav\u00e9 ist Dozent f\u00fcr Fortepiano an der Hochschule f\u00fcr Musik und Darstellende Kunst Frankfurt am Main und Dozent f\u00fcr Klavier am Peter-Cornelius-Konservatorium in Mainz.<\/p>\n<p>[\/et_pb_text][et_pb_button button_url=&#8220;https:\/\/joantrave.net\/docencia\/&#8220; button_text=&#8220;Mehr&#8220; button_alignment=&#8220;center&#8220; _builder_version=&#8220;4.27.4&#8243; _module_preset=&#8220;default&#8220; custom_button=&#8220;on&#8220; button_border_width=&#8220;2px&#8220; button_border_radius=&#8220;100px&#8220; global_colors_info=&#8220;{}&#8220;][\/et_pb_button][et_pb_image src=&#8220;https:\/\/joantrave.net\/wp-content\/uploads\/2025\/06\/Joan-Trave-pianist-and-fortepianist.-Photo-by-Yat-Ho-Tsang-4-1.jpeg&#8220; alt=&#8220;Joan Trave\u0301, piano &#8211; fortepiano. Walter 037&#8243; title_text=&#8220;Joan Trav\u00e9, pianist and fortepianist. Photo by Yat Ho Tsang &#8211; 4&#8243; align=&#8220;center&#8220; _builder_version=&#8220;4.27.4&#8243; _module_preset=&#8220;default&#8220; global_colors_info=&#8220;{}&#8220;][\/et_pb_image][\/et_pb_column][\/et_pb_row][\/et_pb_section]<\/p>\n","protected":false},"excerpt":{"rendered":"<p>PIANIST | FORTEPIANISTPianist und FortepianistDozent an der Hochschule f\u00fcr Musik und Darstellende Kunst FrankfurtDozent am Peter-Cornelius-Konservatorium in MainzPianist und FortepianistDozent an der Hochschule f\u00fcr Musik und Darstellende Kunst FrankfurtDozent am Peter-Cornelius-Konservatorium in MainzJoan Trav\u00e9 ist Pianist, Fortepianist und Dozent. Als vielseitiger Musiker bewegt er sich mit Selbstverst\u00e4ndlichkeit zwischen historischen Tasteninstrumenten und dem modernen Konzertfl\u00fcgel. Sein [&hellip;]<\/p>\n","protected":false},"author":2,"featured_media":0,"parent":0,"menu_order":0,"comment_status":"closed","ping_status":"closed","template":"","meta":{"_seopress_robots_primary_cat":"","_seopress_titles_title":"Joan Trav\u00e9 | Pianist und Fortepianist","_seopress_titles_desc":"Joan Trav\u00e9 ist Pianist, Fortepianist und Dozent an der Hochschule f\u00fcr Musik und Darstellende Kunst Frankfurt.","_seopress_robots_index":"","_et_pb_use_builder":"on","_et_pb_old_content":"","_et_gb_content_width":"","footnotes":""},"class_list":["post-4710","page","type-page","status-publish","hentry"],"_links":{"self":[{"href":"https:\/\/joantrave.net\/de\/wp-json\/wp\/v2\/pages\/4710","targetHints":{"allow":["GET"]}}],"collection":[{"href":"https:\/\/joantrave.net\/de\/wp-json\/wp\/v2\/pages"}],"about":[{"href":"https:\/\/joantrave.net\/de\/wp-json\/wp\/v2\/types\/page"}],"author":[{"embeddable":true,"href":"https:\/\/joantrave.net\/de\/wp-json\/wp\/v2\/users\/2"}],"replies":[{"embeddable":true,"href":"https:\/\/joantrave.net\/de\/wp-json\/wp\/v2\/comments?post=4710"}],"version-history":[{"count":5,"href":"https:\/\/joantrave.net\/de\/wp-json\/wp\/v2\/pages\/4710\/revisions"}],"predecessor-version":[{"id":4715,"href":"https:\/\/joantrave.net\/de\/wp-json\/wp\/v2\/pages\/4710\/revisions\/4715"}],"wp:attachment":[{"href":"https:\/\/joantrave.net\/de\/wp-json\/wp\/v2\/media?parent=4710"}],"curies":[{"name":"wp","href":"https:\/\/api.w.org\/{rel}","templated":true}]}}