{"id":4469,"date":"2025-07-10T19:50:48","date_gmt":"2025-07-10T17:50:48","guid":{"rendered":"https:\/\/joantrave.net\/?page_id=4469"},"modified":"2025-07-10T19:51:27","modified_gmt":"2025-07-10T17:51:27","slug":"imprint","status":"publish","type":"page","link":"https:\/\/joantrave.net\/de\/imprint\/","title":{"rendered":"Imprint"},"content":{"rendered":"<p>[et_pb_section fb_built=&#8220;1&#8243; theme_builder_area=&#8220;post_content&#8220; _builder_version=&#8220;4.27.4&#8243; _module_preset=&#8220;default&#8220;][et_pb_row _builder_version=&#8220;4.27.4&#8243; _module_preset=&#8220;default&#8220; theme_builder_area=&#8220;post_content&#8220;][et_pb_column _builder_version=&#8220;4.27.4&#8243; _module_preset=&#8220;default&#8220; type=&#8220;4_4&#8243; theme_builder_area=&#8220;post_content&#8220;][et_pb_text _builder_version=&#8220;4.27.4&#8243; _module_preset=&#8220;default&#8220; theme_builder_area=&#8220;post_content&#8220; hover_enabled=&#8220;0&#8243; sticky_enabled=&#8220;0&#8243;]<\/p>\n<p class=\"p1\"><span class=\"s1\"><b>Espa\u00f1ol:<\/b><\/span> Para la versi\u00f3n en espa\u00f1ol, v\u00e9ase m\u00e1s abajo.<\/p>\n<p class=\"p1\"><span class=\"s1\"><b>English:<\/b><\/span> For the English version, see below.<\/p>\n<p class=\"p1\"><span class=\"s1\"><b>Deutsch:<\/b><\/span> F\u00fcr die Version auf Deutsch siehe unten.<\/p>\n<h3><b><br \/><span style=\"text-decoration: underline;\">CATAL\u00c0: Nota legal<\/span><\/b><\/h3>\n<p><b><\/b><\/p>\n<p class=\"p1\">Dades conforme al \u00a7 5 TMG (Alemanya):<\/p>\n<p class=\"p2\">\n<p class=\"p3\">Joan Trav\u00e9<\/p>\n<p class=\"p3\">Peter-Cornelius-Konservatorium der Stadt Mainz<\/p>\n<p class=\"p3\">Binger Stra\u00dfe 18, 55122 Mainz (Alemanya)<\/p>\n<p class=\"p2\">\n<p class=\"p3\">Contacte:<\/p>\n<p class=\"p3\">Correu electr\u00f2nic: joantravepla@gmail.com<\/p>\n<p class=\"p2\">\n<p class=\"p3\">Persona responsable del contingut segons \u00a7 55 apartat 2 RStV (Alemanya):<\/p>\n<p class=\"p3\">Joan Trav\u00e9<\/p>\n<p class=\"p3\">\n<p class=\"p3\">\n<p class=\"p3\">&#8212;&#8212;&#8212;-<\/p>\n<p class=\"p3\">\n<p class=\"p3\">\n<h3><span style=\"text-decoration: underline;\"><b>ESPA\u00d1OL: Nota legal<\/b><\/span><\/h3>\n<p class=\"p1\"><span class=\"s1\"><\/span><\/p>\n<p class=\"p1\">Datos conforme al \u00a7 5 TMG (Alemania):<\/p>\n<p class=\"p2\">\n<p class=\"p1\">Joan Trav\u00e9<\/p>\n<p class=\"p1\">Peter-Cornelius-Konservatorium der Stadt Mainz<\/p>\n<p class=\"p1\">Binger Stra\u00dfe 18, 55122 Mainz (Alemania)<\/p>\n<p class=\"p2\">\n<p class=\"p1\">Contacto:<\/p>\n<p class=\"p1\">Correo electr\u00f3nico: joantravepla@gmail.com<\/p>\n<p class=\"p2\">\n<p class=\"p1\">Persona responsable del contenido seg\u00fan \u00a7 55 apartado 2 RStV (Alemania):<\/p>\n<p class=\"p1\">Joan Trav\u00e9<\/p>\n<p class=\"p3\">\n<p class=\"p3\">\n<p>&#8212;&#8212;&#8212;-<\/p>\n<p class=\"p3\">\n<p class=\"p3\">\n<h3 class=\"p1\"><span style=\"text-decoration: underline;\"><span style=\"font-size: xx-large; color: #551524;\"><b>ENGLISH: Imprint<\/b><\/span><\/span><br \/><span class=\"s1\"><\/span><\/h3>\n<p class=\"p1\">\n<p class=\"p1\">Information according to \u00a7 5 TMG (Germany):<\/p>\n<p class=\"p2\">\n<p class=\"p1\">Joan Trav\u00e9<\/p>\n<p class=\"p1\">Peter-Cornelius-Konservatorium der Stadt Mainz<\/p>\n<p class=\"p1\">Binger Stra\u00dfe 18, 55122 Mainz (Germany)<\/p>\n<p class=\"p2\">\n<p class=\"p1\">Contact:<\/p>\n<p class=\"p1\">Email: joantravepla@gmail.com<\/p>\n<p class=\"p2\">\n<p class=\"p1\">Person responsible for content according to \u00a7 55 Abs. 2 RStV (Germany):<\/p>\n<p class=\"p1\">Joan Trav\u00e9<\/p>\n<p class=\"p3\">\n<p class=\"p3\">\n<p class=\"p3\">&#8212;&#8212;&#8212;-<\/p>\n<p class=\"p3\">\n<p class=\"p3\">\n<h3><span style=\"text-decoration: underline;\"><b>DEUTSCH: Impressum<\/b><\/span><br \/><span class=\"s1\"><\/span><\/h3>\n<p><span style=\"text-decoration: underline;\"><b><\/b><\/span><\/p>\n<p class=\"p1\">Angaben gem\u00e4\u00df \u00a7 5 TMG (Deutschland):<\/p>\n<p class=\"p2\">\n<p class=\"p1\">Joan Trav\u00e9<\/p>\n<p class=\"p1\">Peter-Cornelius-Konservatorium der Stadt Mainz<\/p>\n<p class=\"p1\">Binger Stra\u00dfe 18, 55122 Mainz (Deutschland)<\/p>\n<p class=\"p2\">\n<p class=\"p1\">Kontakt:<\/p>\n<p class=\"p1\">E-Mail: joantravepla@gmail.com<\/p>\n<p class=\"p2\">\n<p class=\"p1\">Verantwortlich f\u00fcr den Inhalt nach \u00a7 55 Abs. 2 RStV (Deutschland):<\/p>\n<p class=\"p1\">Joan Trav\u00e9<\/p>\n<p>[\/et_pb_text][\/et_pb_column][\/et_pb_row][\/et_pb_section]<\/p>\n","protected":false},"excerpt":{"rendered":"<p>Espa\u00f1ol: Para la versi\u00f3n en espa\u00f1ol, v\u00e9ase m\u00e1s abajo. English: For the English version, see below. Deutsch: F\u00fcr die Version auf Deutsch siehe unten. CATAL\u00c0: Nota legal Dades conforme al \u00a7 5 TMG (Alemanya): Joan Trav\u00e9 Peter-Cornelius-Konservatorium der Stadt Mainz Binger Stra\u00dfe 18, 55122 Mainz (Alemanya) Contacte: Correu electr\u00f2nic: joantravepla@gmail.com Persona responsable del contingut segons [&hellip;]<\/p>\n","protected":false},"author":2,"featured_media":0,"parent":0,"menu_order":0,"comment_status":"closed","ping_status":"closed","template":"","meta":{"_seopress_robots_primary_cat":"","_seopress_titles_title":"","_seopress_titles_desc":"","_seopress_robots_index":"","_et_pb_use_builder":"on","_et_pb_old_content":"","_et_gb_content_width":"","footnotes":""},"class_list":["post-4469","page","type-page","status-publish","hentry"],"_links":{"self":[{"href":"https:\/\/joantrave.net\/de\/wp-json\/wp\/v2\/pages\/4469","targetHints":{"allow":["GET"]}}],"collection":[{"href":"https:\/\/joantrave.net\/de\/wp-json\/wp\/v2\/pages"}],"about":[{"href":"https:\/\/joantrave.net\/de\/wp-json\/wp\/v2\/types\/page"}],"author":[{"embeddable":true,"href":"https:\/\/joantrave.net\/de\/wp-json\/wp\/v2\/users\/2"}],"replies":[{"embeddable":true,"href":"https:\/\/joantrave.net\/de\/wp-json\/wp\/v2\/comments?post=4469"}],"version-history":[{"count":3,"href":"https:\/\/joantrave.net\/de\/wp-json\/wp\/v2\/pages\/4469\/revisions"}],"predecessor-version":[{"id":4473,"href":"https:\/\/joantrave.net\/de\/wp-json\/wp\/v2\/pages\/4469\/revisions\/4473"}],"wp:attachment":[{"href":"https:\/\/joantrave.net\/de\/wp-json\/wp\/v2\/media?parent=4469"}],"curies":[{"name":"wp","href":"https:\/\/api.w.org\/{rel}","templated":true}]}}