{"id":2843,"date":"2022-09-12T12:20:52","date_gmt":"2022-09-12T10:20:52","guid":{"rendered":"https:\/\/joantrave.net\/?page_id=2843"},"modified":"2022-10-08T17:38:11","modified_gmt":"2022-10-08T15:38:11","slug":"iamusica","status":"publish","type":"page","link":"https:\/\/joantrave.net\/de\/iamusica\/","title":{"rendered":"IAM\u00fasica"},"content":{"rendered":"<p>[et_pb_section fb_built=&#8220;1&#8243; _builder_version=&#8220;4.7.7&#8243; _module_preset=&#8220;default&#8220;][et_pb_row _builder_version=&#8220;4.7.7&#8243; _module_preset=&#8220;default&#8220; width=&#8220;91%&#8220;][et_pb_column type=&#8220;4_4&#8243; _builder_version=&#8220;4.7.7&#8243; _module_preset=&#8220;default&#8220;][et_pb_image src=&#8220;https:\/\/joantrave.net\/wp-content\/uploads\/2022\/09\/logotipo_IA_musica_final.png&#8220; title_text=&#8220;logotipo_IA_musica_final&#8220; align=&#8220;center&#8220; _builder_version=&#8220;4.7.7&#8243; _module_preset=&#8220;default&#8220; height=&#8220;147px&#8220;][\/et_pb_image][\/et_pb_column][\/et_pb_row][\/et_pb_section][et_pb_section fb_built=&#8220;1&#8243; _builder_version=&#8220;4.7.7&#8243; _module_preset=&#8220;default&#8220; custom_padding=&#8220;0px||1px|||&#8220;][et_pb_row _builder_version=&#8220;4.7.7&#8243; _module_preset=&#8220;default&#8220;][et_pb_column type=&#8220;4_4&#8243; _builder_version=&#8220;4.7.7&#8243; _module_preset=&#8220;default&#8220;][et_pb_text _builder_version=&#8220;4.7.7&#8243; _module_preset=&#8220;default&#8220; text_font_size=&#8220;21px&#8220; text_letter_spacing=&#8220;1px&#8220; text_line_height=&#8220;1.8em&#8220;]<\/p>\n<p><b>Projecte<\/b><\/p>\n<p><span style=\"font-weight: 400;\">Al nostre projecte fem servir la Intel\u00b7lig\u00e8ncia Artificial aplicada a l&#8217;an\u00e0lisi d&#8217;\u00e0udio en temps real per a crear noves eines de suport per a la pr\u00e0ctica musical i aportar un nou enfocament quantitatiu per a la recerca art\u00edstica.<\/span><\/p>\n<p>&nbsp;<\/p>\n<p>[\/et_pb_text][et_pb_image src=&#8220;https:\/\/joantrave.net\/wp-content\/uploads\/2022\/09\/Selection_058.png&#8220; title_text=&#8220;Selection_058&#8243; disabled_on=&#8220;on|on|off&#8220; _builder_version=&#8220;4.7.7&#8243; _module_preset=&#8220;default&#8220;][\/et_pb_image][et_pb_gallery gallery_ids=&#8220;2856,2861,2851,2876&#8243; show_title_and_caption=&#8220;off&#8220; show_pagination=&#8220;off&#8220; _builder_version=&#8220;4.7.7&#8243; _module_preset=&#8220;default&#8220;][\/et_pb_gallery][\/et_pb_column][\/et_pb_row][\/et_pb_section][et_pb_section fb_built=&#8220;1&#8243; _builder_version=&#8220;4.7.7&#8243; _module_preset=&#8220;default&#8220; custom_padding=&#8220;6px||8px|||&#8220;][et_pb_row column_structure=&#8220;1_3,2_3&#8243; _builder_version=&#8220;4.7.7&#8243; _module_preset=&#8220;default&#8220;][et_pb_column type=&#8220;1_3&#8243; _builder_version=&#8220;4.7.7&#8243; _module_preset=&#8220;default&#8220;][et_pb_image src=&#8220;https:\/\/joantrave.net\/wp-content\/uploads\/2022\/09\/Carl_Czerny_by_Mose\u0300_Rigotti_before_1857_-_Archivio_Storico_Ricordi_ICON010903-2.jpg&#8220; title_text=&#8220;Carl_Czerny_by_Mose\u0300_Rigotti_(before_1857)_-_Archivio_Storico_Ricordi_ICON010903-2&#8243; disabled_on=&#8220;on|on|off&#8220; _builder_version=&#8220;4.7.7&#8243; _module_preset=&#8220;default&#8220;][\/et_pb_image][\/et_pb_column][et_pb_column type=&#8220;2_3&#8243; _builder_version=&#8220;4.7.7&#8243; _module_preset=&#8220;default&#8220;][et_pb_text _builder_version=&#8220;4.7.7&#8243; _module_preset=&#8220;default&#8220; text_font_size=&#8220;21px&#8220; text_letter_spacing=&#8220;1px&#8220; text_line_height=&#8220;1.8em&#8220; custom_margin=&#8220;||-2px|||&#8220; custom_padding=&#8220;||1px|||&#8220;]<\/p>\n<p><b>Carl Czerny\u00a0\u00a0\u00a0\u00a0 &#8211;\u00a0\u00a0\u00a0\u00a0\u00a0 <\/b><span style=\"font-weight: 400;\">En els darrers mesos hem realitzat experiments amb els exemples musicals que Carl Czerny proposa al seu tractat d&#8217;interpretaci\u00f3 (op. 500). Aquesta obra \u00e9s una pe\u00e7a cabdal per a l&#8217;estudi de la interpretaci\u00f3 musical al Classicisme i al Romanticisme. Czerny fou una figura destacad\u00edssima i, com a alumne de Beethoven i professor de Liszt, transmet en la seva visi\u00f3 interpretativa les caracter\u00edstiques de la transici\u00f3 entre dues \u00e8poques. Els experiments els hem portat a terme amb un fortepiano de l&#8217;\u00e8poca.<\/span><\/p>\n<p><span style=\"font-weight: 400;\"><\/span><\/p>\n<p>[\/et_pb_text][et_pb_image src=&#8220;https:\/\/joantrave.net\/wp-content\/uploads\/2022\/09\/Carl_Czerny_by_Mose\u0300_Rigotti_before_1857_-_Archivio_Storico_Ricordi_ICON010903-2.jpg&#8220; title_text=&#8220;Carl_Czerny_by_Mose\u0300_Rigotti_(before_1857)_-_Archivio_Storico_Ricordi_ICON010903-2&#8243; disabled_on=&#8220;off|on|on&#8220; _builder_version=&#8220;4.7.7&#8243; _module_preset=&#8220;default&#8220;][\/et_pb_image][\/et_pb_column][\/et_pb_row][\/et_pb_section][et_pb_section fb_built=&#8220;1&#8243; _builder_version=&#8220;4.7.7&#8243; _module_preset=&#8220;default&#8220; custom_padding=&#8220;3px|||||&#8220;][et_pb_row _builder_version=&#8220;4.7.7&#8243; _module_preset=&#8220;default&#8220;][et_pb_column type=&#8220;4_4&#8243; _builder_version=&#8220;4.7.7&#8243; _module_preset=&#8220;default&#8220;][et_pb_text _builder_version=&#8220;4.7.7&#8243; _module_preset=&#8220;default&#8220; text_font_size=&#8220;21px&#8220; text_letter_spacing=&#8220;1px&#8220; text_line_height=&#8220;1.8em&#8220;]<\/p>\n<p><b><\/b><\/p>\n<p><b><\/b><\/p>\n<p><b><\/b><\/p>\n<p style=\"text-align: center;\">______<\/p>\n<p><b>L\u2019equip<\/b><span style=\"font-weight: 400;\">\u00a0<\/span><\/p>\n<p><b>Eul\u00e0lia Febrer<\/b><span style=\"font-weight: 400;\"> \u00e9s doctora en Popular Music per la Cardiff University, M\u00e0ster en M\u00fasica com a art interdisciplinar per la UB i Titulada Superior en Musicologia per l&#8217;ESMUC. Combina la seva feina docent i investigadora al CSIB, la Universidad Internacional de La Rioja i el Centre de la Imatge i la Tecnologia Multim\u00e8dia (UPC). Eul\u00e0lia \u00e9s actualment la coordinadora del Grup de Recerca Musicol\u00f2gica de Menorca (Institut Menorqu\u00ed d\u2019Estudis). <a href=\"https:\/\/www.researchgate.net\/profile\/Eulalia-Febrer-Coll\">https:\/\/www.researchgate.net\/profile\/Eulalia-Febrer-Coll<\/a><\/span><\/p>\n<p><span style=\"font-weight: 400;\"><\/span><\/p>\n<p><b>Andr\u00e9s Fern\u00e1ndez<\/b><span style=\"font-weight: 400;\"> \u00e9s m\u00fasic i doctorant de Machine Learning a l&#8217;Institut Max Planck de Sistemes Intel\u00b7ligents (Universitat de T\u00fcbingen). Anteriorment va treballar en el projecte \u201cAI for Sound\u201d (Universitat de Surrey). T\u00e9 una llicenciatura en inform\u00e0tica (Universitat Goethe) i \u00e9s diplomat en composici\u00f3 (HfMDK Frankfurt). <a href=\"https:\/\/aferro.dynu.net\">https:\/\/aferro.dynu.net<\/a><\/span><\/p>\n<p><span style=\"font-weight: 400;\"><\/span><\/p>\n<p><b>Joan Trav\u00e9<\/b><span style=\"font-weight: 400;\"> \u00e9s pianista, fortepianista i investigador. \u00c9s graduat amb premi especial de fi de carrera pel CSIB (professors Miquel Estelrich i Manuel Carra). T\u00e9 dos m\u00e0sters (interpretaci\u00f3 i pedagogia pian\u00edstica sota la tutela de Catherine Vickers) per la HfMDK Frankfurt. Ha cursat estudis de fortepiano amb Jesper Christensen i fisiologia de la t\u00e8cnica pian\u00edstica amb Laurent Boullet. <a href=\"https:\/\/joantrave.net\">https:\/\/joantrave.net<\/a><\/span><\/p>\n<p>&nbsp;<\/p>\n<p>[\/et_pb_text][et_pb_image src=&#8220;https:\/\/joantrave.net\/wp-content\/uploads\/2022\/09\/1024px-Fortepiano_MET_DP225542-3.jpg&#8220; title_text=&#8220;1024px-Fortepiano_MET_DP225542-3&#8243; align=&#8220;center&#8220; _builder_version=&#8220;4.7.7&#8243; _module_preset=&#8220;default&#8220; module_alignment=&#8220;center&#8220; custom_margin=&#8220;-23px|||||&#8220;][\/et_pb_image][et_pb_text _builder_version=&#8220;4.7.7&#8243; _module_preset=&#8220;default&#8220; text_font_size=&#8220;21px&#8220; text_letter_spacing=&#8220;1px&#8220; text_line_height=&#8220;1.8em&#8220; border_color_all=&#8220;#ffffff&#8220; locked=&#8220;off&#8220;]<\/p>\n<p><b><\/b><\/p>\n<p><b>Contacte<\/b><\/p>\n<p><span style=\"font-weight: 400;\">Joan Trav\u00e9<\/span><\/p>\n<p><span style=\"font-weight: 400;\"><a href=\"mailto:joan@joantrave.net\">joan@joantrave.net<\/a><\/span><\/p>\n<p><span style=\"font-weight: 400;\">Tel. +34625720609<\/span><\/p>\n<p>[\/et_pb_text][\/et_pb_column][\/et_pb_row][et_pb_row _builder_version=&#8220;4.7.7&#8243; _module_preset=&#8220;default&#8220;][et_pb_column type=&#8220;4_4&#8243; _builder_version=&#8220;4.7.7&#8243; _module_preset=&#8220;default&#8220;][et_pb_image src=&#8220;https:\/\/joantrave.net\/wp-content\/uploads\/2022\/09\/Captura-de-Pantalla-2022-09-12-a-les-12.19.49-2.png&#8220; title_text=&#8220;Captura de Pantalla 2022-09-12 a les 12.19.49&#8243; disabled_on=&#8220;off|off|on&#8220; _builder_version=&#8220;4.7.7&#8243; _module_preset=&#8220;default&#8220;][\/et_pb_image][\/et_pb_column][\/et_pb_row][et_pb_row _builder_version=&#8220;4.7.7&#8243; _module_preset=&#8220;default&#8220;][et_pb_column type=&#8220;4_4&#8243; _builder_version=&#8220;4.7.7&#8243; _module_preset=&#8220;default&#8220;][et_pb_image src=&#8220;https:\/\/joantrave.net\/wp-content\/uploads\/2022\/09\/Captura-de-Pantalla-2022-09-12-a-les-12.19.49-co\u0300pia.png&#8220; title_text=&#8220;Captura de Pantalla 2022-09-12 a les 12.19.49 co\u0300pia&#8220; disabled_on=&#8220;off|off|on&#8220; _builder_version=&#8220;4.7.7&#8243; _module_preset=&#8220;default&#8220;][\/et_pb_image][et_pb_image src=&#8220;https:\/\/joantrave.net\/wp-content\/uploads\/2022\/09\/Captura-de-Pantalla-2022-09-12-a-les-12.19.49.png&#8220; title_text=&#8220;Captura de Pantalla 2022-09-12 a les 12.19.49&#8243; disabled_on=&#8220;on|on|off&#8220; _builder_version=&#8220;4.7.7&#8243; _module_preset=&#8220;default&#8220;][\/et_pb_image][\/et_pb_column][\/et_pb_row][\/et_pb_section]<\/p>\n","protected":false},"excerpt":{"rendered":"<p>Projecte Al nostre projecte fem servir la Intel\u00b7lig\u00e8ncia Artificial aplicada a l&#8217;an\u00e0lisi d&#8217;\u00e0udio en temps real per a crear noves eines de suport per a la pr\u00e0ctica musical i aportar un nou enfocament quantitatiu per a la recerca art\u00edstica. &nbsp;Carl Czerny\u00a0\u00a0\u00a0\u00a0 &#8211;\u00a0\u00a0\u00a0\u00a0\u00a0 En els darrers mesos hem realitzat experiments amb els exemples musicals que Carl [&hellip;]<\/p>\n","protected":false},"author":2,"featured_media":0,"parent":0,"menu_order":0,"comment_status":"closed","ping_status":"closed","template":"","meta":{"_seopress_robots_primary_cat":"","_seopress_titles_title":"","_seopress_titles_desc":"","_seopress_robots_index":"","_et_pb_use_builder":"on","_et_pb_old_content":"","_et_gb_content_width":"","footnotes":""},"class_list":["post-2843","page","type-page","status-publish","hentry"],"_links":{"self":[{"href":"https:\/\/joantrave.net\/de\/wp-json\/wp\/v2\/pages\/2843","targetHints":{"allow":["GET"]}}],"collection":[{"href":"https:\/\/joantrave.net\/de\/wp-json\/wp\/v2\/pages"}],"about":[{"href":"https:\/\/joantrave.net\/de\/wp-json\/wp\/v2\/types\/page"}],"author":[{"embeddable":true,"href":"https:\/\/joantrave.net\/de\/wp-json\/wp\/v2\/users\/2"}],"replies":[{"embeddable":true,"href":"https:\/\/joantrave.net\/de\/wp-json\/wp\/v2\/comments?post=2843"}],"version-history":[{"count":36,"href":"https:\/\/joantrave.net\/de\/wp-json\/wp\/v2\/pages\/2843\/revisions"}],"predecessor-version":[{"id":3001,"href":"https:\/\/joantrave.net\/de\/wp-json\/wp\/v2\/pages\/2843\/revisions\/3001"}],"wp:attachment":[{"href":"https:\/\/joantrave.net\/de\/wp-json\/wp\/v2\/media?parent=2843"}],"curies":[{"name":"wp","href":"https:\/\/api.w.org\/{rel}","templated":true}]}}